{"id":7364,"date":"2023-05-30T03:38:48","date_gmt":"2023-05-30T08:38:48","guid":{"rendered":"http:\/\/duramax:8888\/asesor-de-lubricacion\/"},"modified":"2024-12-17T14:06:48","modified_gmt":"2024-12-17T20:06:48","slug":"asesor-de-lubricacion","status":"publish","type":"page","link":"https:\/\/duramax.com\/es\/asesor-de-lubricacion\/","title":{"rendered":"Asesor de lubricaci\u00f3n"},"content":{"rendered":"\n<div class=\"wp-block-group\"><div class=\"wp-block-group__inner-container is-layout-flow wp-block-group-is-layout-flow\">\n<div class=\"wp-block-columns cover_lube is-layout-flex wp-container-core-columns-is-layout-9d6595d7 wp-block-columns-is-layout-flex\">\n<div class=\"wp-block-column is-layout-flow wp-block-column-is-layout-flow\">\n<div class=\"wp-block-cover has-custom-content-position is-position-top-center\"><span aria-hidden=\"true\" class=\"wp-block-cover__background has-background-dim\"><\/span><img fetchpriority=\"high\" decoding=\"async\" width=\"2560\" height=\"1382\" class=\"wp-block-cover__image-background wp-image-5252\" alt=\"\" src=\"http:\/\/duramax.com\/wp-content\/uploads\/2023\/12\/Sportscar_Desktop_Background-scaled-e1688591191510.jpeg\" data-object-fit=\"cover\" srcset=\"https:\/\/duramax.com\/wp-content\/uploads\/2023\/12\/Sportscar_Desktop_Background-scaled-e1688591191510.jpeg 2560w, https:\/\/duramax.com\/wp-content\/uploads\/2023\/12\/Sportscar_Desktop_Background-scaled-e1688591191510-300x162.jpeg 300w, https:\/\/duramax.com\/wp-content\/uploads\/2023\/12\/Sportscar_Desktop_Background-scaled-e1688591191510-1024x553.jpeg 1024w, https:\/\/duramax.com\/wp-content\/uploads\/2023\/12\/Sportscar_Desktop_Background-scaled-e1688591191510-768x415.jpeg 768w, https:\/\/duramax.com\/wp-content\/uploads\/2023\/12\/Sportscar_Desktop_Background-scaled-e1688591191510-1536x829.jpeg 1536w, https:\/\/duramax.com\/wp-content\/uploads\/2023\/12\/Sportscar_Desktop_Background-scaled-e1688591191510-2048x1106.jpeg 2048w\" sizes=\"(max-width: 767px) 89vw, (max-width: 1000px) 54vw, (max-width: 1071px) 543px, 580px\" \/><div class=\"wp-block-cover__inner-container is-layout-flow wp-block-cover-is-layout-flow\">\n<div class=\"wp-block-group\"><div class=\"wp-block-group__inner-container is-layout-flow wp-block-group-is-layout-flow\">\n<h2 class=\"wp-block-heading has-text-align-center Title_home_lube maxWidth_lube_title has-white-color has-text-color\">BIENVENIDO AL ASESOR DE LUBRICANTES DURAMAX<\/h2>\n<\/div><\/div>\n\n\n\n<p class=\"has-text-align-center Paragraph_home_lube maxWidth_lube_title has-white-color has-text-color\">Para empezar a encontrar los aceites de motor y l\u00edquidos DuraMAX adecuados para tu veh\u00edculo, elige el m\u00e9todo de b\u00fasqueda que prefieras:<\/p>\n\n\n\n<div class=\"wp-block-columns is-not-stacked-on-mobile is-layout-flex wp-container-core-columns-is-layout-9d6595d7 wp-block-columns-is-layout-flex\">\n<div class=\"wp-block-column quick-selector choose is-layout-flow wp-block-column-is-layout-flow\">\n<h2 class=\"wp-block-heading has-text-align-center\"><a href=\"https:\/\/duramax.com\/es\/asesor-de-lubricacion\/selector-rapido\/\">Quick Selector<\/a><\/h2>\n<\/div>\n\n\n\n<div class=\"wp-block-column keyword-search choose is-layout-flow wp-block-column-is-layout-flow\">\n<h2 class=\"wp-block-heading has-text-align-center\"><a href=\"https:\/\/duramax.com\/es\/asesor-de-lubricacion\/busqueda-por-palabra-clave\/\">Keyword Search<\/a><\/h2>\n<\/div>\n<\/div>\n<\/div><\/div>\n<\/div>\n<\/div>\n<\/div><\/div>\n\n\n\n<p><\/p>\n\n\n<p><!-- \/wp:post-content --><\/p>\n<p><!-- wp:paragraph --><\/p>\n<p><!-- \/wp:paragraph --><\/p>","protected":false},"excerpt":{"rendered":"","protected":false},"author":8,"featured_media":0,"parent":0,"menu_order":0,"comment_status":"closed","ping_status":"closed","template":"page-lube-advisor.php","meta":{"_acf_changed":false,"footnotes":""},"class_list":["post-7364","page","type-page","status-publish","hentry"],"acf":[],"yoast_head":"<!-- This site is optimized with the Yoast SEO plugin v27.0 - https:\/\/yoast.com\/product\/yoast-seo-wordpress\/ -->\n<title>Asesor de lubricaci\u00f3n - DuraMAX<\/title>\n<meta name=\"robots\" content=\"index, nofollow, max-snippet:-1, max-image-preview:large, max-video-preview:-1\" \/>\n<link rel=\"canonical\" href=\"https:\/\/duramax.com\/es\/asesor-de-lubricacion\/\" \/>\n<meta property=\"og:locale\" content=\"es_ES\" \/>\n<meta property=\"og:type\" content=\"article\" \/>\n<meta property=\"og:title\" content=\"Asesor de lubricaci\u00f3n - DuraMAX\" \/>\n<meta property=\"og:url\" content=\"https:\/\/duramax.com\/es\/asesor-de-lubricacion\/\" \/>\n<meta property=\"og:site_name\" content=\"DuraMAX\" \/>\n<meta property=\"article:modified_time\" content=\"2024-12-17T20:06:48+00:00\" \/>\n<meta property=\"og:image\" content=\"http:\/\/duramax.com\/wp-content\/uploads\/2023\/12\/Sportscar_Desktop_Background-scaled-e1688591191510.jpeg\" \/>\n<meta name=\"twitter:card\" content=\"summary_large_image\" \/>\n<meta name=\"twitter:label1\" content=\"Tiempo de lectura\" \/>\n\t<meta name=\"twitter:data1\" content=\"1 minuto\" \/>\n<script type=\"application\/ld+json\" class=\"yoast-schema-graph\">{\"@context\":\"https:\/\/schema.org\",\"@graph\":[{\"@type\":\"WebPage\",\"@id\":\"https:\/\/duramax.com\/es\/asesor-de-lubricacion\/\",\"url\":\"https:\/\/duramax.com\/es\/asesor-de-lubricacion\/\",\"name\":\"Asesor de lubricaci\u00f3n - DuraMAX\",\"isPartOf\":{\"@id\":\"https:\/\/duramax.com\/es\/#website\"},\"primaryImageOfPage\":{\"@id\":\"https:\/\/duramax.com\/es\/asesor-de-lubricacion\/#primaryimage\"},\"image\":{\"@id\":\"https:\/\/duramax.com\/es\/asesor-de-lubricacion\/#primaryimage\"},\"thumbnailUrl\":\"http:\/\/duramax.com\/wp-content\/uploads\/2023\/12\/Sportscar_Desktop_Background-scaled-e1688591191510.jpeg\",\"datePublished\":\"2023-05-30T08:38:48+00:00\",\"dateModified\":\"2024-12-17T20:06:48+00:00\",\"breadcrumb\":{\"@id\":\"https:\/\/duramax.com\/es\/asesor-de-lubricacion\/#breadcrumb\"},\"inLanguage\":\"es\",\"potentialAction\":[{\"@type\":\"ReadAction\",\"target\":[\"https:\/\/duramax.com\/es\/asesor-de-lubricacion\/\"]}]},{\"@type\":\"ImageObject\",\"inLanguage\":\"es\",\"@id\":\"https:\/\/duramax.com\/es\/asesor-de-lubricacion\/#primaryimage\",\"url\":\"http:\/\/duramax.com\/wp-content\/uploads\/2023\/12\/Sportscar_Desktop_Background-scaled-e1688591191510.jpeg\",\"contentUrl\":\"http:\/\/duramax.com\/wp-content\/uploads\/2023\/12\/Sportscar_Desktop_Background-scaled-e1688591191510.jpeg\"},{\"@type\":\"BreadcrumbList\",\"@id\":\"https:\/\/duramax.com\/es\/asesor-de-lubricacion\/#breadcrumb\",\"itemListElement\":[{\"@type\":\"ListItem\",\"position\":1,\"name\":\"Home\",\"item\":\"https:\/\/duramax.com\/es\/duramax-hogar-v2\/\"},{\"@type\":\"ListItem\",\"position\":2,\"name\":\"Asesor de lubricaci\u00f3n\"}]},{\"@type\":\"WebSite\",\"@id\":\"https:\/\/duramax.com\/es\/#website\",\"url\":\"https:\/\/duramax.com\/es\/\",\"name\":\"DuraMAX\",\"description\":\"DuraMAX Liquid Armor Engine Warranty\",\"publisher\":{\"@id\":\"https:\/\/duramax.com\/es\/#organization\"},\"potentialAction\":[{\"@type\":\"SearchAction\",\"target\":{\"@type\":\"EntryPoint\",\"urlTemplate\":\"https:\/\/duramax.com\/es\/?s={search_term_string}\"},\"query-input\":{\"@type\":\"PropertyValueSpecification\",\"valueRequired\":true,\"valueName\":\"search_term_string\"}}],\"inLanguage\":\"es\"},{\"@type\":\"Organization\",\"@id\":\"https:\/\/duramax.com\/es\/#organization\",\"name\":\"DuraMAX\",\"url\":\"https:\/\/duramax.com\/es\/\",\"logo\":{\"@type\":\"ImageObject\",\"inLanguage\":\"es\",\"@id\":\"https:\/\/duramax.com\/es\/#\/schema\/logo\/image\/\",\"url\":\"https:\/\/duramax.com\/wp-content\/uploads\/2025\/03\/DuraMAX-logo.svg\",\"contentUrl\":\"https:\/\/duramax.com\/wp-content\/uploads\/2025\/03\/DuraMAX-logo.svg\",\"caption\":\"DuraMAX\"},\"image\":{\"@id\":\"https:\/\/duramax.com\/es\/#\/schema\/logo\/image\/\"}}]}<\/script>\n<!-- \/ Yoast SEO plugin. -->","yoast_head_json":{"title":"Asesor de lubricaci\u00f3n - DuraMAX","robots":{"index":"index","follow":"nofollow","max-snippet":"max-snippet:-1","max-image-preview":"max-image-preview:large","max-video-preview":"max-video-preview:-1"},"canonical":"https:\/\/duramax.com\/es\/asesor-de-lubricacion\/","og_locale":"es_ES","og_type":"article","og_title":"Asesor de lubricaci\u00f3n - DuraMAX","og_url":"https:\/\/duramax.com\/es\/asesor-de-lubricacion\/","og_site_name":"DuraMAX","article_modified_time":"2024-12-17T20:06:48+00:00","og_image":[{"url":"http:\/\/duramax.com\/wp-content\/uploads\/2023\/12\/Sportscar_Desktop_Background-scaled-e1688591191510.jpeg","type":"","width":"","height":""}],"twitter_card":"summary_large_image","twitter_misc":{"Tiempo de lectura":"1 minuto"},"schema":{"@context":"https:\/\/schema.org","@graph":[{"@type":"WebPage","@id":"https:\/\/duramax.com\/es\/asesor-de-lubricacion\/","url":"https:\/\/duramax.com\/es\/asesor-de-lubricacion\/","name":"Asesor de lubricaci\u00f3n - DuraMAX","isPartOf":{"@id":"https:\/\/duramax.com\/es\/#website"},"primaryImageOfPage":{"@id":"https:\/\/duramax.com\/es\/asesor-de-lubricacion\/#primaryimage"},"image":{"@id":"https:\/\/duramax.com\/es\/asesor-de-lubricacion\/#primaryimage"},"thumbnailUrl":"http:\/\/duramax.com\/wp-content\/uploads\/2023\/12\/Sportscar_Desktop_Background-scaled-e1688591191510.jpeg","datePublished":"2023-05-30T08:38:48+00:00","dateModified":"2024-12-17T20:06:48+00:00","breadcrumb":{"@id":"https:\/\/duramax.com\/es\/asesor-de-lubricacion\/#breadcrumb"},"inLanguage":"es","potentialAction":[{"@type":"ReadAction","target":["https:\/\/duramax.com\/es\/asesor-de-lubricacion\/"]}]},{"@type":"ImageObject","inLanguage":"es","@id":"https:\/\/duramax.com\/es\/asesor-de-lubricacion\/#primaryimage","url":"http:\/\/duramax.com\/wp-content\/uploads\/2023\/12\/Sportscar_Desktop_Background-scaled-e1688591191510.jpeg","contentUrl":"http:\/\/duramax.com\/wp-content\/uploads\/2023\/12\/Sportscar_Desktop_Background-scaled-e1688591191510.jpeg"},{"@type":"BreadcrumbList","@id":"https:\/\/duramax.com\/es\/asesor-de-lubricacion\/#breadcrumb","itemListElement":[{"@type":"ListItem","position":1,"name":"Home","item":"https:\/\/duramax.com\/es\/duramax-hogar-v2\/"},{"@type":"ListItem","position":2,"name":"Asesor de lubricaci\u00f3n"}]},{"@type":"WebSite","@id":"https:\/\/duramax.com\/es\/#website","url":"https:\/\/duramax.com\/es\/","name":"DuraMAX","description":"DuraMAX Liquid Armor Engine Warranty","publisher":{"@id":"https:\/\/duramax.com\/es\/#organization"},"potentialAction":[{"@type":"SearchAction","target":{"@type":"EntryPoint","urlTemplate":"https:\/\/duramax.com\/es\/?s={search_term_string}"},"query-input":{"@type":"PropertyValueSpecification","valueRequired":true,"valueName":"search_term_string"}}],"inLanguage":"es"},{"@type":"Organization","@id":"https:\/\/duramax.com\/es\/#organization","name":"DuraMAX","url":"https:\/\/duramax.com\/es\/","logo":{"@type":"ImageObject","inLanguage":"es","@id":"https:\/\/duramax.com\/es\/#\/schema\/logo\/image\/","url":"https:\/\/duramax.com\/wp-content\/uploads\/2025\/03\/DuraMAX-logo.svg","contentUrl":"https:\/\/duramax.com\/wp-content\/uploads\/2025\/03\/DuraMAX-logo.svg","caption":"DuraMAX"},"image":{"@id":"https:\/\/duramax.com\/es\/#\/schema\/logo\/image\/"}}]}},"_links":{"self":[{"href":"https:\/\/duramax.com\/es\/wp-json\/wp\/v2\/pages\/7364","targetHints":{"allow":["GET"]}}],"collection":[{"href":"https:\/\/duramax.com\/es\/wp-json\/wp\/v2\/pages"}],"about":[{"href":"https:\/\/duramax.com\/es\/wp-json\/wp\/v2\/types\/page"}],"author":[{"embeddable":true,"href":"https:\/\/duramax.com\/es\/wp-json\/wp\/v2\/users\/8"}],"replies":[{"embeddable":true,"href":"https:\/\/duramax.com\/es\/wp-json\/wp\/v2\/comments?post=7364"}],"version-history":[{"count":8,"href":"https:\/\/duramax.com\/es\/wp-json\/wp\/v2\/pages\/7364\/revisions"}],"predecessor-version":[{"id":8555,"href":"https:\/\/duramax.com\/es\/wp-json\/wp\/v2\/pages\/7364\/revisions\/8555"}],"wp:attachment":[{"href":"https:\/\/duramax.com\/es\/wp-json\/wp\/v2\/media?parent=7364"}],"curies":[{"name":"wp","href":"https:\/\/api.w.org\/{rel}","templated":true}]}}