{"id":7369,"date":"2023-07-31T21:29:04","date_gmt":"2023-08-01T02:29:04","guid":{"rendered":"http:\/\/duramax:8888\/videoteca\/"},"modified":"2024-11-13T16:40:35","modified_gmt":"2024-11-13T22:40:35","slug":"videoteca","status":"publish","type":"page","link":"https:\/\/duramax.com\/es\/videoteca\/","title":{"rendered":"Videoteca"},"content":{"rendered":"\n<div class=\"wp-block-columns is-layout-flex wp-container-core-columns-is-layout-9d6595d7 wp-block-columns-is-layout-flex\">\n<div class=\"wp-block-column is-layout-flow wp-block-column-is-layout-flow\">\n<div style=\"padding:56.25% 0 0 0;position:relative;\"><iframe src=\"https:\/\/player.vimeo.com\/video\/846268858?h=494c9fd402\" style=\"position:absolute;top:0;left:0;width:100%;height:100%;\" frameborder=\"0\" allow=\"autoplay; fullscreen; picture-in-picture\" allowfullscreen=\"\"><\/iframe><\/div><script src=\"https:\/\/player.vimeo.com\/api\/player.js\"><\/script>\n\n\n<h2 class=\"wp-block-heading\">Aceite de motor totalmente sint\u00e9tico DuraMAX<\/h2>\n\n\n\n<p>Protecci\u00f3n del motor para maximizar el rendimiento y la potencia<\/p>\n\n\n\n<p>Los aceites de motor completamente sint\u00e9ticos DuraMAX ofrecen un rendimiento excelente para los coches, todoterrenos, camiones ligeros y furgonetas de gasolina actuales.<\/p>\n<\/div>\n\n\n\n<div class=\"wp-block-column is-layout-flow wp-block-column-is-layout-flow\">\n<div style=\"padding:56.25% 0 0 0;position:relative;\"><iframe src=\"https:\/\/player.vimeo.com\/video\/846269875?h=c13c20ae16\" style=\"position:absolute;top:0;left:0;width:100%;height:100%;\" frameborder=\"0\" allow=\"autoplay; fullscreen; picture-in-picture\" allowfullscreen=\"\"><\/iframe><\/div><script src=\"https:\/\/player.vimeo.com\/api\/player.js\"><\/script>\n\n\n<h2 class=\"wp-block-heading\">Aceite de motor DuraMAX Full Synthetic XLT Euro<\/h2>\n\n\n\n<p>Tecnolog\u00eda de lubricaci\u00f3n extrema para veh\u00edculos europeos<\/p>\n\n\n\n<p>Los aceites de motor sint\u00e9ticos DuraMAX XLT Euro Advanced ofrecen un rendimiento avanzado para los actuales motores europeos de gasolina de turismos, todoterrenos, camiones ligeros y furgonetas.<\/p>\n<\/div>\n<\/div>\n\n<div class=\"wp-block-columns is-layout-flex wp-container-core-columns-is-layout-9d6595d7 wp-block-columns-is-layout-flex\">\n<div class=\"wp-block-column is-layout-flow wp-block-column-is-layout-flow\">\n<div style=\"padding:56.25% 0 0 0;position:relative;\"><iframe src=\"https:\/\/player.vimeo.com\/video\/846271914?h=5e8ba8ef24\" style=\"position:absolute;top:0;left:0;width:100%;height:100%;\" frameborder=\"0\" allow=\"autoplay; fullscreen; picture-in-picture\" allowfullscreen=\"\"><\/iframe><\/div><script src=\"https:\/\/player.vimeo.com\/api\/player.js\"><\/script>\n\n\n<h2 class=\"wp-block-heading\">Aceite de motor mezcla sint\u00e9tica DuraMAX<\/h2>\n\n\n\n<p>Protecci\u00f3n avanzada para la conducci\u00f3n actual<\/p>\n\n\n\n<p>Los aceites de motor de mezcla sint\u00e9tica DuraMAX ofrecen un rendimiento excelente para los coches, todoterrenos, camiones ligeros y furgonetas de gasolina actuales.<\/p>\n<\/div>\n\n\n\n<div class=\"wp-block-column is-layout-flow wp-block-column-is-layout-flow\">\n<div style=\"padding:56.25% 0 0 0;position:relative;\"><iframe src=\"https:\/\/player.vimeo.com\/video\/846270571?h=a6850b9f5d\" style=\"position:absolute;top:0;left:0;width:100%;height:100%;\" frameborder=\"0\" allow=\"autoplay; fullscreen; picture-in-picture\" allowfullscreen=\"\"><\/iframe><\/div><script src=\"https:\/\/player.vimeo.com\/api\/player.js\"><\/script>\n\n\n<h2 class=\"wp-block-heading\">Aceite de motor DuraMAX Full Synthetic XLT<\/h2>\n\n\n\n<p>Protecci\u00f3n superior del motor en cualquier condici\u00f3n<\/p>\n\n\n\n<p>Los aceites de motor sint\u00e9ticos avanzados DuraMAX XLT ofrecen un rendimiento avanzado para los motores de gasolina actuales de coches, todoterrenos, camiones ligeros y furgonetas.<\/p>\n<\/div>\n<\/div>\n\n<div class=\"wp-block-columns is-layout-flex wp-container-core-columns-is-layout-9d6595d7 wp-block-columns-is-layout-flex\">\n<div class=\"wp-block-column is-layout-flow wp-block-column-is-layout-flow\">\n<div style=\"padding:56.25% 0 0 0;position:relative;\"><iframe src=\"https:\/\/player.vimeo.com\/video\/846271370?h=71388d30f9\" style=\"position:absolute;top:0;left:0;width:100%;height:100%;\" frameborder=\"0\" allow=\"autoplay; fullscreen; picture-in-picture\" allowfullscreen=\"\"><\/iframe><\/div><script src=\"https:\/\/player.vimeo.com\/api\/player.js\"><\/script>\n\n\n<h2 class=\"wp-block-heading\">Aceite de motor DuraMAX mezcla sint\u00e9tica alto kilometraje<\/h2>\n<\/div>\n\n\n\n<div class=\"wp-block-column is-layout-flow wp-block-column-is-layout-flow\"><\/div>\n<\/div>\n\n<p><\/p>\n","protected":false},"excerpt":{"rendered":"<p>Aceite de motor totalmente sint\u00e9tico DuraMAX Protecci\u00f3n del motor para maximizar el rendimiento y la potencia Los aceites de motor completamente sint\u00e9ticos DuraMAX ofrecen un rendimiento excelente para los coches, todoterrenos, camiones ligeros y furgonetas de gasolina actuales. Aceite de motor DuraMAX Full Synthetic XLT Euro Tecnolog\u00eda de lubricaci\u00f3n extrema para veh\u00edculos europeos Los aceites &hellip; <\/p>\n<p class=\"link-more\"><a href=\"https:\/\/duramax.com\/es\/videoteca\/\" class=\"more-link\">Continue reading<span class=\"screen-reader-text\"> &#8220;Videoteca&#8221;<\/span><\/a><\/p>\n","protected":false},"author":3,"featured_media":0,"parent":0,"menu_order":0,"comment_status":"closed","ping_status":"closed","template":"page-video-library.php","meta":{"_acf_changed":false,"footnotes":""},"class_list":["post-7369","page","type-page","status-publish","hentry"],"acf":[],"yoast_head":"<!-- This site is optimized with the Yoast SEO plugin v27.0 - https:\/\/yoast.com\/product\/yoast-seo-wordpress\/ -->\n<title>Videoteca - DuraMAX<\/title>\n<meta name=\"robots\" content=\"index, follow, max-snippet:-1, max-image-preview:large, max-video-preview:-1\" \/>\n<link rel=\"canonical\" href=\"https:\/\/duramax.com\/es\/videoteca\/\" \/>\n<meta property=\"og:locale\" content=\"es_ES\" \/>\n<meta property=\"og:type\" content=\"article\" \/>\n<meta property=\"og:title\" content=\"Videoteca - DuraMAX\" \/>\n<meta property=\"og:description\" content=\"Aceite de motor totalmente sint\u00e9tico DuraMAX Protecci\u00f3n del motor para maximizar el rendimiento y la potencia Los aceites de motor completamente sint\u00e9ticos DuraMAX ofrecen un rendimiento excelente para los coches, todoterrenos, camiones ligeros y furgonetas de gasolina actuales. Aceite de motor DuraMAX Full Synthetic XLT Euro Tecnolog\u00eda de lubricaci\u00f3n extrema para veh\u00edculos europeos Los aceites &hellip; Continue reading &quot;Videoteca&quot;\" \/>\n<meta property=\"og:url\" content=\"https:\/\/duramax.com\/es\/videoteca\/\" \/>\n<meta property=\"og:site_name\" content=\"DuraMAX\" \/>\n<meta property=\"article:modified_time\" content=\"2024-11-13T22:40:35+00:00\" \/>\n<meta name=\"twitter:card\" content=\"summary_large_image\" \/>\n<meta name=\"twitter:label1\" content=\"Tiempo de lectura\" \/>\n\t<meta name=\"twitter:data1\" content=\"1 minuto\" \/>\n<script type=\"application\/ld+json\" class=\"yoast-schema-graph\">{\"@context\":\"https:\/\/schema.org\",\"@graph\":[{\"@type\":\"WebPage\",\"@id\":\"https:\/\/duramax.com\/es\/videoteca\/\",\"url\":\"https:\/\/duramax.com\/es\/videoteca\/\",\"name\":\"Videoteca - DuraMAX\",\"isPartOf\":{\"@id\":\"https:\/\/duramax.com\/es\/#website\"},\"datePublished\":\"2023-08-01T02:29:04+00:00\",\"dateModified\":\"2024-11-13T22:40:35+00:00\",\"breadcrumb\":{\"@id\":\"https:\/\/duramax.com\/es\/videoteca\/#breadcrumb\"},\"inLanguage\":\"es\",\"potentialAction\":[{\"@type\":\"ReadAction\",\"target\":[\"https:\/\/duramax.com\/es\/videoteca\/\"]}]},{\"@type\":\"BreadcrumbList\",\"@id\":\"https:\/\/duramax.com\/es\/videoteca\/#breadcrumb\",\"itemListElement\":[{\"@type\":\"ListItem\",\"position\":1,\"name\":\"Home\",\"item\":\"https:\/\/duramax.com\/es\/duramax-hogar-v2\/\"},{\"@type\":\"ListItem\",\"position\":2,\"name\":\"Videoteca\"}]},{\"@type\":\"WebSite\",\"@id\":\"https:\/\/duramax.com\/es\/#website\",\"url\":\"https:\/\/duramax.com\/es\/\",\"name\":\"DuraMAX\",\"description\":\"DuraMAX Liquid Armor Engine Warranty\",\"publisher\":{\"@id\":\"https:\/\/duramax.com\/es\/#organization\"},\"potentialAction\":[{\"@type\":\"SearchAction\",\"target\":{\"@type\":\"EntryPoint\",\"urlTemplate\":\"https:\/\/duramax.com\/es\/?s={search_term_string}\"},\"query-input\":{\"@type\":\"PropertyValueSpecification\",\"valueRequired\":true,\"valueName\":\"search_term_string\"}}],\"inLanguage\":\"es\"},{\"@type\":\"Organization\",\"@id\":\"https:\/\/duramax.com\/es\/#organization\",\"name\":\"DuraMAX\",\"url\":\"https:\/\/duramax.com\/es\/\",\"logo\":{\"@type\":\"ImageObject\",\"inLanguage\":\"es\",\"@id\":\"https:\/\/duramax.com\/es\/#\/schema\/logo\/image\/\",\"url\":\"https:\/\/duramax.com\/wp-content\/uploads\/2025\/03\/DuraMAX-logo.svg\",\"contentUrl\":\"https:\/\/duramax.com\/wp-content\/uploads\/2025\/03\/DuraMAX-logo.svg\",\"caption\":\"DuraMAX\"},\"image\":{\"@id\":\"https:\/\/duramax.com\/es\/#\/schema\/logo\/image\/\"}}]}<\/script>\n<!-- \/ Yoast SEO plugin. -->","yoast_head_json":{"title":"Videoteca - DuraMAX","robots":{"index":"index","follow":"follow","max-snippet":"max-snippet:-1","max-image-preview":"max-image-preview:large","max-video-preview":"max-video-preview:-1"},"canonical":"https:\/\/duramax.com\/es\/videoteca\/","og_locale":"es_ES","og_type":"article","og_title":"Videoteca - DuraMAX","og_description":"Aceite de motor totalmente sint\u00e9tico DuraMAX Protecci\u00f3n del motor para maximizar el rendimiento y la potencia Los aceites de motor completamente sint\u00e9ticos DuraMAX ofrecen un rendimiento excelente para los coches, todoterrenos, camiones ligeros y furgonetas de gasolina actuales. Aceite de motor DuraMAX Full Synthetic XLT Euro Tecnolog\u00eda de lubricaci\u00f3n extrema para veh\u00edculos europeos Los aceites &hellip; Continue reading \"Videoteca\"","og_url":"https:\/\/duramax.com\/es\/videoteca\/","og_site_name":"DuraMAX","article_modified_time":"2024-11-13T22:40:35+00:00","twitter_card":"summary_large_image","twitter_misc":{"Tiempo de lectura":"1 minuto"},"schema":{"@context":"https:\/\/schema.org","@graph":[{"@type":"WebPage","@id":"https:\/\/duramax.com\/es\/videoteca\/","url":"https:\/\/duramax.com\/es\/videoteca\/","name":"Videoteca - DuraMAX","isPartOf":{"@id":"https:\/\/duramax.com\/es\/#website"},"datePublished":"2023-08-01T02:29:04+00:00","dateModified":"2024-11-13T22:40:35+00:00","breadcrumb":{"@id":"https:\/\/duramax.com\/es\/videoteca\/#breadcrumb"},"inLanguage":"es","potentialAction":[{"@type":"ReadAction","target":["https:\/\/duramax.com\/es\/videoteca\/"]}]},{"@type":"BreadcrumbList","@id":"https:\/\/duramax.com\/es\/videoteca\/#breadcrumb","itemListElement":[{"@type":"ListItem","position":1,"name":"Home","item":"https:\/\/duramax.com\/es\/duramax-hogar-v2\/"},{"@type":"ListItem","position":2,"name":"Videoteca"}]},{"@type":"WebSite","@id":"https:\/\/duramax.com\/es\/#website","url":"https:\/\/duramax.com\/es\/","name":"DuraMAX","description":"DuraMAX Liquid Armor Engine Warranty","publisher":{"@id":"https:\/\/duramax.com\/es\/#organization"},"potentialAction":[{"@type":"SearchAction","target":{"@type":"EntryPoint","urlTemplate":"https:\/\/duramax.com\/es\/?s={search_term_string}"},"query-input":{"@type":"PropertyValueSpecification","valueRequired":true,"valueName":"search_term_string"}}],"inLanguage":"es"},{"@type":"Organization","@id":"https:\/\/duramax.com\/es\/#organization","name":"DuraMAX","url":"https:\/\/duramax.com\/es\/","logo":{"@type":"ImageObject","inLanguage":"es","@id":"https:\/\/duramax.com\/es\/#\/schema\/logo\/image\/","url":"https:\/\/duramax.com\/wp-content\/uploads\/2025\/03\/DuraMAX-logo.svg","contentUrl":"https:\/\/duramax.com\/wp-content\/uploads\/2025\/03\/DuraMAX-logo.svg","caption":"DuraMAX"},"image":{"@id":"https:\/\/duramax.com\/es\/#\/schema\/logo\/image\/"}}]}},"_links":{"self":[{"href":"https:\/\/duramax.com\/es\/wp-json\/wp\/v2\/pages\/7369","targetHints":{"allow":["GET"]}}],"collection":[{"href":"https:\/\/duramax.com\/es\/wp-json\/wp\/v2\/pages"}],"about":[{"href":"https:\/\/duramax.com\/es\/wp-json\/wp\/v2\/types\/page"}],"author":[{"embeddable":true,"href":"https:\/\/duramax.com\/es\/wp-json\/wp\/v2\/users\/3"}],"replies":[{"embeddable":true,"href":"https:\/\/duramax.com\/es\/wp-json\/wp\/v2\/comments?post=7369"}],"version-history":[{"count":0,"href":"https:\/\/duramax.com\/es\/wp-json\/wp\/v2\/pages\/7369\/revisions"}],"wp:attachment":[{"href":"https:\/\/duramax.com\/es\/wp-json\/wp\/v2\/media?parent=7369"}],"curies":[{"name":"wp","href":"https:\/\/api.w.org\/{rel}","templated":true}]}}