{"id":7377,"date":"2023-05-30T03:45:37","date_gmt":"2023-05-30T08:45:37","guid":{"rendered":"http:\/\/duramax:8888\/asesor-de-lubricacion\/selector-rapido\/"},"modified":"2024-11-13T16:40:14","modified_gmt":"2024-11-13T22:40:14","slug":"selector-rapido","status":"publish","type":"page","link":"https:\/\/duramax.com\/es\/asesor-de-lubricacion\/selector-rapido\/","title":{"rendered":"Selector r\u00e1pido"},"content":{"rendered":"\n<div style=\"height:40px\" aria-hidden=\"true\" class=\"wp-block-spacer\"><\/div>\n\n<div class=\"lube-advisor-wrap\">\n  <div class=\"flex-wrap\">\n    <div class=\"qs-vehicle_type\">\n      <ul><li class=\"passenger\">\n          <a href=\"\/quick-selector\/search\/?family=cars\">\n            <i><\/i>\n            <h5>Turismos<\/h5>\n          <\/a>\n        <\/li>\n        <li class=\"suv\">\n          <a href=\"\/quick-selector\/search\/?family=suvs_minivans\">\n            <i><\/i>\n            <h5>SUVs Y MINIVANES<\/h5>\n          <\/a>\n        <\/li>\n        <li class=\"pickup\">\n          <a href=\"\/quick-selector\/search\/?family=pickup_trucks\">\n            <i><\/i>\n            <h5>camionetas<\/h5>\n          <\/a>\n        <\/li>\n        <li class=\"vans\">\n          <a href=\"\/quick-selector\/search\/?family=vans\">\n            <i><\/i>\n            <h5>Camiones ligeros<\/h5>\n          <\/a>\n        <\/li>\n      <\/ul><\/div>\n    <div class=\"qs-selections la-selections\">\n      <div class=\"title\">\n        <span><i><\/i><i><\/i><i><\/i><\/span>\n        <h4>Selector r\u00e1pido<\/h4>\n        <span><i><\/i><i><\/i><i><\/i><\/span>\n      <\/div>\n      <div class=\"wrap\">\n        <span class=\"no_data_mobile\"><\/span>\n        <div class=\"content\">\n          <h5>Tus selecciones:<\/h5>\n          <span class=\"no_data\"><\/span>\n          <p>  Para empezar, selecciona el tipo de veh\u00edculo sobre el que est\u00e1s preguntando.  <\/p>\n        <\/div>\n        <div class=\"actions-wrap\">\n          <div class=\"actions disabled\">\n            <a href=\"#\" class=\"print dm-button\"><\/a>\n            <a href=\"#\" class=\"email dm-button\"><\/a>\n          <\/div>\n          <div class=\"action disabled\">\n            <a href=\"#\" class=\"start_over dm-button\"><\/a>\n          <\/div>\n        <\/div>\n      <\/div>\n    <\/div>\n  <\/div>\n<\/div>\n\n<p><\/p>\n\n<p><\/p>\n<p><!-- \/wp:post-content --><\/div>\n<p><!-- \/wp:group --><\/p>\n","protected":false},"excerpt":{"rendered":"<p>Turismos SUVs Y MINIVANES camionetas Camiones ligeros Selector r\u00e1pido Tus selecciones: Para empezar, selecciona el tipo de veh\u00edculo sobre el que est\u00e1s preguntando.<\/p>\n","protected":false},"author":8,"featured_media":0,"parent":7364,"menu_order":0,"comment_status":"closed","ping_status":"closed","template":"page-lube-advisor.php","meta":{"_acf_changed":false,"footnotes":""},"class_list":["post-7377","page","type-page","status-publish","hentry"],"acf":[],"yoast_head":"<!-- This site is optimized with the Yoast SEO plugin v27.0 - https:\/\/yoast.com\/product\/yoast-seo-wordpress\/ -->\n<title>Selector r\u00e1pido - DuraMAX<\/title>\n<meta name=\"robots\" content=\"index, nofollow, max-snippet:-1, max-image-preview:large, max-video-preview:-1\" \/>\n<link rel=\"canonical\" href=\"https:\/\/duramax.com\/es\/asesor-de-lubricacion\/selector-rapido\/\" \/>\n<meta property=\"og:locale\" content=\"es_ES\" \/>\n<meta property=\"og:type\" content=\"article\" \/>\n<meta property=\"og:title\" content=\"Selector r\u00e1pido - DuraMAX\" \/>\n<meta property=\"og:description\" content=\"Turismos SUVs Y MINIVANES camionetas Camiones ligeros Selector r\u00e1pido Tus selecciones: Para empezar, selecciona el tipo de veh\u00edculo sobre el que est\u00e1s preguntando.\" \/>\n<meta property=\"og:url\" content=\"https:\/\/duramax.com\/es\/asesor-de-lubricacion\/selector-rapido\/\" \/>\n<meta property=\"og:site_name\" content=\"DuraMAX\" \/>\n<meta property=\"article:modified_time\" content=\"2024-11-13T22:40:14+00:00\" \/>\n<meta name=\"twitter:card\" content=\"summary_large_image\" \/>\n<script type=\"application\/ld+json\" class=\"yoast-schema-graph\">{\"@context\":\"https:\/\/schema.org\",\"@graph\":[{\"@type\":\"WebPage\",\"@id\":\"https:\/\/duramax.com\/es\/asesor-de-lubricacion\/selector-rapido\/\",\"url\":\"https:\/\/duramax.com\/es\/asesor-de-lubricacion\/selector-rapido\/\",\"name\":\"Selector r\u00e1pido - DuraMAX\",\"isPartOf\":{\"@id\":\"https:\/\/duramax.com\/es\/#website\"},\"datePublished\":\"2023-05-30T08:45:37+00:00\",\"dateModified\":\"2024-11-13T22:40:14+00:00\",\"breadcrumb\":{\"@id\":\"https:\/\/duramax.com\/es\/asesor-de-lubricacion\/selector-rapido\/#breadcrumb\"},\"inLanguage\":\"es\",\"potentialAction\":[{\"@type\":\"ReadAction\",\"target\":[\"https:\/\/duramax.com\/es\/asesor-de-lubricacion\/selector-rapido\/\"]}]},{\"@type\":\"BreadcrumbList\",\"@id\":\"https:\/\/duramax.com\/es\/asesor-de-lubricacion\/selector-rapido\/#breadcrumb\",\"itemListElement\":[{\"@type\":\"ListItem\",\"position\":1,\"name\":\"Home\",\"item\":\"https:\/\/duramax.com\/es\/duramax-hogar-v2\/\"},{\"@type\":\"ListItem\",\"position\":2,\"name\":\"Asesor de lubricaci\u00f3n\",\"item\":\"https:\/\/duramax.com\/es\/lube-advisor\/\"},{\"@type\":\"ListItem\",\"position\":3,\"name\":\"Selector r\u00e1pido\"}]},{\"@type\":\"WebSite\",\"@id\":\"https:\/\/duramax.com\/es\/#website\",\"url\":\"https:\/\/duramax.com\/es\/\",\"name\":\"DuraMAX\",\"description\":\"DuraMAX Liquid Armor Engine Warranty\",\"publisher\":{\"@id\":\"https:\/\/duramax.com\/es\/#organization\"},\"potentialAction\":[{\"@type\":\"SearchAction\",\"target\":{\"@type\":\"EntryPoint\",\"urlTemplate\":\"https:\/\/duramax.com\/es\/?s={search_term_string}\"},\"query-input\":{\"@type\":\"PropertyValueSpecification\",\"valueRequired\":true,\"valueName\":\"search_term_string\"}}],\"inLanguage\":\"es\"},{\"@type\":\"Organization\",\"@id\":\"https:\/\/duramax.com\/es\/#organization\",\"name\":\"DuraMAX\",\"url\":\"https:\/\/duramax.com\/es\/\",\"logo\":{\"@type\":\"ImageObject\",\"inLanguage\":\"es\",\"@id\":\"https:\/\/duramax.com\/es\/#\/schema\/logo\/image\/\",\"url\":\"https:\/\/duramax.com\/wp-content\/uploads\/2025\/03\/DuraMAX-logo.svg\",\"contentUrl\":\"https:\/\/duramax.com\/wp-content\/uploads\/2025\/03\/DuraMAX-logo.svg\",\"caption\":\"DuraMAX\"},\"image\":{\"@id\":\"https:\/\/duramax.com\/es\/#\/schema\/logo\/image\/\"}}]}<\/script>\n<!-- \/ Yoast SEO plugin. -->","yoast_head_json":{"title":"Selector r\u00e1pido - DuraMAX","robots":{"index":"index","follow":"nofollow","max-snippet":"max-snippet:-1","max-image-preview":"max-image-preview:large","max-video-preview":"max-video-preview:-1"},"canonical":"https:\/\/duramax.com\/es\/asesor-de-lubricacion\/selector-rapido\/","og_locale":"es_ES","og_type":"article","og_title":"Selector r\u00e1pido - DuraMAX","og_description":"Turismos SUVs Y MINIVANES camionetas Camiones ligeros Selector r\u00e1pido Tus selecciones: Para empezar, selecciona el tipo de veh\u00edculo sobre el que est\u00e1s preguntando.","og_url":"https:\/\/duramax.com\/es\/asesor-de-lubricacion\/selector-rapido\/","og_site_name":"DuraMAX","article_modified_time":"2024-11-13T22:40:14+00:00","twitter_card":"summary_large_image","schema":{"@context":"https:\/\/schema.org","@graph":[{"@type":"WebPage","@id":"https:\/\/duramax.com\/es\/asesor-de-lubricacion\/selector-rapido\/","url":"https:\/\/duramax.com\/es\/asesor-de-lubricacion\/selector-rapido\/","name":"Selector r\u00e1pido - DuraMAX","isPartOf":{"@id":"https:\/\/duramax.com\/es\/#website"},"datePublished":"2023-05-30T08:45:37+00:00","dateModified":"2024-11-13T22:40:14+00:00","breadcrumb":{"@id":"https:\/\/duramax.com\/es\/asesor-de-lubricacion\/selector-rapido\/#breadcrumb"},"inLanguage":"es","potentialAction":[{"@type":"ReadAction","target":["https:\/\/duramax.com\/es\/asesor-de-lubricacion\/selector-rapido\/"]}]},{"@type":"BreadcrumbList","@id":"https:\/\/duramax.com\/es\/asesor-de-lubricacion\/selector-rapido\/#breadcrumb","itemListElement":[{"@type":"ListItem","position":1,"name":"Home","item":"https:\/\/duramax.com\/es\/duramax-hogar-v2\/"},{"@type":"ListItem","position":2,"name":"Asesor de lubricaci\u00f3n","item":"https:\/\/duramax.com\/es\/lube-advisor\/"},{"@type":"ListItem","position":3,"name":"Selector r\u00e1pido"}]},{"@type":"WebSite","@id":"https:\/\/duramax.com\/es\/#website","url":"https:\/\/duramax.com\/es\/","name":"DuraMAX","description":"DuraMAX Liquid Armor Engine Warranty","publisher":{"@id":"https:\/\/duramax.com\/es\/#organization"},"potentialAction":[{"@type":"SearchAction","target":{"@type":"EntryPoint","urlTemplate":"https:\/\/duramax.com\/es\/?s={search_term_string}"},"query-input":{"@type":"PropertyValueSpecification","valueRequired":true,"valueName":"search_term_string"}}],"inLanguage":"es"},{"@type":"Organization","@id":"https:\/\/duramax.com\/es\/#organization","name":"DuraMAX","url":"https:\/\/duramax.com\/es\/","logo":{"@type":"ImageObject","inLanguage":"es","@id":"https:\/\/duramax.com\/es\/#\/schema\/logo\/image\/","url":"https:\/\/duramax.com\/wp-content\/uploads\/2025\/03\/DuraMAX-logo.svg","contentUrl":"https:\/\/duramax.com\/wp-content\/uploads\/2025\/03\/DuraMAX-logo.svg","caption":"DuraMAX"},"image":{"@id":"https:\/\/duramax.com\/es\/#\/schema\/logo\/image\/"}}]}},"_links":{"self":[{"href":"https:\/\/duramax.com\/es\/wp-json\/wp\/v2\/pages\/7377","targetHints":{"allow":["GET"]}}],"collection":[{"href":"https:\/\/duramax.com\/es\/wp-json\/wp\/v2\/pages"}],"about":[{"href":"https:\/\/duramax.com\/es\/wp-json\/wp\/v2\/types\/page"}],"author":[{"embeddable":true,"href":"https:\/\/duramax.com\/es\/wp-json\/wp\/v2\/users\/8"}],"replies":[{"embeddable":true,"href":"https:\/\/duramax.com\/es\/wp-json\/wp\/v2\/comments?post=7377"}],"version-history":[{"count":0,"href":"https:\/\/duramax.com\/es\/wp-json\/wp\/v2\/pages\/7377\/revisions"}],"up":[{"embeddable":true,"href":"https:\/\/duramax.com\/es\/wp-json\/wp\/v2\/pages\/7364"}],"wp:attachment":[{"href":"https:\/\/duramax.com\/es\/wp-json\/wp\/v2\/media?parent=7377"}],"curies":[{"name":"wp","href":"https:\/\/api.w.org\/{rel}","templated":true}]}}