{"id":7396,"date":"2017-01-11T02:17:29","date_gmt":"2017-01-11T08:17:29","guid":{"rendered":"http:\/\/duramax:8888\/politica-de-privacidad\/"},"modified":"2024-11-13T16:40:35","modified_gmt":"2024-11-13T22:40:35","slug":"politica-de-privacidad","status":"publish","type":"page","link":"https:\/\/duramax.com\/es\/politica-de-privacidad\/","title":{"rendered":"Pol\u00edtica de privacidad"},"content":{"rendered":"<div class=\"contentColumn wysiwyg\">\n<div class=\"content\">\n<h2>DuraMAX Powered by RelaDyne Pol\u00edtica de privacidad<\/h2>\n<p><em>Actualizado el 12 de enero de 2024<\/em> RelaDyne y sus filiales se comprometen a proteger tu privacidad.<br \/>\nEsta declaraci\u00f3n explica las medidas que tomamos para proteger los datos personales recogidos en nuestros sitios Web.<br \/>\nDescribe qu\u00e9 categor\u00edas de datos personales recopilamos, los fines para los que utilizamos esos datos, tus opciones respecto al uso de tus datos personales, nuestras medidas de seguridad y c\u00f3mo puedes revisar y corregir los datos sobre ti.<br \/>\nAl acceder a nuestros sitios web, aceptas las pr\u00e1cticas de recopilaci\u00f3n y uso de datos descritas en esta declaraci\u00f3n de privacidad. <strong>Recogida de datos<\/strong> Datos recogidos directamente de los visitantes.<br \/>\nEn la mayor\u00eda de los casos, puedes visitar nuestros sitios web sin proporcionar ning\u00fan dato personal.<br \/>\nSin embargo, en algunas p\u00e1ginas, podemos pedirte datos personales para prestarte un servicio o realizar una transacci\u00f3n que solicites.<br \/>\nLos datos personales que recopilamos pueden incluir:        <\/p>\n<ul>\n<li>datos de contacto, como tu nombre, cargo, nombre de la empresa\/organizaci\u00f3n, direcci\u00f3n de correo electr\u00f3nico, n\u00fameros de tel\u00e9fono y fax, y direcci\u00f3n f\u00edsica;<\/li>\n<li>informaci\u00f3n sobre tu empresa y puesto de trabajo;<\/li>\n<li>tus preferencias con respecto al marketing por correo electr\u00f3nico;<\/li>\n<li>informaci\u00f3n financiera, incluidos los n\u00fameros de tarjetas de cr\u00e9dito, informaci\u00f3n bancaria o de cuentas de clientes y, en relaci\u00f3n con las solicitudes de cr\u00e9dito, el n\u00famero de la Seguridad Social u otro n\u00famero de identificaci\u00f3n nacional o fiscal;<\/li>\n<li>informaci\u00f3n como tu nacionalidad y pa\u00eds de residencia que nos permita determinar tu elegibilidad seg\u00fan las normas de control de exportaciones para recibir informaci\u00f3n sobre determinadas tecnolog\u00edas;<\/li>\n<li>tus consultas y pedidos de nuestros productos y servicios, as\u00ed como informaci\u00f3n que nos ayude a identificar los mejores productos y servicios para ti;<\/li>\n<li>informaci\u00f3n sobre la inscripci\u00f3n en concursos y eventos; y<\/li>\n<li>tus comentarios sobre nuestros productos y servicios, incluidos nuestros sitios web<\/li>\n<\/ul>\n<p>  No est\u00e1s obligado a facilitar esta informaci\u00f3n.<br \/>\nSin embargo, si decides no hacerlo, es posible que no podamos prestarte el servicio solicitado o completar tu transacci\u00f3n.   <em>Datos recogidos autom\u00e1ticamente.  <\/em>Recogemos ciertos datos sobre todos los visitantes de nuestros sitios web, incluyendo las p\u00e1ginas que ven, el n\u00famero de bytes transferidos, los enlaces en los que hacen clic y otras acciones realizadas dentro de nuestros sitios web.<br \/>\nCuando navegas por nuestro sitio web, tambi\u00e9n podemos recoger informaci\u00f3n sobre tu ordenador y tus visitas a este sitio web, como tu direcci\u00f3n IP, ubicaci\u00f3n geogr\u00e1fica, tipo de navegador, dispositivo inform\u00e1tico, por ejemplo, tableta, ordenador personal, tel\u00e9fono con conexi\u00f3n a Internet, el sitio web del que procedes, la duraci\u00f3n de la visita y el n\u00famero de p\u00e1ginas vistas.<br \/>\nUtilizamos esta informaci\u00f3n para comprender mejor c\u00f3mo utilizan los visitantes nuestro sitio web y c\u00f3mo podemos mejorarlo para satisfacer mejor tus necesidades, as\u00ed como para calibrar el inter\u00e9s en nuestros productos y servicios y mejorar nuestras medidas de seguridad.<br \/>\nEn algunos casos, cuando haces clic en un enlace de un correo electr\u00f3nico o env\u00edas un formulario Web, por ejemplo para solicitar m\u00e1s informaci\u00f3n, como informaci\u00f3n sobre productos o promociones, podemos vincular estos datos a tu direcci\u00f3n de correo electr\u00f3nico. <strong>Nuestro uso de los datos<\/strong> personales Utilizaremos los datos personales \u00fanicamente para los fines establecidos a continuaci\u00f3n. <em>Servicios y transacciones.<\/em> Utilizamos los datos personales para prestar los servicios o ejecutar las transacciones que solicitas, como proporcionar informaci\u00f3n sobre los productos y servicios de RelaDyne, procesar pedidos, responder a solicitudes de atenci\u00f3n al cliente, facilitar el uso de nuestros sitios web, etc.<br \/>\nCon el fin de ofrecerle una experiencia m\u00e1s coherente al interactuar con RelaDyne, la informaci\u00f3n recopilada por nuestros sitios web puede combinarse con la informaci\u00f3n que recopilamos por otros medios.      <em>Mejora del sitio web.<\/em>  Podemos utilizar datos sobre ti para mejorar nuestros sitios web (incluidas nuestras medidas de seguridad) y productos o servicios relacionados, o para hacer que nuestros sitios web sean m\u00e1s f\u00e1ciles de usar eliminando la necesidad de que introduzcas repetidamente la misma informaci\u00f3n, o personalizando nuestros sitios web seg\u00fan tus preferencias o intereses particulares.  <em>Comunicaciones de marketing.<\/em>  Con tu permiso, podemos utilizar datos personales para informarte sobre productos o servicios disponibles en RelaDyne.<br \/>\nCuando recopilamos informaci\u00f3n que podr\u00eda utilizarse para ponernos en contacto contigo sobre nuestros productos y servicios, te damos la oportunidad de optar por no recibir dichas comunicaciones.<br \/>\nAdem\u00e1s, cada comunicaci\u00f3n por correo electr\u00f3nico que enviamos incluye un enlace para darte de baja que te permite detener la entrega de ese tipo de comunicaci\u00f3n.<br \/>\nSi decides darte de baja, te eliminaremos de la lista correspondiente en un plazo de 10 d\u00edas laborables.<br \/>\nSolicitudes de empleo.<br \/>\nEn relaci\u00f3n con una solicitud o consulta de empleo, puedes proporcionarnos datos sobre ti, incluyendo tu formaci\u00f3n acad\u00e9mica, curr\u00edculum vitae y otra informaci\u00f3n, incluyendo tu origen \u00e9tnico cuando lo exija o lo permita la ley.<br \/>\nPodemos utilizar esta informaci\u00f3n en RelaDyne, sus subsidiarias y filiales, y sus empresas conjuntas a efectos de consideraci\u00f3n de empleo.<br \/>\nConservaremos la informaci\u00f3n para futuras consideraciones a menos que nos indiques lo contrario. <strong>Nuestro uso de cookies y balizas web<\/strong> Las cookies son peque\u00f1os archivos que los sitios web guardan en tu disco duro o en la memoria de tu navegador.<br \/>\nNuestros sitios web pueden utilizarlas para hacer un seguimiento del n\u00famero de veces que has visitado el sitio web, para hacer un seguimiento del n\u00famero de visitantes del sitio web, para determinar y analizar el uso de nuestros sitios web por parte de los visitantes, para almacenar datos que nos proporciones (como tus preferencias) y para almacenar informaci\u00f3n t\u00e9cnica relacionada con tus interacciones con nuestros sitios web.<br \/>\nTambi\u00e9n podemos utilizar cookies de sesi\u00f3n, que se eliminan cuando cierras el navegador, para almacenar tu ID de usuario, facilitar tu movimiento por nuestros sitios web (especialmente en relaci\u00f3n con la b\u00fasqueda de informaci\u00f3n y la realizaci\u00f3n de pedidos) y otra informaci\u00f3n \u00fatil para administrar la sesi\u00f3n.<br \/>\nLa mayor\u00eda de los navegadores de Internet aceptan autom\u00e1ticamente las cookies, pero normalmente puedes modificar la configuraci\u00f3n de tu navegador para rechazar las cookies o para que te avise cuando se coloque una cookie en tu ordenador.<br \/>\nSi decides no aceptar las cookies, es posible que no puedas disfrutar de todas las funciones de nuestros sitios web.<br \/>\nLos navegadores de Internet tambi\u00e9n te permiten eliminar las cookies existentes, aunque esto significa que se perder\u00e1 tu configuraci\u00f3n actual (incluidas las identificaciones de usuario almacenadas y otras preferencias).<br \/>\nNuestros sitios tambi\u00e9n pueden contener im\u00e1genes electr\u00f3nicas conocidas como balizas web -a veces denominadas gifs de un solo p\u00edxel- que nos permiten contar el n\u00famero de usuarios que han visitado esas p\u00e1ginas.<br \/>\nPodemos incluir balizas Web en mensajes de correo electr\u00f3nico promocionales o boletines informativos para determinar si los mensajes se han abierto y se ha actuado en consecuencia, incluyendo si el destinatario ha hecho clic en un enlace del correo electr\u00f3nico o ha reenviado el correo electr\u00f3nico a otra persona.<br \/>\n<strong>Divulgaci\u00f3n de datos personales<\/strong> Excepto en los casos descritos a continuaci\u00f3n, los datos personales que proporcione a RelaDyne a trav\u00e9s de nuestros sitios Web no se compartir\u00e1n fuera de RelaDyne, sus filiales y empresas conjuntas sin su consentimiento.                 <em>Divulgaci\u00f3n a proveedores de servicios.<\/em>  RelaDyne contrata a otras empresas para que presten servicios en nuestro nombre, como el alojamiento de sitios web, el env\u00edo de informaci\u00f3n, el procesamiento de transacciones y el an\u00e1lisis de nuestros sitios web.<br \/>\nS\u00f3lo proporcionamos a estas empresas los elementos de datos personales que necesitan para prestar esos servicios.<br \/>\nEstas empresas y sus empleados tienen prohibido utilizar esos datos personales para cualquier otro fin.    <em>Divulgaci\u00f3n en relaci\u00f3n con las transacciones.<\/em>  En relaci\u00f3n con determinadas transacciones, podemos revelar algunos o todos los datos personales que proporciones a instituciones financieras, entidades gubernamentales y empresas de transporte o servicios postales que participen en el cumplimiento de la transacci\u00f3n.  <em>Informaci\u00f3n relacionada con adquisiciones o desinversiones.<\/em>  Pueden surgir circunstancias en las que, por motivos estrat\u00e9gicos u otros motivos empresariales, RelaDyne decida vender, comprar, fusionar o reorganizar de otro modo determinados negocios.<br \/>\nUna transacci\u00f3n de este tipo puede implicar la revelaci\u00f3n de datos personales a compradores potenciales o reales, o recibirlos de los vendedores.<br \/>\nAunque la pr\u00e1ctica de RelaDyne es buscar la protecci\u00f3n de la informaci\u00f3n en este tipo de transacciones, no podemos garantizar que cualquier entidad que reciba dichos datos de RelaDyne en relaci\u00f3n con una de estas transacciones cumpla todos los t\u00e9rminos de esta declaraci\u00f3n de privacidad.    <em>Divulgaci\u00f3n en sitios web colaborativos.<\/em>  Algunos de nuestros sitios web promueven la colaboraci\u00f3n entre usuarios registrados con respecto a un \u00e1rea o tema concreto.<br \/>\nEn esos sitios web, podemos compartir tu nombre de usuario con otros participantes para etiquetar como tuyos los comentarios o sugerencias que hagas.<br \/>\nSin embargo, no compartimos tu nombre, datos de contacto u otros datos personales con otros usuarios de esos sitios web de colaboraci\u00f3n. <em>Divulgaci\u00f3n por otros motivos.<\/em> Podemos revelar datos personales si as\u00ed lo exige la ley o en la creencia de buena fe de que dicha acci\u00f3n es necesaria para cumplir con requisitos legales o con un proceso legal que se nos haya notificado, para proteger y defender nuestros derechos o propiedad, o en circunstancias urgentes para proteger la seguridad personal de cualquier individuo. <strong>Seguridad<\/strong> RelaDyne se compromete a proteger la seguridad de los datos personales.<br \/>\nAunque ninguna medida de seguridad puede garantizar que no se pongan en peligro, utilizamos diversas tecnolog\u00edas y procedimientos de seguridad para ayudar a proteger los datos contra el acceso, uso o divulgaci\u00f3n no autorizados.<br \/>\nPor ejemplo, cuando te desplazas por un sitio en el que has iniciado sesi\u00f3n, o de un sitio a otro que utiliza el mismo mecanismo de inicio de sesi\u00f3n, verificamos tu identidad mediante una cookie encriptada colocada en tu m\u00e1quina.<br \/>\nCuando nos haces un pedido, ves la informaci\u00f3n de tu cuenta o nos proporcionas informaci\u00f3n financiera, protegemos la transmisi\u00f3n de esos datos mediante el cifrado SSL (Secure Socket Layer).<br \/>\nEn los sitios en los que inicies sesi\u00f3n, es tu responsabilidad garantizar la seguridad de tu contrase\u00f1a y no revelar esta informaci\u00f3n a otras personas.<br \/>\nSi compartes un ordenador con alguien, siempre debes cerrar la sesi\u00f3n antes de salir de un sitio web para que los usuarios posteriores no puedan acceder a tus datos. <strong>Revisi\u00f3n de datos personales<\/strong> En algunos casos, puedes revisar y corregir los datos personales proporcionados a trav\u00e9s de nuestros sitios web yendo a la p\u00e1gina en la que proporcionaste los datos.<br \/>\nTambi\u00e9n puedes presentar una solicitud para revisar y corregir los datos personales recogidos a trav\u00e9s de nuestros sitios web o enviar cualquier consulta o duda que puedas tener en relaci\u00f3n con los datos personales enviando un correo electr\u00f3nico a info@reladyne.com.<br \/>\nPodemos tomar medidas para verificar tu identidad antes de proporcionarte acceso a los datos personales.<br \/>\nPuedes ayudarnos a mantener la exactitud de tus datos notific\u00e1ndonos cualquier cambio en tu direcci\u00f3n postal, n\u00famero de tel\u00e9fono o direcci\u00f3n de correo electr\u00f3nico. <strong>Enlaces a otros sitios web<\/strong> Nuestros sitios web pueden contener enlaces a otros sitios web, incluidos los de otras empresas, organizaciones profesionales y gubernamentales, y publicaciones.<br \/>\nAunque intentamos enlazar s\u00f3lo a sitios web que comparten nuestros altos est\u00e1ndares y respeto por la privacidad, no controlamos ni somos responsables del contenido, seguridad o pr\u00e1cticas de privacidad empleadas por otros sitios web.<br \/>\nDebes revisar las declaraciones de privacidad de esos sitios web para determinar c\u00f3mo protegen y utilizan los datos personales. <strong>Ni\u00f1os<\/strong> Este sitio es un sitio para el p\u00fablico en general, aunque contiene informaci\u00f3n que puede ser de inter\u00e9s para los ni\u00f1os.<br \/>\nSin embargo, RelaDyne no pretende a trav\u00e9s de este sitio recopilar datos personales de o sobre personas de 14 a\u00f1os o menos.<br \/>\nSi uno de nuestros sitios Web est\u00e1 dirigido a ni\u00f1os, incluiremos un aviso adicional de declaraci\u00f3n de privacidad para ni\u00f1os. <strong>Preguntas sobre nuestras pr\u00e1cticas de privacidad<\/strong> Si tienes preguntas sobre esta declaraci\u00f3n de privacidad o sobre nuestro tratamiento de los datos personales, <a href=\"http:\/\/www.reladyne.com\/contact\/\">ponte en contacto con nosotros aqu\u00ed<\/a>, o por correo a RelaDyne 8280 Montgomery Rd, Suite 101 Cincinnati, OH 45236 <strong>Cambios en esta declaraci\u00f3n<\/strong> de privacidad RelaDyne puede actualizar ocasionalmente esta declaraci\u00f3n de privacidad.               Cuando lo hagamos, revisaremos la fecha de &#8220;actualizaci\u00f3n&#8221; en la parte superior de la declaraci\u00f3n de privacidad.<br \/>\nDebes volver a visitar esta p\u00e1gina peri\u00f3dicamente para conocer las condiciones de privacidad m\u00e1s recientes; tu uso del sitio despu\u00e9s de que se hayan publicado dichos cambios constituye tu aceptaci\u00f3n de los mismos.   <\/div>\n<\/div>\n<div class=\"sidebarColumn\"><\/div>\n","protected":false},"excerpt":{"rendered":"<p>DuraMAX Powered by RelaDyne Pol\u00edtica de privacidad Actualizado el 12 de enero de 2024 RelaDyne y sus filiales se comprometen a proteger tu privacidad. Esta declaraci\u00f3n explica las medidas que tomamos para proteger los datos personales recogidos en nuestros sitios Web. Describe qu\u00e9 categor\u00edas de datos personales recopilamos, los fines para los que utilizamos esos &hellip; <\/p>\n<p class=\"link-more\"><a href=\"https:\/\/duramax.com\/es\/politica-de-privacidad\/\" class=\"more-link\">Continue reading<span class=\"screen-reader-text\"> &#8220;Pol\u00edtica de privacidad&#8221;<\/span><\/a><\/p>\n","protected":false},"author":1,"featured_media":0,"parent":0,"menu_order":0,"comment_status":"closed","ping_status":"closed","template":"","meta":{"_acf_changed":false,"footnotes":""},"class_list":["post-7396","page","type-page","status-publish","hentry"],"acf":[],"yoast_head":"<!-- This site is optimized with the Yoast SEO plugin v27.0 - https:\/\/yoast.com\/product\/yoast-seo-wordpress\/ -->\n<title>Pol\u00edtica de privacidad - DuraMAX<\/title>\n<meta name=\"robots\" content=\"index, follow, max-snippet:-1, max-image-preview:large, max-video-preview:-1\" \/>\n<link rel=\"canonical\" href=\"https:\/\/duramax.com\/es\/politica-de-privacidad\/\" \/>\n<meta property=\"og:locale\" content=\"es_ES\" \/>\n<meta property=\"og:type\" content=\"article\" \/>\n<meta property=\"og:title\" content=\"Pol\u00edtica de privacidad - DuraMAX\" \/>\n<meta property=\"og:description\" content=\"DuraMAX Powered by RelaDyne Pol\u00edtica de privacidad Actualizado el 12 de enero de 2024 RelaDyne y sus filiales se comprometen a proteger tu privacidad. Esta declaraci\u00f3n explica las medidas que tomamos para proteger los datos personales recogidos en nuestros sitios Web. Describe qu\u00e9 categor\u00edas de datos personales recopilamos, los fines para los que utilizamos esos &hellip; Continue reading &quot;Pol\u00edtica de privacidad&quot;\" \/>\n<meta property=\"og:url\" content=\"https:\/\/duramax.com\/es\/politica-de-privacidad\/\" \/>\n<meta property=\"og:site_name\" content=\"DuraMAX\" \/>\n<meta property=\"article:modified_time\" content=\"2024-11-13T22:40:35+00:00\" \/>\n<meta name=\"twitter:card\" content=\"summary_large_image\" \/>\n<meta name=\"twitter:label1\" content=\"Tiempo de lectura\" \/>\n\t<meta name=\"twitter:data1\" content=\"11 minutos\" \/>\n<script type=\"application\/ld+json\" class=\"yoast-schema-graph\">{\"@context\":\"https:\/\/schema.org\",\"@graph\":[{\"@type\":\"WebPage\",\"@id\":\"https:\/\/duramax.com\/es\/politica-de-privacidad\/\",\"url\":\"https:\/\/duramax.com\/es\/politica-de-privacidad\/\",\"name\":\"Pol\u00edtica de privacidad - DuraMAX\",\"isPartOf\":{\"@id\":\"https:\/\/duramax.com\/es\/#website\"},\"datePublished\":\"2017-01-11T08:17:29+00:00\",\"dateModified\":\"2024-11-13T22:40:35+00:00\",\"breadcrumb\":{\"@id\":\"https:\/\/duramax.com\/es\/politica-de-privacidad\/#breadcrumb\"},\"inLanguage\":\"es\",\"potentialAction\":[{\"@type\":\"ReadAction\",\"target\":[\"https:\/\/duramax.com\/es\/politica-de-privacidad\/\"]}]},{\"@type\":\"BreadcrumbList\",\"@id\":\"https:\/\/duramax.com\/es\/politica-de-privacidad\/#breadcrumb\",\"itemListElement\":[{\"@type\":\"ListItem\",\"position\":1,\"name\":\"Home\",\"item\":\"https:\/\/duramax.com\/es\/duramax-hogar-v2\/\"},{\"@type\":\"ListItem\",\"position\":2,\"name\":\"Pol\u00edtica de privacidad\"}]},{\"@type\":\"WebSite\",\"@id\":\"https:\/\/duramax.com\/es\/#website\",\"url\":\"https:\/\/duramax.com\/es\/\",\"name\":\"DuraMAX\",\"description\":\"DuraMAX Liquid Armor Engine Warranty\",\"publisher\":{\"@id\":\"https:\/\/duramax.com\/es\/#organization\"},\"potentialAction\":[{\"@type\":\"SearchAction\",\"target\":{\"@type\":\"EntryPoint\",\"urlTemplate\":\"https:\/\/duramax.com\/es\/?s={search_term_string}\"},\"query-input\":{\"@type\":\"PropertyValueSpecification\",\"valueRequired\":true,\"valueName\":\"search_term_string\"}}],\"inLanguage\":\"es\"},{\"@type\":\"Organization\",\"@id\":\"https:\/\/duramax.com\/es\/#organization\",\"name\":\"DuraMAX\",\"url\":\"https:\/\/duramax.com\/es\/\",\"logo\":{\"@type\":\"ImageObject\",\"inLanguage\":\"es\",\"@id\":\"https:\/\/duramax.com\/es\/#\/schema\/logo\/image\/\",\"url\":\"https:\/\/duramax.com\/wp-content\/uploads\/2025\/03\/DuraMAX-logo.svg\",\"contentUrl\":\"https:\/\/duramax.com\/wp-content\/uploads\/2025\/03\/DuraMAX-logo.svg\",\"caption\":\"DuraMAX\"},\"image\":{\"@id\":\"https:\/\/duramax.com\/es\/#\/schema\/logo\/image\/\"}}]}<\/script>\n<!-- \/ Yoast SEO plugin. -->","yoast_head_json":{"title":"Pol\u00edtica de privacidad - DuraMAX","robots":{"index":"index","follow":"follow","max-snippet":"max-snippet:-1","max-image-preview":"max-image-preview:large","max-video-preview":"max-video-preview:-1"},"canonical":"https:\/\/duramax.com\/es\/politica-de-privacidad\/","og_locale":"es_ES","og_type":"article","og_title":"Pol\u00edtica de privacidad - DuraMAX","og_description":"DuraMAX Powered by RelaDyne Pol\u00edtica de privacidad Actualizado el 12 de enero de 2024 RelaDyne y sus filiales se comprometen a proteger tu privacidad. Esta declaraci\u00f3n explica las medidas que tomamos para proteger los datos personales recogidos en nuestros sitios Web. Describe qu\u00e9 categor\u00edas de datos personales recopilamos, los fines para los que utilizamos esos &hellip; Continue reading \"Pol\u00edtica de privacidad\"","og_url":"https:\/\/duramax.com\/es\/politica-de-privacidad\/","og_site_name":"DuraMAX","article_modified_time":"2024-11-13T22:40:35+00:00","twitter_card":"summary_large_image","twitter_misc":{"Tiempo de lectura":"11 minutos"},"schema":{"@context":"https:\/\/schema.org","@graph":[{"@type":"WebPage","@id":"https:\/\/duramax.com\/es\/politica-de-privacidad\/","url":"https:\/\/duramax.com\/es\/politica-de-privacidad\/","name":"Pol\u00edtica de privacidad - DuraMAX","isPartOf":{"@id":"https:\/\/duramax.com\/es\/#website"},"datePublished":"2017-01-11T08:17:29+00:00","dateModified":"2024-11-13T22:40:35+00:00","breadcrumb":{"@id":"https:\/\/duramax.com\/es\/politica-de-privacidad\/#breadcrumb"},"inLanguage":"es","potentialAction":[{"@type":"ReadAction","target":["https:\/\/duramax.com\/es\/politica-de-privacidad\/"]}]},{"@type":"BreadcrumbList","@id":"https:\/\/duramax.com\/es\/politica-de-privacidad\/#breadcrumb","itemListElement":[{"@type":"ListItem","position":1,"name":"Home","item":"https:\/\/duramax.com\/es\/duramax-hogar-v2\/"},{"@type":"ListItem","position":2,"name":"Pol\u00edtica de privacidad"}]},{"@type":"WebSite","@id":"https:\/\/duramax.com\/es\/#website","url":"https:\/\/duramax.com\/es\/","name":"DuraMAX","description":"DuraMAX Liquid Armor Engine Warranty","publisher":{"@id":"https:\/\/duramax.com\/es\/#organization"},"potentialAction":[{"@type":"SearchAction","target":{"@type":"EntryPoint","urlTemplate":"https:\/\/duramax.com\/es\/?s={search_term_string}"},"query-input":{"@type":"PropertyValueSpecification","valueRequired":true,"valueName":"search_term_string"}}],"inLanguage":"es"},{"@type":"Organization","@id":"https:\/\/duramax.com\/es\/#organization","name":"DuraMAX","url":"https:\/\/duramax.com\/es\/","logo":{"@type":"ImageObject","inLanguage":"es","@id":"https:\/\/duramax.com\/es\/#\/schema\/logo\/image\/","url":"https:\/\/duramax.com\/wp-content\/uploads\/2025\/03\/DuraMAX-logo.svg","contentUrl":"https:\/\/duramax.com\/wp-content\/uploads\/2025\/03\/DuraMAX-logo.svg","caption":"DuraMAX"},"image":{"@id":"https:\/\/duramax.com\/es\/#\/schema\/logo\/image\/"}}]}},"_links":{"self":[{"href":"https:\/\/duramax.com\/es\/wp-json\/wp\/v2\/pages\/7396","targetHints":{"allow":["GET"]}}],"collection":[{"href":"https:\/\/duramax.com\/es\/wp-json\/wp\/v2\/pages"}],"about":[{"href":"https:\/\/duramax.com\/es\/wp-json\/wp\/v2\/types\/page"}],"author":[{"embeddable":true,"href":"https:\/\/duramax.com\/es\/wp-json\/wp\/v2\/users\/1"}],"replies":[{"embeddable":true,"href":"https:\/\/duramax.com\/es\/wp-json\/wp\/v2\/comments?post=7396"}],"version-history":[{"count":0,"href":"https:\/\/duramax.com\/es\/wp-json\/wp\/v2\/pages\/7396\/revisions"}],"wp:attachment":[{"href":"https:\/\/duramax.com\/es\/wp-json\/wp\/v2\/media?parent=7396"}],"curies":[{"name":"wp","href":"https:\/\/api.w.org\/{rel}","templated":true}]}}