{"id":7400,"date":"2017-01-11T02:14:49","date_gmt":"2017-01-11T08:14:49","guid":{"rendered":"http:\/\/duramax:8888\/filtros\/"},"modified":"2025-11-02T22:37:28","modified_gmt":"2025-11-03T04:37:28","slug":"filtros","status":"publish","type":"page","link":"https:\/\/duramax.com\/es\/productos-duramax\/filtros\/","title":{"rendered":"Filtros"},"content":{"rendered":"\n<figure class=\"wp-block-image size-large\"><img fetchpriority=\"high\" decoding=\"async\" width=\"1024\" height=\"570\" src=\"http:\/\/duramax.com\/wp-content\/uploads\/2024\/08\/Flyer-Graphic-for-Email-1024x570.png\" alt=\"\" class=\"wp-image-7144\" srcset=\"https:\/\/duramax.com\/wp-content\/uploads\/2024\/08\/Flyer-Graphic-for-Email-1024x570.png 1024w, https:\/\/duramax.com\/wp-content\/uploads\/2024\/08\/Flyer-Graphic-for-Email-300x167.png 300w, https:\/\/duramax.com\/wp-content\/uploads\/2024\/08\/Flyer-Graphic-for-Email-768x427.png 768w, https:\/\/duramax.com\/wp-content\/uploads\/2024\/08\/Flyer-Graphic-for-Email.png 1405w\" sizes=\"(max-width: 767px) 89vw, (max-width: 1000px) 54vw, (max-width: 1071px) 543px, 580px\" \/><\/figure>\n\n<h2 class=\"wp-block-heading\">Filtros de alto rendimiento DuraMAX\u00ae y Prime Guard<\/h2>\n\n<p><\/p>\n\n<div class=\"wp-block-columns is-layout-flex wp-container-core-columns-is-layout-9d6595d7 wp-block-columns-is-layout-flex\">\n<div class=\"wp-block-column is-layout-flow wp-block-column-is-layout-flow\" style=\"flex-basis:33.33%\">\n<p><em><strong>Cobertura:<\/strong> <\/em>Cobertura del 98% de autom\u00f3viles y camiones ligeros con m\u00e1s de 900 n\u00fameros de piezas.<\/p>\n<\/div>\n\n\n\n<div class=\"wp-block-column is-layout-flow wp-block-column-is-layout-flow\" style=\"flex-basis:33.33%\">\n<p><strong><em>Calidad:<\/em><\/strong> Garant\u00edas contra defectos de fabricaci\u00f3n, dise\u00f1o y materiales.<\/p>\n<\/div>\n\n\n\n<div class=\"wp-block-column is-layout-flow wp-block-column-is-layout-flow\" style=\"flex-basis:33.33%\">\n<p><strong><em>Valor:<\/em><\/strong> Filtros de aceite, aire y habit\u00e1culo de alta calidad a un precio asequible.<\/p>\n<\/div>\n<\/div>\n\n<hr class=\"wp-block-separator has-alpha-channel-opacity\"\/>\n","protected":false},"excerpt":{"rendered":"<p>Filtros de alto rendimiento DuraMAX\u00ae y Prime Guard Cobertura: Cobertura del 98% de autom\u00f3viles y camiones ligeros con m\u00e1s de 900 n\u00fameros de piezas. Calidad: Garant\u00edas contra defectos de fabricaci\u00f3n, dise\u00f1o y materiales. Valor: Filtros de aceite, aire y habit\u00e1culo de alta calidad a un precio asequible.<\/p>\n","protected":false},"author":1,"featured_media":7235,"parent":7424,"menu_order":35,"comment_status":"closed","ping_status":"closed","template":"page_child-navigation-template.php","meta":{"_acf_changed":false,"footnotes":""},"class_list":["post-7400","page","type-page","status-publish","has-post-thumbnail","hentry"],"acf":{"duramax_products":[{"product_title":"Filtros de aceite","product_image":{"ID":8220,"id":8220,"title":"DuraMAX_OilFilter-Box_Combo","filename":"DuraMAX_OilFilter-Box_Combo.png","filesize":1054457,"url":"https:\/\/duramax.com\/wp-content\/uploads\/2025\/01\/DuraMAX_OilFilter-Box_Combo.png","link":"https:\/\/duramax.com\/es\/productos-duramax\/filtros\/duramax_oilfilter-box_combo-2\/","alt":"DMX_FS-75W90-GearOil-1Qt","author":"6","description":"","caption":"","name":"duramax_oilfilter-box_combo-2","status":"inherit","uploaded_to":7400,"date":"2025-01-29 18:16:32","modified":"2025-01-29 18:16:39","menu_order":0,"mime_type":"image\/png","type":"image","subtype":"png","icon":"https:\/\/duramax.com\/wp-includes\/images\/media\/default.png","width":1000,"height":1000,"sizes":{"thumbnail":"https:\/\/duramax.com\/wp-content\/uploads\/2025\/01\/DuraMAX_OilFilter-Box_Combo-150x150.png","thumbnail-width":150,"thumbnail-height":150,"medium":"https:\/\/duramax.com\/wp-content\/uploads\/2025\/01\/DuraMAX_OilFilter-Box_Combo-300x300.png","medium-width":300,"medium-height":300,"medium_large":"https:\/\/duramax.com\/wp-content\/uploads\/2025\/01\/DuraMAX_OilFilter-Box_Combo-768x768.png","medium_large-width":700,"medium_large-height":700,"large":"https:\/\/duramax.com\/wp-content\/uploads\/2025\/01\/DuraMAX_OilFilter-Box_Combo.png","large-width":700,"large-height":700,"1536x1536":"https:\/\/duramax.com\/wp-content\/uploads\/2025\/01\/DuraMAX_OilFilter-Box_Combo.png","1536x1536-width":1000,"1536x1536-height":1000,"2048x2048":"https:\/\/duramax.com\/wp-content\/uploads\/2025\/01\/DuraMAX_OilFilter-Box_Combo.png","2048x2048-width":1000,"2048x2048-height":1000,"twentyseventeen-featured-image":"https:\/\/duramax.com\/wp-content\/uploads\/2025\/01\/DuraMAX_OilFilter-Box_Combo.png","twentyseventeen-featured-image-width":1000,"twentyseventeen-featured-image-height":1000,"twentyseventeen-thumbnail-avatar":"https:\/\/duramax.com\/wp-content\/uploads\/2025\/01\/DuraMAX_OilFilter-Box_Combo-100x100.png","twentyseventeen-thumbnail-avatar-width":100,"twentyseventeen-thumbnail-avatar-height":100,"duramax-header-image":"https:\/\/duramax.com\/wp-content\/uploads\/2025\/01\/DuraMAX_OilFilter-Box_Combo-1000x840.png","duramax-header-image-width":1000,"duramax-header-image-height":840,"prefooter-image":"https:\/\/duramax.com\/wp-content\/uploads\/2025\/01\/DuraMAX_OilFilter-Box_Combo-1000x600.png","prefooter-image-width":1000,"prefooter-image-height":600,"gform-image-choice-sm":"https:\/\/duramax.com\/wp-content\/uploads\/2025\/01\/DuraMAX_OilFilter-Box_Combo-300x300.png","gform-image-choice-sm-width":300,"gform-image-choice-sm-height":300,"gform-image-choice-md":"https:\/\/duramax.com\/wp-content\/uploads\/2025\/01\/DuraMAX_OilFilter-Box_Combo-400x400.png","gform-image-choice-md-width":400,"gform-image-choice-md-height":400,"gform-image-choice-lg":"https:\/\/duramax.com\/wp-content\/uploads\/2025\/01\/DuraMAX_OilFilter-Box_Combo-600x600.png","gform-image-choice-lg-width":600,"gform-image-choice-lg-height":600}},"product_description":"<p><b><\/b>Disponible para todas las marcas y modelos.<\/p>\n<p>Fabricado conforme a la norma ISO\/TS:16949<\/p>\n<p>Ventaja competitiva de los componentes del filtro de aceite DuraMAX:<\/p>\n<ul>\n<li>El bid\u00f3n est\u00e1 dise\u00f1ado con acero de 0,6 mm para una mayor protecci\u00f3n en las condiciones m\u00e1s exigentes.<\/li>\n<li>Nuestro dise\u00f1o de muelle tensor de acero tratado t\u00e9rmicamente garantiza la integridad del sellado de los componentes internos del filtro.<\/li>\n<li>Nuestra tapa final de acero extragrueso es el dise\u00f1o de primera calidad desplegado en el mercado actual.<\/li>\n<li>Un delicado equilibrio entre eficacia, capacidad y restricci\u00f3n al flujo, nuestros medios se seleccionan cuidadosamente para proteger tu motor.<\/li>\n<li>Nuestro robusto dise\u00f1o de la placa base proporciona la base para todo el conjunto, protegiendo el motor de los cambios extremos de presi\u00f3n.<\/li>\n<li>Dise\u00f1ada y probada seg\u00fan normas internacionales, nuestra junta de estanqueidad de goma proporciona el sellado esencial que protege tu motor.<\/li>\n<\/ul>\n"},{"product_title":"Filtros de habit\u00e1culo","product_image":{"ID":7212,"id":7212,"title":"Cabin-Filters","filename":"Cabin-Filters.jpg","filesize":72495,"url":"https:\/\/duramax.com\/wp-content\/uploads\/2017\/01\/Cabin-Filters.jpg","link":"https:\/\/duramax.com\/es\/productos-duramax\/filtros\/cabin-filters-2\/","alt":"","author":"1","description":"","caption":"","name":"cabin-filters-2","status":"inherit","uploaded_to":7400,"date":"2017-01-30 20:19:15","modified":"2024-10-01 18:16:53","menu_order":0,"mime_type":"image\/jpeg","type":"image","subtype":"jpeg","icon":"https:\/\/duramax.com\/wp-includes\/images\/media\/default.png","width":600,"height":523,"sizes":{"thumbnail":"https:\/\/duramax.com\/wp-content\/uploads\/2017\/01\/Cabin-Filters-150x150.jpg","thumbnail-width":150,"thumbnail-height":150,"medium":"https:\/\/duramax.com\/wp-content\/uploads\/2017\/01\/Cabin-Filters-300x262.jpg","medium-width":300,"medium-height":262,"medium_large":"https:\/\/duramax.com\/wp-content\/uploads\/2017\/01\/Cabin-Filters.jpg","medium_large-width":600,"medium_large-height":523,"large":"https:\/\/duramax.com\/wp-content\/uploads\/2017\/01\/Cabin-Filters.jpg","large-width":600,"large-height":523,"1536x1536":"https:\/\/duramax.com\/wp-content\/uploads\/2017\/01\/Cabin-Filters.jpg","1536x1536-width":600,"1536x1536-height":523,"2048x2048":"https:\/\/duramax.com\/wp-content\/uploads\/2017\/01\/Cabin-Filters.jpg","2048x2048-width":600,"2048x2048-height":523,"twentyseventeen-featured-image":"https:\/\/duramax.com\/wp-content\/uploads\/2017\/01\/Cabin-Filters.jpg","twentyseventeen-featured-image-width":600,"twentyseventeen-featured-image-height":523,"twentyseventeen-thumbnail-avatar":"https:\/\/duramax.com\/wp-content\/uploads\/2017\/01\/Cabin-Filters-100x100.jpg","twentyseventeen-thumbnail-avatar-width":100,"twentyseventeen-thumbnail-avatar-height":100,"duramax-header-image":"https:\/\/duramax.com\/wp-content\/uploads\/2017\/01\/Cabin-Filters.jpg","duramax-header-image-width":600,"duramax-header-image-height":523,"prefooter-image":"https:\/\/duramax.com\/wp-content\/uploads\/2017\/01\/Cabin-Filters.jpg","prefooter-image-width":600,"prefooter-image-height":523,"gform-image-choice-sm":"https:\/\/duramax.com\/wp-content\/uploads\/2017\/01\/Cabin-Filters.jpg","gform-image-choice-sm-width":300,"gform-image-choice-sm-height":262,"gform-image-choice-md":"https:\/\/duramax.com\/wp-content\/uploads\/2017\/01\/Cabin-Filters.jpg","gform-image-choice-md-width":400,"gform-image-choice-md-height":349,"gform-image-choice-lg":"https:\/\/duramax.com\/wp-content\/uploads\/2017\/01\/Cabin-Filters.jpg","gform-image-choice-lg-width":600,"gform-image-choice-lg-height":523}},"product_description":"<ul>\n<li>Programa OE Direct Match para conseguir siempre el ajuste perfecto.<\/li>\n<li>Medios electrost\u00e1ticos y de carbono para atrapar hasta las part\u00edculas m\u00e1s peque\u00f1as.<\/li>\n<li>M\u00e1s de 150 referencias disponibles.<\/li>\n<\/ul>\n"},{"product_title":"Filtros de aire","product_image":{"ID":7213,"id":7213,"title":"Air-Filters","filename":"Air-Filters.jpg","filesize":77342,"url":"https:\/\/duramax.com\/wp-content\/uploads\/2017\/01\/Air-Filters.jpg","link":"https:\/\/duramax.com\/es\/productos-duramax\/filtros\/air-filters-2\/","alt":"","author":"1","description":"","caption":"","name":"air-filters-2","status":"inherit","uploaded_to":7400,"date":"2017-01-30 20:23:24","modified":"2024-10-01 18:16:53","menu_order":0,"mime_type":"image\/jpeg","type":"image","subtype":"jpeg","icon":"https:\/\/duramax.com\/wp-includes\/images\/media\/default.png","width":600,"height":488,"sizes":{"thumbnail":"https:\/\/duramax.com\/wp-content\/uploads\/2017\/01\/Air-Filters-150x150.jpg","thumbnail-width":150,"thumbnail-height":150,"medium":"https:\/\/duramax.com\/wp-content\/uploads\/2017\/01\/Air-Filters-300x244.jpg","medium-width":300,"medium-height":244,"medium_large":"https:\/\/duramax.com\/wp-content\/uploads\/2017\/01\/Air-Filters.jpg","medium_large-width":600,"medium_large-height":488,"large":"https:\/\/duramax.com\/wp-content\/uploads\/2017\/01\/Air-Filters.jpg","large-width":600,"large-height":488,"1536x1536":"https:\/\/duramax.com\/wp-content\/uploads\/2017\/01\/Air-Filters.jpg","1536x1536-width":600,"1536x1536-height":488,"2048x2048":"https:\/\/duramax.com\/wp-content\/uploads\/2017\/01\/Air-Filters.jpg","2048x2048-width":600,"2048x2048-height":488,"twentyseventeen-featured-image":"https:\/\/duramax.com\/wp-content\/uploads\/2017\/01\/Air-Filters.jpg","twentyseventeen-featured-image-width":600,"twentyseventeen-featured-image-height":488,"twentyseventeen-thumbnail-avatar":"https:\/\/duramax.com\/wp-content\/uploads\/2017\/01\/Air-Filters-100x100.jpg","twentyseventeen-thumbnail-avatar-width":100,"twentyseventeen-thumbnail-avatar-height":100,"duramax-header-image":"https:\/\/duramax.com\/wp-content\/uploads\/2017\/01\/Air-Filters.jpg","duramax-header-image-width":600,"duramax-header-image-height":488,"prefooter-image":"https:\/\/duramax.com\/wp-content\/uploads\/2017\/01\/Air-Filters.jpg","prefooter-image-width":600,"prefooter-image-height":488,"gform-image-choice-sm":"https:\/\/duramax.com\/wp-content\/uploads\/2017\/01\/Air-Filters.jpg","gform-image-choice-sm-width":300,"gform-image-choice-sm-height":244,"gform-image-choice-md":"https:\/\/duramax.com\/wp-content\/uploads\/2017\/01\/Air-Filters.jpg","gform-image-choice-md-width":400,"gform-image-choice-md-height":325,"gform-image-choice-lg":"https:\/\/duramax.com\/wp-content\/uploads\/2017\/01\/Air-Filters.jpg","gform-image-choice-lg-width":600,"gform-image-choice-lg-height":488}},"product_description":"<ul>\n<li><b><\/b>Medios de alta eficacia<\/li>\n<li>Aplicaciones para modelos tard\u00edos<\/li>\n<li>M\u00e1s de 450 referencias disponibles.<\/li>\n<\/ul>\n"}]},"yoast_head":"<!-- This site is optimized with the Yoast SEO plugin v27.0 - https:\/\/yoast.com\/product\/yoast-seo-wordpress\/ -->\n<title>Filtros - DuraMAX<\/title>\n<meta name=\"robots\" content=\"index, follow, max-snippet:-1, max-image-preview:large, max-video-preview:-1\" \/>\n<link rel=\"canonical\" href=\"https:\/\/duramax.com\/es\/productos-duramax\/filtros\/\" \/>\n<meta property=\"og:locale\" content=\"es_ES\" \/>\n<meta property=\"og:type\" content=\"article\" \/>\n<meta property=\"og:title\" content=\"Filtros - DuraMAX\" \/>\n<meta property=\"og:description\" content=\"Filtros de alto rendimiento DuraMAX\u00ae y Prime Guard Cobertura: Cobertura del 98% de autom\u00f3viles y camiones ligeros con m\u00e1s de 900 n\u00fameros de piezas. Calidad: Garant\u00edas contra defectos de fabricaci\u00f3n, dise\u00f1o y materiales. Valor: Filtros de aceite, aire y habit\u00e1culo de alta calidad a un precio asequible.\" \/>\n<meta property=\"og:url\" content=\"https:\/\/duramax.com\/es\/productos-duramax\/filtros\/\" \/>\n<meta property=\"og:site_name\" content=\"DuraMAX\" \/>\n<meta property=\"article:modified_time\" content=\"2025-11-03T04:37:28+00:00\" \/>\n<meta property=\"og:image\" content=\"https:\/\/duramax.com\/wp-content\/uploads\/2017\/01\/header-interior-filters.jpg\" \/>\n\t<meta property=\"og:image:width\" content=\"2000\" \/>\n\t<meta property=\"og:image:height\" content=\"958\" \/>\n\t<meta property=\"og:image:type\" content=\"image\/jpeg\" \/>\n<meta name=\"twitter:card\" content=\"summary_large_image\" \/>\n<script type=\"application\/ld+json\" class=\"yoast-schema-graph\">{\"@context\":\"https:\/\/schema.org\",\"@graph\":[{\"@type\":\"WebPage\",\"@id\":\"https:\/\/duramax.com\/es\/productos-duramax\/filtros\/\",\"url\":\"https:\/\/duramax.com\/es\/productos-duramax\/filtros\/\",\"name\":\"Filtros - DuraMAX\",\"isPartOf\":{\"@id\":\"https:\/\/duramax.com\/es\/#website\"},\"primaryImageOfPage\":{\"@id\":\"https:\/\/duramax.com\/es\/productos-duramax\/filtros\/#primaryimage\"},\"image\":{\"@id\":\"https:\/\/duramax.com\/es\/productos-duramax\/filtros\/#primaryimage\"},\"thumbnailUrl\":\"https:\/\/duramax.com\/wp-content\/uploads\/2017\/01\/header-interior-filters.jpg\",\"datePublished\":\"2017-01-11T08:14:49+00:00\",\"dateModified\":\"2025-11-03T04:37:28+00:00\",\"breadcrumb\":{\"@id\":\"https:\/\/duramax.com\/es\/productos-duramax\/filtros\/#breadcrumb\"},\"inLanguage\":\"es\",\"potentialAction\":[{\"@type\":\"ReadAction\",\"target\":[\"https:\/\/duramax.com\/es\/productos-duramax\/filtros\/\"]}]},{\"@type\":\"ImageObject\",\"inLanguage\":\"es\",\"@id\":\"https:\/\/duramax.com\/es\/productos-duramax\/filtros\/#primaryimage\",\"url\":\"https:\/\/duramax.com\/wp-content\/uploads\/2017\/01\/header-interior-filters.jpg\",\"contentUrl\":\"https:\/\/duramax.com\/wp-content\/uploads\/2017\/01\/header-interior-filters.jpg\",\"width\":2000,\"height\":958},{\"@type\":\"BreadcrumbList\",\"@id\":\"https:\/\/duramax.com\/es\/productos-duramax\/filtros\/#breadcrumb\",\"itemListElement\":[{\"@type\":\"ListItem\",\"position\":1,\"name\":\"Home\",\"item\":\"https:\/\/duramax.com\/es\/duramax-hogar-v2\/\"},{\"@type\":\"ListItem\",\"position\":2,\"name\":\"Productos DuraMAX\",\"item\":\"https:\/\/duramax.com\/es\/productos-duramax\/\"},{\"@type\":\"ListItem\",\"position\":3,\"name\":\"Filtros\"}]},{\"@type\":\"WebSite\",\"@id\":\"https:\/\/duramax.com\/es\/#website\",\"url\":\"https:\/\/duramax.com\/es\/\",\"name\":\"DuraMAX\",\"description\":\"DuraMAX Liquid Armor Engine Warranty\",\"publisher\":{\"@id\":\"https:\/\/duramax.com\/es\/#organization\"},\"potentialAction\":[{\"@type\":\"SearchAction\",\"target\":{\"@type\":\"EntryPoint\",\"urlTemplate\":\"https:\/\/duramax.com\/es\/?s={search_term_string}\"},\"query-input\":{\"@type\":\"PropertyValueSpecification\",\"valueRequired\":true,\"valueName\":\"search_term_string\"}}],\"inLanguage\":\"es\"},{\"@type\":\"Organization\",\"@id\":\"https:\/\/duramax.com\/es\/#organization\",\"name\":\"DuraMAX\",\"url\":\"https:\/\/duramax.com\/es\/\",\"logo\":{\"@type\":\"ImageObject\",\"inLanguage\":\"es\",\"@id\":\"https:\/\/duramax.com\/es\/#\/schema\/logo\/image\/\",\"url\":\"https:\/\/duramax.com\/wp-content\/uploads\/2025\/03\/DuraMAX-logo.svg\",\"contentUrl\":\"https:\/\/duramax.com\/wp-content\/uploads\/2025\/03\/DuraMAX-logo.svg\",\"caption\":\"DuraMAX\"},\"image\":{\"@id\":\"https:\/\/duramax.com\/es\/#\/schema\/logo\/image\/\"}}]}<\/script>\n<!-- \/ Yoast SEO plugin. -->","yoast_head_json":{"title":"Filtros - DuraMAX","robots":{"index":"index","follow":"follow","max-snippet":"max-snippet:-1","max-image-preview":"max-image-preview:large","max-video-preview":"max-video-preview:-1"},"canonical":"https:\/\/duramax.com\/es\/productos-duramax\/filtros\/","og_locale":"es_ES","og_type":"article","og_title":"Filtros - DuraMAX","og_description":"Filtros de alto rendimiento DuraMAX\u00ae y Prime Guard Cobertura: Cobertura del 98% de autom\u00f3viles y camiones ligeros con m\u00e1s de 900 n\u00fameros de piezas. Calidad: Garant\u00edas contra defectos de fabricaci\u00f3n, dise\u00f1o y materiales. Valor: Filtros de aceite, aire y habit\u00e1culo de alta calidad a un precio asequible.","og_url":"https:\/\/duramax.com\/es\/productos-duramax\/filtros\/","og_site_name":"DuraMAX","article_modified_time":"2025-11-03T04:37:28+00:00","og_image":[{"width":2000,"height":958,"url":"https:\/\/duramax.com\/wp-content\/uploads\/2017\/01\/header-interior-filters.jpg","type":"image\/jpeg"}],"twitter_card":"summary_large_image","schema":{"@context":"https:\/\/schema.org","@graph":[{"@type":"WebPage","@id":"https:\/\/duramax.com\/es\/productos-duramax\/filtros\/","url":"https:\/\/duramax.com\/es\/productos-duramax\/filtros\/","name":"Filtros - DuraMAX","isPartOf":{"@id":"https:\/\/duramax.com\/es\/#website"},"primaryImageOfPage":{"@id":"https:\/\/duramax.com\/es\/productos-duramax\/filtros\/#primaryimage"},"image":{"@id":"https:\/\/duramax.com\/es\/productos-duramax\/filtros\/#primaryimage"},"thumbnailUrl":"https:\/\/duramax.com\/wp-content\/uploads\/2017\/01\/header-interior-filters.jpg","datePublished":"2017-01-11T08:14:49+00:00","dateModified":"2025-11-03T04:37:28+00:00","breadcrumb":{"@id":"https:\/\/duramax.com\/es\/productos-duramax\/filtros\/#breadcrumb"},"inLanguage":"es","potentialAction":[{"@type":"ReadAction","target":["https:\/\/duramax.com\/es\/productos-duramax\/filtros\/"]}]},{"@type":"ImageObject","inLanguage":"es","@id":"https:\/\/duramax.com\/es\/productos-duramax\/filtros\/#primaryimage","url":"https:\/\/duramax.com\/wp-content\/uploads\/2017\/01\/header-interior-filters.jpg","contentUrl":"https:\/\/duramax.com\/wp-content\/uploads\/2017\/01\/header-interior-filters.jpg","width":2000,"height":958},{"@type":"BreadcrumbList","@id":"https:\/\/duramax.com\/es\/productos-duramax\/filtros\/#breadcrumb","itemListElement":[{"@type":"ListItem","position":1,"name":"Home","item":"https:\/\/duramax.com\/es\/duramax-hogar-v2\/"},{"@type":"ListItem","position":2,"name":"Productos DuraMAX","item":"https:\/\/duramax.com\/es\/productos-duramax\/"},{"@type":"ListItem","position":3,"name":"Filtros"}]},{"@type":"WebSite","@id":"https:\/\/duramax.com\/es\/#website","url":"https:\/\/duramax.com\/es\/","name":"DuraMAX","description":"DuraMAX Liquid Armor Engine Warranty","publisher":{"@id":"https:\/\/duramax.com\/es\/#organization"},"potentialAction":[{"@type":"SearchAction","target":{"@type":"EntryPoint","urlTemplate":"https:\/\/duramax.com\/es\/?s={search_term_string}"},"query-input":{"@type":"PropertyValueSpecification","valueRequired":true,"valueName":"search_term_string"}}],"inLanguage":"es"},{"@type":"Organization","@id":"https:\/\/duramax.com\/es\/#organization","name":"DuraMAX","url":"https:\/\/duramax.com\/es\/","logo":{"@type":"ImageObject","inLanguage":"es","@id":"https:\/\/duramax.com\/es\/#\/schema\/logo\/image\/","url":"https:\/\/duramax.com\/wp-content\/uploads\/2025\/03\/DuraMAX-logo.svg","contentUrl":"https:\/\/duramax.com\/wp-content\/uploads\/2025\/03\/DuraMAX-logo.svg","caption":"DuraMAX"},"image":{"@id":"https:\/\/duramax.com\/es\/#\/schema\/logo\/image\/"}}]}},"_links":{"self":[{"href":"https:\/\/duramax.com\/es\/wp-json\/wp\/v2\/pages\/7400","targetHints":{"allow":["GET"]}}],"collection":[{"href":"https:\/\/duramax.com\/es\/wp-json\/wp\/v2\/pages"}],"about":[{"href":"https:\/\/duramax.com\/es\/wp-json\/wp\/v2\/types\/page"}],"author":[{"embeddable":true,"href":"https:\/\/duramax.com\/es\/wp-json\/wp\/v2\/users\/1"}],"replies":[{"embeddable":true,"href":"https:\/\/duramax.com\/es\/wp-json\/wp\/v2\/comments?post=7400"}],"version-history":[{"count":2,"href":"https:\/\/duramax.com\/es\/wp-json\/wp\/v2\/pages\/7400\/revisions"}],"predecessor-version":[{"id":8223,"href":"https:\/\/duramax.com\/es\/wp-json\/wp\/v2\/pages\/7400\/revisions\/8223"}],"up":[{"embeddable":true,"href":"https:\/\/duramax.com\/es\/wp-json\/wp\/v2\/pages\/7424"}],"wp:featuredmedia":[{"embeddable":true,"href":"https:\/\/duramax.com\/es\/wp-json\/wp\/v2\/media\/7235"}],"wp:attachment":[{"href":"https:\/\/duramax.com\/es\/wp-json\/wp\/v2\/media?parent=7400"}],"curies":[{"name":"wp","href":"https:\/\/api.w.org\/{rel}","templated":true}]}}