{"id":7404,"date":"2017-01-11T02:14:35","date_gmt":"2017-01-11T08:14:35","guid":{"rendered":"http:\/\/duramax:8888\/limpiaparabrisas\/"},"modified":"2025-11-02T22:37:55","modified_gmt":"2025-11-03T04:37:55","slug":"limpiaparabrisas","status":"publish","type":"page","link":"https:\/\/duramax.com\/es\/productos-duramax\/limpiaparabrisas\/","title":{"rendered":"Limpiaparabrisas"},"content":{"rendered":"<p>DuraMAX ofrece dos selecciones de escobillas limpiaparabrisas extremadamente duraderas y anticorrosivas, fabricadas pensando en la asequibilidad y la durabilidad. Se utilizan materias primas de calidad para fabricar las escobillas limpiaparabrisas, lo que produce un mejor rendimiento de limpieza en general.<\/p>\n<p>Consigue el <a href=\"http:\/\/showmetheparts.com\/duramax\/\" target=\"_blank\" rel=\"noopener noreferrer\"><strong>cat\u00e1logo en l\u00ednea<\/strong><\/a> y la correspondiente aplicaci\u00f3n Buscar disponible en <a href=\"https:\/\/play.google.com\/store\/apps\/details?id=com.verticaldev.duramax&amp;hl=en\">Google Play<\/a> e <a href=\"https:\/\/itunes.apple.com\/us\/app\/filter-and-wiper-lookup\/id1110985496?mt=8\">iTunes<\/a>.<\/p>\n","protected":false},"excerpt":{"rendered":"<p>DuraMAX ofrece dos selecciones de escobillas limpiaparabrisas extremadamente duraderas y anticorrosivas, fabricadas pensando en la asequibilidad y la durabilidad. Se utilizan materias primas de calidad para fabricar las escobillas limpiaparabrisas, lo que produce un mejor rendimiento de limpieza en general. Consigue el cat\u00e1logo en l\u00ednea y la correspondiente aplicaci\u00f3n Buscar disponible en Google Play e &hellip; <\/p>\n<p class=\"link-more\"><a href=\"https:\/\/duramax.com\/es\/productos-duramax\/limpiaparabrisas\/\" class=\"more-link\">Continue reading<span class=\"screen-reader-text\"> &#8220;Limpiaparabrisas&#8221;<\/span><\/a><\/p>\n","protected":false},"author":1,"featured_media":7238,"parent":7424,"menu_order":25,"comment_status":"closed","ping_status":"closed","template":"page_child-navigation-template.php","meta":{"_acf_changed":false,"footnotes":""},"class_list":["post-7404","page","type-page","status-publish","has-post-thumbnail","hentry"],"acf":{"duramax_products":[{"product_title":"UltraVISION Plus","product_image":{"ID":7247,"id":7247,"title":"wiper-blades-ultra-PLUS","filename":"wiper-blades-ultra-PLUS.png","filesize":976219,"url":"https:\/\/duramax.com\/wp-content\/uploads\/2020\/07\/wiper-blades-ultra-PLUS.png","link":"https:\/\/duramax.com\/es\/productos-duramax\/limpiaparabrisas\/wiper-blades-ultra-plus-2\/","alt":"","author":"3","description":"","caption":"","name":"wiper-blades-ultra-plus-2","status":"inherit","uploaded_to":7404,"date":"2020-07-08 14:27:05","modified":"2024-10-01 18:16:55","menu_order":0,"mime_type":"image\/png","type":"image","subtype":"png","icon":"https:\/\/duramax.com\/wp-includes\/images\/media\/default.png","width":940,"height":1836,"sizes":{"thumbnail":"https:\/\/duramax.com\/wp-content\/uploads\/2020\/07\/wiper-blades-ultra-PLUS-150x150.png","thumbnail-width":150,"thumbnail-height":150,"medium":"https:\/\/duramax.com\/wp-content\/uploads\/2020\/07\/wiper-blades-ultra-PLUS-154x300.png","medium-width":154,"medium-height":300,"medium_large":"https:\/\/duramax.com\/wp-content\/uploads\/2020\/07\/wiper-blades-ultra-PLUS-768x1500.png","medium_large-width":700,"medium_large-height":1367,"large":"https:\/\/duramax.com\/wp-content\/uploads\/2020\/07\/wiper-blades-ultra-PLUS-524x1024.png","large-width":524,"large-height":1024,"1536x1536":"https:\/\/duramax.com\/wp-content\/uploads\/2020\/07\/wiper-blades-ultra-PLUS.png","1536x1536-width":786,"1536x1536-height":1536,"2048x2048":"https:\/\/duramax.com\/wp-content\/uploads\/2020\/07\/wiper-blades-ultra-PLUS.png","2048x2048-width":940,"2048x2048-height":1836,"twentyseventeen-featured-image":"https:\/\/duramax.com\/wp-content\/uploads\/2020\/07\/wiper-blades-ultra-PLUS-940x1200.png","twentyseventeen-featured-image-width":940,"twentyseventeen-featured-image-height":1200,"twentyseventeen-thumbnail-avatar":"https:\/\/duramax.com\/wp-content\/uploads\/2020\/07\/wiper-blades-ultra-PLUS-100x100.png","twentyseventeen-thumbnail-avatar-width":100,"twentyseventeen-thumbnail-avatar-height":100,"duramax-header-image":"https:\/\/duramax.com\/wp-content\/uploads\/2020\/07\/wiper-blades-ultra-PLUS-940x840.png","duramax-header-image-width":940,"duramax-header-image-height":840,"prefooter-image":"https:\/\/duramax.com\/wp-content\/uploads\/2020\/07\/wiper-blades-ultra-PLUS-940x600.png","prefooter-image-width":940,"prefooter-image-height":600,"gform-image-choice-sm":"https:\/\/duramax.com\/wp-content\/uploads\/2020\/07\/wiper-blades-ultra-PLUS.png","gform-image-choice-sm-width":154,"gform-image-choice-sm-height":300,"gform-image-choice-md":"https:\/\/duramax.com\/wp-content\/uploads\/2020\/07\/wiper-blades-ultra-PLUS.png","gform-image-choice-md-width":205,"gform-image-choice-md-height":400,"gform-image-choice-lg":"https:\/\/duramax.com\/wp-content\/uploads\/2020\/07\/wiper-blades-ultra-PLUS.png","gform-image-choice-lg-width":307,"gform-image-choice-lg-height":600}},"product_description":"<h3><strong>Tecnolog\u00eda avanzada de vigas de Equipo Original<\/strong><\/h3>\n<p><b><\/b>La escobilla DuraMAX UltraVISION <em>Plus<\/em> es nuestra oferta premium para la instalaci\u00f3n de escobillas limpiaparabrisas. Esta opci\u00f3n mantiene el precio asequible al tiempo que ofrece una protecci\u00f3n adicional de la visibilidad y durabilidad para todas las condiciones meteorol\u00f3gicas. Las escobillas planas, o de haz, como se llaman com\u00fanmente, est\u00e1n ganando popularidad en el mercado. Se est\u00e1n convirtiendo en la instalaci\u00f3n original est\u00e1ndar para la mayor\u00eda de marcas y modelos de veh\u00edculos nuevos del mercado.   <\/p>\n<ul>\n<li>El innovador dise\u00f1o sin marco permite una visibilidad sin rayas<\/li>\n<li>Reducci\u00f3n significativa del ruido y del empuje del viento<\/li>\n<li>Se adapta a la mayor\u00eda de los veh\u00edculos, incluidas las aplicaciones de Equipo Original<\/li>\n<\/ul>\n<p>Las cuchillas DuraMAX UltraVISION <em>Plus<\/em> pueden instalarse de dos formas para tus distintas aplicaciones.<\/p>\n<ul>\n<li>Cubierta m\u00faltiple instalada<\/li>\n<li>Cubierta OE3 instalada<\/li>\n<\/ul>\n<p>Los adaptadores de la pala UltraVISION <em>Plus<\/em> son compatibles con 9 tipos de brazo diferentes. Hay disponibles dos adaptadores diferentes para trabajar con casi todos los tipos de veh\u00edculos. <strong>Resistentes al \u00f3xido<\/strong>: Las cuchillas DuraMAX UltraVISION <em>Plus<\/em> se probaron en la primera instalaci\u00f3n y despu\u00e9s de 200.000 y 500.000 ciclos. Todos los resultados mostraron ausencia de oxidaci\u00f3n, mientras que las dos principales marcas mostraron una oxidaci\u00f3n significativa en varios componentes de sus hojas planas competidoras. Otras caracter\u00edsticas de las cuchillas planas: Dise\u00f1o elegante y moderno que mantiene las escobillas m\u00e1s alejadas de la vista y proporciona un concepto de dise\u00f1o a juego con las marcas y modelos de veh\u00edculos m\u00e1s recientes.   <\/p>\n"},{"product_title":"ClearVISION","product_image":{"ID":7207,"id":7207,"title":"ClearVISION-wiper","filename":"ClearVISION-wiper.jpg","filesize":33530,"url":"https:\/\/duramax.com\/wp-content\/uploads\/2017\/01\/ClearVISION-wiper.jpg","link":"https:\/\/duramax.com\/es\/productos-duramax\/limpiaparabrisas\/clearvision-wiper-2\/","alt":"","author":"1","description":"","caption":"","name":"clearvision-wiper-2","status":"inherit","uploaded_to":7404,"date":"2017-01-30 19:40:43","modified":"2024-10-01 18:16:55","menu_order":0,"mime_type":"image\/jpeg","type":"image","subtype":"jpeg","icon":"https:\/\/duramax.com\/wp-includes\/images\/media\/default.png","width":300,"height":586,"sizes":{"thumbnail":"https:\/\/duramax.com\/wp-content\/uploads\/2017\/01\/ClearVISION-wiper-150x150.jpg","thumbnail-width":150,"thumbnail-height":150,"medium":"https:\/\/duramax.com\/wp-content\/uploads\/2017\/01\/ClearVISION-wiper-154x300.jpg","medium-width":154,"medium-height":300,"medium_large":"https:\/\/duramax.com\/wp-content\/uploads\/2017\/01\/ClearVISION-wiper.jpg","medium_large-width":300,"medium_large-height":586,"large":"https:\/\/duramax.com\/wp-content\/uploads\/2017\/01\/ClearVISION-wiper.jpg","large-width":300,"large-height":586,"1536x1536":"https:\/\/duramax.com\/wp-content\/uploads\/2017\/01\/ClearVISION-wiper.jpg","1536x1536-width":300,"1536x1536-height":586,"2048x2048":"https:\/\/duramax.com\/wp-content\/uploads\/2017\/01\/ClearVISION-wiper.jpg","2048x2048-width":300,"2048x2048-height":586,"twentyseventeen-featured-image":"https:\/\/duramax.com\/wp-content\/uploads\/2017\/01\/ClearVISION-wiper.jpg","twentyseventeen-featured-image-width":300,"twentyseventeen-featured-image-height":586,"twentyseventeen-thumbnail-avatar":"https:\/\/duramax.com\/wp-content\/uploads\/2017\/01\/ClearVISION-wiper-100x100.jpg","twentyseventeen-thumbnail-avatar-width":100,"twentyseventeen-thumbnail-avatar-height":100,"duramax-header-image":"https:\/\/duramax.com\/wp-content\/uploads\/2017\/01\/ClearVISION-wiper.jpg","duramax-header-image-width":300,"duramax-header-image-height":586,"prefooter-image":"https:\/\/duramax.com\/wp-content\/uploads\/2017\/01\/ClearVISION-wiper.jpg","prefooter-image-width":300,"prefooter-image-height":586,"gform-image-choice-sm":"https:\/\/duramax.com\/wp-content\/uploads\/2017\/01\/ClearVISION-wiper.jpg","gform-image-choice-sm-width":154,"gform-image-choice-sm-height":300,"gform-image-choice-md":"https:\/\/duramax.com\/wp-content\/uploads\/2017\/01\/ClearVISION-wiper.jpg","gform-image-choice-md-width":205,"gform-image-choice-md-height":400,"gform-image-choice-lg":"https:\/\/duramax.com\/wp-content\/uploads\/2017\/01\/ClearVISION-wiper.jpg","gform-image-choice-lg-width":300,"gform-image-choice-lg-height":586}},"product_description":"<h3><strong>Escobilla limpiaparabrisas OE Premium<\/strong><\/h3>\n<p>Las escobillas DuraMAX ClearVISION son las m\u00e1s asequibles de nuestra oferta de escobillas. Est\u00e1n dise\u00f1adas para funcionar con veh\u00edculos en los que originalmente se instalaron escobillas convencionales. La escobilla DuraMAX ClearVISION ofrece una opci\u00f3n asequible y de compatibilidad \u00f3ptima para los consumidores que desean un gran rendimiento sin un precio elevado.  <\/p>\n<ul>\n<li>Pa\u00f1o suave y limpio para una visibilidad clara<\/li>\n<li>Reduce el ruido, sin vibraciones<\/li>\n<li>Se adapta a la mayor\u00eda de los veh\u00edculos<\/li>\n<li>Adaptadores preinstalados para cobertura y f\u00e1cil instalaci\u00f3n en la mayor\u00eda de los veh\u00edculos.<\/li>\n<\/ul>\n"}]},"yoast_head":"<!-- This site is optimized with the Yoast SEO plugin v27.0 - https:\/\/yoast.com\/product\/yoast-seo-wordpress\/ -->\n<title>Limpiaparabrisas - DuraMAX<\/title>\n<meta name=\"robots\" content=\"index, follow, max-snippet:-1, max-image-preview:large, max-video-preview:-1\" \/>\n<link rel=\"canonical\" href=\"https:\/\/duramax.com\/es\/productos-duramax\/limpiaparabrisas\/\" \/>\n<meta property=\"og:locale\" content=\"es_ES\" \/>\n<meta property=\"og:type\" content=\"article\" \/>\n<meta property=\"og:title\" content=\"Limpiaparabrisas - DuraMAX\" \/>\n<meta property=\"og:description\" content=\"DuraMAX ofrece dos selecciones de escobillas limpiaparabrisas extremadamente duraderas y anticorrosivas, fabricadas pensando en la asequibilidad y la durabilidad. Se utilizan materias primas de calidad para fabricar las escobillas limpiaparabrisas, lo que produce un mejor rendimiento de limpieza en general. Consigue el cat\u00e1logo en l\u00ednea y la correspondiente aplicaci\u00f3n Buscar disponible en Google Play e &hellip; Continue reading &quot;Limpiaparabrisas&quot;\" \/>\n<meta property=\"og:url\" content=\"https:\/\/duramax.com\/es\/productos-duramax\/limpiaparabrisas\/\" \/>\n<meta property=\"og:site_name\" content=\"DuraMAX\" \/>\n<meta property=\"article:modified_time\" content=\"2025-11-03T04:37:55+00:00\" \/>\n<meta property=\"og:image\" content=\"https:\/\/duramax.com\/wp-content\/uploads\/2017\/01\/header-interior-wipers.jpg\" \/>\n\t<meta property=\"og:image:width\" content=\"2000\" \/>\n\t<meta property=\"og:image:height\" content=\"958\" \/>\n\t<meta property=\"og:image:type\" content=\"image\/jpeg\" \/>\n<meta name=\"twitter:card\" content=\"summary_large_image\" \/>\n<script type=\"application\/ld+json\" class=\"yoast-schema-graph\">{\"@context\":\"https:\/\/schema.org\",\"@graph\":[{\"@type\":\"WebPage\",\"@id\":\"https:\/\/duramax.com\/es\/productos-duramax\/limpiaparabrisas\/\",\"url\":\"https:\/\/duramax.com\/es\/productos-duramax\/limpiaparabrisas\/\",\"name\":\"Limpiaparabrisas - DuraMAX\",\"isPartOf\":{\"@id\":\"https:\/\/duramax.com\/es\/#website\"},\"primaryImageOfPage\":{\"@id\":\"https:\/\/duramax.com\/es\/productos-duramax\/limpiaparabrisas\/#primaryimage\"},\"image\":{\"@id\":\"https:\/\/duramax.com\/es\/productos-duramax\/limpiaparabrisas\/#primaryimage\"},\"thumbnailUrl\":\"https:\/\/duramax.com\/wp-content\/uploads\/2017\/01\/header-interior-wipers.jpg\",\"datePublished\":\"2017-01-11T08:14:35+00:00\",\"dateModified\":\"2025-11-03T04:37:55+00:00\",\"breadcrumb\":{\"@id\":\"https:\/\/duramax.com\/es\/productos-duramax\/limpiaparabrisas\/#breadcrumb\"},\"inLanguage\":\"es\",\"potentialAction\":[{\"@type\":\"ReadAction\",\"target\":[\"https:\/\/duramax.com\/es\/productos-duramax\/limpiaparabrisas\/\"]}]},{\"@type\":\"ImageObject\",\"inLanguage\":\"es\",\"@id\":\"https:\/\/duramax.com\/es\/productos-duramax\/limpiaparabrisas\/#primaryimage\",\"url\":\"https:\/\/duramax.com\/wp-content\/uploads\/2017\/01\/header-interior-wipers.jpg\",\"contentUrl\":\"https:\/\/duramax.com\/wp-content\/uploads\/2017\/01\/header-interior-wipers.jpg\",\"width\":2000,\"height\":958},{\"@type\":\"BreadcrumbList\",\"@id\":\"https:\/\/duramax.com\/es\/productos-duramax\/limpiaparabrisas\/#breadcrumb\",\"itemListElement\":[{\"@type\":\"ListItem\",\"position\":1,\"name\":\"Home\",\"item\":\"https:\/\/duramax.com\/es\/duramax-hogar-v2\/\"},{\"@type\":\"ListItem\",\"position\":2,\"name\":\"Productos DuraMAX\",\"item\":\"https:\/\/duramax.com\/es\/productos-duramax\/\"},{\"@type\":\"ListItem\",\"position\":3,\"name\":\"Limpiaparabrisas\"}]},{\"@type\":\"WebSite\",\"@id\":\"https:\/\/duramax.com\/es\/#website\",\"url\":\"https:\/\/duramax.com\/es\/\",\"name\":\"DuraMAX\",\"description\":\"DuraMAX Liquid Armor Engine Warranty\",\"publisher\":{\"@id\":\"https:\/\/duramax.com\/es\/#organization\"},\"potentialAction\":[{\"@type\":\"SearchAction\",\"target\":{\"@type\":\"EntryPoint\",\"urlTemplate\":\"https:\/\/duramax.com\/es\/?s={search_term_string}\"},\"query-input\":{\"@type\":\"PropertyValueSpecification\",\"valueRequired\":true,\"valueName\":\"search_term_string\"}}],\"inLanguage\":\"es\"},{\"@type\":\"Organization\",\"@id\":\"https:\/\/duramax.com\/es\/#organization\",\"name\":\"DuraMAX\",\"url\":\"https:\/\/duramax.com\/es\/\",\"logo\":{\"@type\":\"ImageObject\",\"inLanguage\":\"es\",\"@id\":\"https:\/\/duramax.com\/es\/#\/schema\/logo\/image\/\",\"url\":\"https:\/\/duramax.com\/wp-content\/uploads\/2025\/03\/DuraMAX-logo.svg\",\"contentUrl\":\"https:\/\/duramax.com\/wp-content\/uploads\/2025\/03\/DuraMAX-logo.svg\",\"caption\":\"DuraMAX\"},\"image\":{\"@id\":\"https:\/\/duramax.com\/es\/#\/schema\/logo\/image\/\"}}]}<\/script>\n<!-- \/ Yoast SEO plugin. -->","yoast_head_json":{"title":"Limpiaparabrisas - DuraMAX","robots":{"index":"index","follow":"follow","max-snippet":"max-snippet:-1","max-image-preview":"max-image-preview:large","max-video-preview":"max-video-preview:-1"},"canonical":"https:\/\/duramax.com\/es\/productos-duramax\/limpiaparabrisas\/","og_locale":"es_ES","og_type":"article","og_title":"Limpiaparabrisas - DuraMAX","og_description":"DuraMAX ofrece dos selecciones de escobillas limpiaparabrisas extremadamente duraderas y anticorrosivas, fabricadas pensando en la asequibilidad y la durabilidad. Se utilizan materias primas de calidad para fabricar las escobillas limpiaparabrisas, lo que produce un mejor rendimiento de limpieza en general. Consigue el cat\u00e1logo en l\u00ednea y la correspondiente aplicaci\u00f3n Buscar disponible en Google Play e &hellip; Continue reading \"Limpiaparabrisas\"","og_url":"https:\/\/duramax.com\/es\/productos-duramax\/limpiaparabrisas\/","og_site_name":"DuraMAX","article_modified_time":"2025-11-03T04:37:55+00:00","og_image":[{"width":2000,"height":958,"url":"https:\/\/duramax.com\/wp-content\/uploads\/2017\/01\/header-interior-wipers.jpg","type":"image\/jpeg"}],"twitter_card":"summary_large_image","schema":{"@context":"https:\/\/schema.org","@graph":[{"@type":"WebPage","@id":"https:\/\/duramax.com\/es\/productos-duramax\/limpiaparabrisas\/","url":"https:\/\/duramax.com\/es\/productos-duramax\/limpiaparabrisas\/","name":"Limpiaparabrisas - DuraMAX","isPartOf":{"@id":"https:\/\/duramax.com\/es\/#website"},"primaryImageOfPage":{"@id":"https:\/\/duramax.com\/es\/productos-duramax\/limpiaparabrisas\/#primaryimage"},"image":{"@id":"https:\/\/duramax.com\/es\/productos-duramax\/limpiaparabrisas\/#primaryimage"},"thumbnailUrl":"https:\/\/duramax.com\/wp-content\/uploads\/2017\/01\/header-interior-wipers.jpg","datePublished":"2017-01-11T08:14:35+00:00","dateModified":"2025-11-03T04:37:55+00:00","breadcrumb":{"@id":"https:\/\/duramax.com\/es\/productos-duramax\/limpiaparabrisas\/#breadcrumb"},"inLanguage":"es","potentialAction":[{"@type":"ReadAction","target":["https:\/\/duramax.com\/es\/productos-duramax\/limpiaparabrisas\/"]}]},{"@type":"ImageObject","inLanguage":"es","@id":"https:\/\/duramax.com\/es\/productos-duramax\/limpiaparabrisas\/#primaryimage","url":"https:\/\/duramax.com\/wp-content\/uploads\/2017\/01\/header-interior-wipers.jpg","contentUrl":"https:\/\/duramax.com\/wp-content\/uploads\/2017\/01\/header-interior-wipers.jpg","width":2000,"height":958},{"@type":"BreadcrumbList","@id":"https:\/\/duramax.com\/es\/productos-duramax\/limpiaparabrisas\/#breadcrumb","itemListElement":[{"@type":"ListItem","position":1,"name":"Home","item":"https:\/\/duramax.com\/es\/duramax-hogar-v2\/"},{"@type":"ListItem","position":2,"name":"Productos DuraMAX","item":"https:\/\/duramax.com\/es\/productos-duramax\/"},{"@type":"ListItem","position":3,"name":"Limpiaparabrisas"}]},{"@type":"WebSite","@id":"https:\/\/duramax.com\/es\/#website","url":"https:\/\/duramax.com\/es\/","name":"DuraMAX","description":"DuraMAX Liquid Armor Engine Warranty","publisher":{"@id":"https:\/\/duramax.com\/es\/#organization"},"potentialAction":[{"@type":"SearchAction","target":{"@type":"EntryPoint","urlTemplate":"https:\/\/duramax.com\/es\/?s={search_term_string}"},"query-input":{"@type":"PropertyValueSpecification","valueRequired":true,"valueName":"search_term_string"}}],"inLanguage":"es"},{"@type":"Organization","@id":"https:\/\/duramax.com\/es\/#organization","name":"DuraMAX","url":"https:\/\/duramax.com\/es\/","logo":{"@type":"ImageObject","inLanguage":"es","@id":"https:\/\/duramax.com\/es\/#\/schema\/logo\/image\/","url":"https:\/\/duramax.com\/wp-content\/uploads\/2025\/03\/DuraMAX-logo.svg","contentUrl":"https:\/\/duramax.com\/wp-content\/uploads\/2025\/03\/DuraMAX-logo.svg","caption":"DuraMAX"},"image":{"@id":"https:\/\/duramax.com\/es\/#\/schema\/logo\/image\/"}}]}},"_links":{"self":[{"href":"https:\/\/duramax.com\/es\/wp-json\/wp\/v2\/pages\/7404","targetHints":{"allow":["GET"]}}],"collection":[{"href":"https:\/\/duramax.com\/es\/wp-json\/wp\/v2\/pages"}],"about":[{"href":"https:\/\/duramax.com\/es\/wp-json\/wp\/v2\/types\/page"}],"author":[{"embeddable":true,"href":"https:\/\/duramax.com\/es\/wp-json\/wp\/v2\/users\/1"}],"replies":[{"embeddable":true,"href":"https:\/\/duramax.com\/es\/wp-json\/wp\/v2\/comments?post=7404"}],"version-history":[{"count":2,"href":"https:\/\/duramax.com\/es\/wp-json\/wp\/v2\/pages\/7404\/revisions"}],"predecessor-version":[{"id":12201,"href":"https:\/\/duramax.com\/es\/wp-json\/wp\/v2\/pages\/7404\/revisions\/12201"}],"up":[{"embeddable":true,"href":"https:\/\/duramax.com\/es\/wp-json\/wp\/v2\/pages\/7424"}],"wp:featuredmedia":[{"embeddable":true,"href":"https:\/\/duramax.com\/es\/wp-json\/wp\/v2\/media\/7238"}],"wp:attachment":[{"href":"https:\/\/duramax.com\/es\/wp-json\/wp\/v2\/media?parent=7404"}],"curies":[{"name":"wp","href":"https:\/\/api.w.org\/{rel}","templated":true}]}}