{"id":7428,"date":"2017-01-11T02:11:08","date_gmt":"2017-01-11T08:11:08","guid":{"rendered":"http:\/\/duramax:8888\/certificado-de-servicio\/"},"modified":"2024-11-13T16:40:15","modified_gmt":"2024-11-13T22:40:15","slug":"certificado-de-servicio","status":"publish","type":"page","link":"https:\/\/duramax.com\/es\/certificado-de-servicio\/","title":{"rendered":"Certificado de servicio"},"content":{"rendered":"\n<h2 style=\"text-align: center;\">\u00a1Guarda un sobre y un sello!<\/h2>\n<p style=\"text-align: center;\"><a href=\"https:\/\/apfco.com\/secure\/W1693R\/\" target=\"_blank\" rel=\"noopener noreferrer\">Env\u00eda la informaci\u00f3n de tu Certificado de servicio en l\u00ednea<\/a>.<\/p>\n<p style=\"text-align: center;\"><a class=\"chromeBorder blueBTN\" style=\"text-align: center;\" href=\"https:\/\/apfco.com\/secure\/W1693R\/\"><span>Enviar en l\u00ednea<\/span><\/a><\/p>\n<hr\/><h2 style=\"text-align: center;\">\u00bfPrefieres l\u00e1piz y papel?<\/h2>\n<p style=\"text-align: center;\"><strong>No hay problema.<\/strong><\/p>\n<p style=\"text-align: center;\">Descarga el formulario de Certificado de Servicio correspondiente de las opciones que aparecen a continuaci\u00f3n para enviarlo por correo junto con el recibo del cambio de aceite.<\/p>\n<div id=\"certificateOuterContainer\">\n<div class=\"certificateContainer\"><a href=\"\/wp-content\/uploads\/2020\/08\/Service-Certificate-General-08-2020.pdf\"><img fetchpriority=\"high\" decoding=\"async\" class=\"alignnone wp-image-4092\" src=\"\/wp-content\/uploads\/2020\/08\/Service-Certificate-General-08-2020-01-1-200x300.png\" alt=\"\" width=\"576\" height=\"864\"\/><\/a><br\/><a class=\"certificateBTN chromeBorder blueBTN\" href=\"\/wp-content\/uploads\/2020\/08\/Service-Certificate-General-08-2020.pdf\"><span>General<\/span><\/a>Certificado de servicio<\/div>\n<div class=\"certificateContainer\"><a href=\"\/wp-content\/uploads\/2020\/08\/Service-Certificate-Fall-RED-08-2020.pdf\"><img decoding=\"async\" class=\"alignnone wp-image-4093\" src=\"\/wp-content\/uploads\/2020\/08\/Service-Certificate-Fall-RED-08-2020-01-200x300.png\" alt=\"\" width=\"576\" height=\"864\"\/><\/a><br\/><a class=\"certificateBTN chromeBorder blueBTN\" href=\"\/wp-content\/uploads\/2020\/08\/Service-Certificate-Fall-RED-08-2020.pdf\"><span>Oto\u00f1o<\/span><\/a>Certificado de Servicio<\/div>\n<div class=\"certificateContainer\"><a href=\"\/wp-content\/uploads\/2020\/08\/Service-Certificate-Spring-Green-08-2020.pdf\"><img decoding=\"async\" class=\"alignnone wp-image-4091\" src=\"https:\/\/duramaxoil.com\/wp-content\/uploads\/2020\/08\/Service-Certificate-Spring-Green-08-2020-01-200x300.png\" alt=\"\" width=\"576\" height=\"864\"\/><\/a><br\/><a class=\"certificateBTN chromeBorder blueBTN\" href=\"\/wp-content\/uploads\/2020\/08\/Service-Certificate-Spring-Green-08-2020.pdf\"><span>Primavera<\/span><\/a>Certificado de servicio<\/div>\n<\/div>\n<hr\/><p>El programa de Certificado de Servicio DuraMAX te permite obtener hasta 10 $ de descuento en tu pr\u00f3ximo cambio de aceite o servicio del veh\u00edculo con s\u00f3lo cinco sencillos pasos.\nLo mejor del programa de Certificado de Servicio DuraMAX es que \u00a1nunca termina!\nMientras sigas pidiendo aceite de motor DuraMAX en tu estaci\u00f3n de cambio de aceite preferida, podr\u00e1s solicitar un certificado de servicio cada vez.\nCon los cambios de aceite DuraMAX, te aseguras un producto de alto rendimiento y calidad para tu veh\u00edculo.\nAdem\u00e1s, al aprovechar nuestro programa de certificados de servicio, \u00a1obtendr\u00e1s el m\u00e1ximo ahorro!    <\/p>\n<p style=\"text-align: center;\"><a href=\"http:\/\/duramax:8888\/terms-conditions\/\">Condiciones<\/a> del certificado de servicio.<\/p>\n","protected":false},"excerpt":{"rendered":"<p>\u00a1Guarda un sobre y un sello! Env\u00eda la informaci\u00f3n de tu Certificado de servicio en l\u00ednea. Enviar en l\u00ednea \u00bfPrefieres l\u00e1piz y papel? No hay problema. Descarga el formulario de Certificado de Servicio correspondiente de las opciones que aparecen a continuaci\u00f3n para enviarlo por correo junto con el recibo del cambio de aceite. GeneralCertificado de &hellip; <\/p>\n<p class=\"link-more\"><a href=\"https:\/\/duramax.com\/es\/certificado-de-servicio\/\" class=\"more-link\">Continue reading<span class=\"screen-reader-text\"> &#8220;Certificado de servicio&#8221;<\/span><\/a><\/p>\n","protected":false},"author":1,"featured_media":7231,"parent":0,"menu_order":0,"comment_status":"closed","ping_status":"closed","template":"","meta":{"_acf_changed":false,"footnotes":""},"class_list":["post-7428","page","type-page","status-publish","has-post-thumbnail","hentry"],"acf":[],"yoast_head":"<!-- This site is optimized with the Yoast SEO plugin v27.0 - https:\/\/yoast.com\/product\/yoast-seo-wordpress\/ -->\n<title>Certificado de servicio - DuraMAX<\/title>\n<meta name=\"robots\" content=\"index, follow, max-snippet:-1, max-image-preview:large, max-video-preview:-1\" \/>\n<link rel=\"canonical\" href=\"https:\/\/duramax.com\/es\/certificado-de-servicio\/\" \/>\n<meta property=\"og:locale\" content=\"es_ES\" \/>\n<meta property=\"og:type\" content=\"article\" \/>\n<meta property=\"og:title\" content=\"Certificado de servicio - DuraMAX\" \/>\n<meta property=\"og:description\" content=\"\u00a1Guarda un sobre y un sello! Env\u00eda la informaci\u00f3n de tu Certificado de servicio en l\u00ednea. Enviar en l\u00ednea \u00bfPrefieres l\u00e1piz y papel? No hay problema. Descarga el formulario de Certificado de Servicio correspondiente de las opciones que aparecen a continuaci\u00f3n para enviarlo por correo junto con el recibo del cambio de aceite. GeneralCertificado de &hellip; Continue reading &quot;Certificado de servicio&quot;\" \/>\n<meta property=\"og:url\" content=\"https:\/\/duramax.com\/es\/certificado-de-servicio\/\" \/>\n<meta property=\"og:site_name\" content=\"DuraMAX\" \/>\n<meta property=\"article:modified_time\" content=\"2024-11-13T22:40:15+00:00\" \/>\n<meta property=\"og:image\" content=\"https:\/\/duramax.com\/wp-content\/uploads\/2017\/01\/header-interior-servicecert-v2.jpg\" \/>\n\t<meta property=\"og:image:width\" content=\"2000\" \/>\n\t<meta property=\"og:image:height\" content=\"958\" \/>\n\t<meta property=\"og:image:type\" content=\"image\/jpeg\" \/>\n<meta name=\"twitter:card\" content=\"summary_large_image\" \/>\n<meta name=\"twitter:label1\" content=\"Tiempo de lectura\" \/>\n\t<meta name=\"twitter:data1\" content=\"1 minuto\" \/>\n<script type=\"application\/ld+json\" class=\"yoast-schema-graph\">{\"@context\":\"https:\/\/schema.org\",\"@graph\":[{\"@type\":\"WebPage\",\"@id\":\"https:\/\/duramax.com\/es\/certificado-de-servicio\/\",\"url\":\"https:\/\/duramax.com\/es\/certificado-de-servicio\/\",\"name\":\"Certificado de servicio - DuraMAX\",\"isPartOf\":{\"@id\":\"https:\/\/duramax.com\/es\/#website\"},\"primaryImageOfPage\":{\"@id\":\"https:\/\/duramax.com\/es\/certificado-de-servicio\/#primaryimage\"},\"image\":{\"@id\":\"https:\/\/duramax.com\/es\/certificado-de-servicio\/#primaryimage\"},\"thumbnailUrl\":\"https:\/\/duramax.com\/wp-content\/uploads\/2017\/01\/header-interior-servicecert-v2.jpg\",\"datePublished\":\"2017-01-11T08:11:08+00:00\",\"dateModified\":\"2024-11-13T22:40:15+00:00\",\"breadcrumb\":{\"@id\":\"https:\/\/duramax.com\/es\/certificado-de-servicio\/#breadcrumb\"},\"inLanguage\":\"es\",\"potentialAction\":[{\"@type\":\"ReadAction\",\"target\":[\"https:\/\/duramax.com\/es\/certificado-de-servicio\/\"]}]},{\"@type\":\"ImageObject\",\"inLanguage\":\"es\",\"@id\":\"https:\/\/duramax.com\/es\/certificado-de-servicio\/#primaryimage\",\"url\":\"https:\/\/duramax.com\/wp-content\/uploads\/2017\/01\/header-interior-servicecert-v2.jpg\",\"contentUrl\":\"https:\/\/duramax.com\/wp-content\/uploads\/2017\/01\/header-interior-servicecert-v2.jpg\",\"width\":2000,\"height\":958},{\"@type\":\"BreadcrumbList\",\"@id\":\"https:\/\/duramax.com\/es\/certificado-de-servicio\/#breadcrumb\",\"itemListElement\":[{\"@type\":\"ListItem\",\"position\":1,\"name\":\"Home\",\"item\":\"https:\/\/duramax.com\/es\/duramax-hogar-v2\/\"},{\"@type\":\"ListItem\",\"position\":2,\"name\":\"Certificado de servicio\"}]},{\"@type\":\"WebSite\",\"@id\":\"https:\/\/duramax.com\/es\/#website\",\"url\":\"https:\/\/duramax.com\/es\/\",\"name\":\"DuraMAX\",\"description\":\"DuraMAX Liquid Armor Engine Warranty\",\"publisher\":{\"@id\":\"https:\/\/duramax.com\/es\/#organization\"},\"potentialAction\":[{\"@type\":\"SearchAction\",\"target\":{\"@type\":\"EntryPoint\",\"urlTemplate\":\"https:\/\/duramax.com\/es\/?s={search_term_string}\"},\"query-input\":{\"@type\":\"PropertyValueSpecification\",\"valueRequired\":true,\"valueName\":\"search_term_string\"}}],\"inLanguage\":\"es\"},{\"@type\":\"Organization\",\"@id\":\"https:\/\/duramax.com\/es\/#organization\",\"name\":\"DuraMAX\",\"url\":\"https:\/\/duramax.com\/es\/\",\"logo\":{\"@type\":\"ImageObject\",\"inLanguage\":\"es\",\"@id\":\"https:\/\/duramax.com\/es\/#\/schema\/logo\/image\/\",\"url\":\"https:\/\/duramax.com\/wp-content\/uploads\/2025\/03\/DuraMAX-logo.svg\",\"contentUrl\":\"https:\/\/duramax.com\/wp-content\/uploads\/2025\/03\/DuraMAX-logo.svg\",\"caption\":\"DuraMAX\"},\"image\":{\"@id\":\"https:\/\/duramax.com\/es\/#\/schema\/logo\/image\/\"}}]}<\/script>\n<!-- \/ Yoast SEO plugin. -->","yoast_head_json":{"title":"Certificado de servicio - DuraMAX","robots":{"index":"index","follow":"follow","max-snippet":"max-snippet:-1","max-image-preview":"max-image-preview:large","max-video-preview":"max-video-preview:-1"},"canonical":"https:\/\/duramax.com\/es\/certificado-de-servicio\/","og_locale":"es_ES","og_type":"article","og_title":"Certificado de servicio - DuraMAX","og_description":"\u00a1Guarda un sobre y un sello! Env\u00eda la informaci\u00f3n de tu Certificado de servicio en l\u00ednea. Enviar en l\u00ednea \u00bfPrefieres l\u00e1piz y papel? No hay problema. Descarga el formulario de Certificado de Servicio correspondiente de las opciones que aparecen a continuaci\u00f3n para enviarlo por correo junto con el recibo del cambio de aceite. GeneralCertificado de &hellip; Continue reading \"Certificado de servicio\"","og_url":"https:\/\/duramax.com\/es\/certificado-de-servicio\/","og_site_name":"DuraMAX","article_modified_time":"2024-11-13T22:40:15+00:00","og_image":[{"width":2000,"height":958,"url":"https:\/\/duramax.com\/wp-content\/uploads\/2017\/01\/header-interior-servicecert-v2.jpg","type":"image\/jpeg"}],"twitter_card":"summary_large_image","twitter_misc":{"Tiempo de lectura":"1 minuto"},"schema":{"@context":"https:\/\/schema.org","@graph":[{"@type":"WebPage","@id":"https:\/\/duramax.com\/es\/certificado-de-servicio\/","url":"https:\/\/duramax.com\/es\/certificado-de-servicio\/","name":"Certificado de servicio - DuraMAX","isPartOf":{"@id":"https:\/\/duramax.com\/es\/#website"},"primaryImageOfPage":{"@id":"https:\/\/duramax.com\/es\/certificado-de-servicio\/#primaryimage"},"image":{"@id":"https:\/\/duramax.com\/es\/certificado-de-servicio\/#primaryimage"},"thumbnailUrl":"https:\/\/duramax.com\/wp-content\/uploads\/2017\/01\/header-interior-servicecert-v2.jpg","datePublished":"2017-01-11T08:11:08+00:00","dateModified":"2024-11-13T22:40:15+00:00","breadcrumb":{"@id":"https:\/\/duramax.com\/es\/certificado-de-servicio\/#breadcrumb"},"inLanguage":"es","potentialAction":[{"@type":"ReadAction","target":["https:\/\/duramax.com\/es\/certificado-de-servicio\/"]}]},{"@type":"ImageObject","inLanguage":"es","@id":"https:\/\/duramax.com\/es\/certificado-de-servicio\/#primaryimage","url":"https:\/\/duramax.com\/wp-content\/uploads\/2017\/01\/header-interior-servicecert-v2.jpg","contentUrl":"https:\/\/duramax.com\/wp-content\/uploads\/2017\/01\/header-interior-servicecert-v2.jpg","width":2000,"height":958},{"@type":"BreadcrumbList","@id":"https:\/\/duramax.com\/es\/certificado-de-servicio\/#breadcrumb","itemListElement":[{"@type":"ListItem","position":1,"name":"Home","item":"https:\/\/duramax.com\/es\/duramax-hogar-v2\/"},{"@type":"ListItem","position":2,"name":"Certificado de servicio"}]},{"@type":"WebSite","@id":"https:\/\/duramax.com\/es\/#website","url":"https:\/\/duramax.com\/es\/","name":"DuraMAX","description":"DuraMAX Liquid Armor Engine Warranty","publisher":{"@id":"https:\/\/duramax.com\/es\/#organization"},"potentialAction":[{"@type":"SearchAction","target":{"@type":"EntryPoint","urlTemplate":"https:\/\/duramax.com\/es\/?s={search_term_string}"},"query-input":{"@type":"PropertyValueSpecification","valueRequired":true,"valueName":"search_term_string"}}],"inLanguage":"es"},{"@type":"Organization","@id":"https:\/\/duramax.com\/es\/#organization","name":"DuraMAX","url":"https:\/\/duramax.com\/es\/","logo":{"@type":"ImageObject","inLanguage":"es","@id":"https:\/\/duramax.com\/es\/#\/schema\/logo\/image\/","url":"https:\/\/duramax.com\/wp-content\/uploads\/2025\/03\/DuraMAX-logo.svg","contentUrl":"https:\/\/duramax.com\/wp-content\/uploads\/2025\/03\/DuraMAX-logo.svg","caption":"DuraMAX"},"image":{"@id":"https:\/\/duramax.com\/es\/#\/schema\/logo\/image\/"}}]}},"_links":{"self":[{"href":"https:\/\/duramax.com\/es\/wp-json\/wp\/v2\/pages\/7428","targetHints":{"allow":["GET"]}}],"collection":[{"href":"https:\/\/duramax.com\/es\/wp-json\/wp\/v2\/pages"}],"about":[{"href":"https:\/\/duramax.com\/es\/wp-json\/wp\/v2\/types\/page"}],"author":[{"embeddable":true,"href":"https:\/\/duramax.com\/es\/wp-json\/wp\/v2\/users\/1"}],"replies":[{"embeddable":true,"href":"https:\/\/duramax.com\/es\/wp-json\/wp\/v2\/comments?post=7428"}],"version-history":[{"count":0,"href":"https:\/\/duramax.com\/es\/wp-json\/wp\/v2\/pages\/7428\/revisions"}],"wp:featuredmedia":[{"embeddable":true,"href":"https:\/\/duramax.com\/es\/wp-json\/wp\/v2\/media\/7231"}],"wp:attachment":[{"href":"https:\/\/duramax.com\/es\/wp-json\/wp\/v2\/media?parent=7428"}],"curies":[{"name":"wp","href":"https:\/\/api.w.org\/{rel}","templated":true}]}}