{"id":8718,"date":"2025-03-24T14:34:25","date_gmt":"2025-03-24T19:34:25","guid":{"rendered":"https:\/\/duramax.com\/product\/liquidos-de-transmision\/atf-sintetico-global\/"},"modified":"2025-07-02T09:59:05","modified_gmt":"2025-07-02T14:59:05","slug":"atf-sintetico-global","status":"publish","type":"product","link":"https:\/\/duramax.com\/es\/product\/liquidos-de-transmision\/atf-sintetico-global\/","title":{"rendered":"ATF Sint\u00e9tico Global"},"content":{"rendered":"\t\t<div data-elementor-type=\"wp-post\" data-elementor-id=\"8718\" class=\"elementor elementor-8718 elementor-8644\" data-elementor-post-type=\"product\">\n\t\t\t\t<div class=\"elementor-element elementor-element-41781dcf e-con-full e-flex e-con e-parent\" data-id=\"41781dcf\" data-element_type=\"container\" data-e-type=\"container\">\n\t\t\t\t<div class=\"elementor-element elementor-element-6def483a elementor-absolute elementor-hidden-desktop elementor-hidden-tablet_extra elementor-widget-divider--view-line elementor-widget elementor-widget-divider\" data-id=\"6def483a\" data-element_type=\"widget\" data-e-type=\"widget\" data-settings=\"{&quot;_position&quot;:&quot;absolute&quot;}\" data-widget_type=\"divider.default\">\n\t\t\t\t<div class=\"elementor-widget-container\">\n\t\t\t\t\t\t\t<div class=\"elementor-divider\">\n\t\t\t<span class=\"elementor-divider-separator\">\n\t\t\t\t\t\t<\/span>\n\t\t<\/div>\n\t\t\t\t\t\t<\/div>\n\t\t\t\t<\/div>\n\t\t\t\t<div class=\"elementor-element elementor-element-66097ebe elementor-hidden-desktop elementor-hidden-tablet_extra elementor-widget elementor-widget-heading\" data-id=\"66097ebe\" data-element_type=\"widget\" data-e-type=\"widget\" data-widget_type=\"heading.default\">\n\t\t\t\t<div class=\"elementor-widget-container\">\n\t\t\t\t\t<h2 class=\"elementor-heading-title elementor-size-default\">ATF Sint\u00e9tico Global<\/h2>\t\t\t\t<\/div>\n\t\t\t\t<\/div>\n\t\t<div class=\"elementor-element elementor-element-386fcca1 e-con-full e-flex e-con e-child\" data-id=\"386fcca1\" data-element_type=\"container\" data-e-type=\"container\">\n\t\t\t\t<div class=\"elementor-element elementor-element-78717d7b elementor-widget elementor-widget-image\" data-id=\"78717d7b\" data-element_type=\"widget\" data-e-type=\"widget\" data-widget_type=\"image.default\">\n\t\t\t\t<div class=\"elementor-widget-container\">\n\t\t\t\t\t\t\t\t\t\t\t\t\t\t\t<img fetchpriority=\"high\" decoding=\"async\" width=\"489\" height=\"1024\" src=\"https:\/\/duramax.com\/wp-content\/uploads\/2025\/03\/DMX-GLOBAL-ATF-1Qt-489x1024.png\" class=\"attachment-large size-large wp-image-9183\" alt=\"\" srcset=\"https:\/\/duramax.com\/wp-content\/uploads\/2025\/03\/DMX-GLOBAL-ATF-1Qt-489x1024.png 489w, https:\/\/duramax.com\/wp-content\/uploads\/2025\/03\/DMX-GLOBAL-ATF-1Qt-143x300.png 143w, https:\/\/duramax.com\/wp-content\/uploads\/2025\/03\/DMX-GLOBAL-ATF-1Qt.png 717w\" sizes=\"100vw\" \/>\t\t\t\t\t\t\t\t\t\t\t\t\t\t\t<\/div>\n\t\t\t\t<\/div>\n\t\t\t\t<\/div>\n\t\t<div class=\"elementor-element elementor-element-240178ff e-con-full e-flex e-con e-child\" data-id=\"240178ff\" data-element_type=\"container\" data-e-type=\"container\">\n\t\t<div class=\"elementor-element elementor-element-2cf951e7 e-con-full e-flex e-con e-child\" data-id=\"2cf951e7\" data-element_type=\"container\" data-e-type=\"container\" data-settings=\"{&quot;background_background&quot;:&quot;gradient&quot;}\">\n\t\t\t\t<div class=\"elementor-element elementor-element-2c9278c elementor-widget__width-initial elementor-absolute elementor-widget elementor-widget-image\" data-id=\"2c9278c\" data-element_type=\"widget\" data-e-type=\"widget\" data-settings=\"{&quot;_position&quot;:&quot;absolute&quot;}\" data-widget_type=\"image.default\">\n\t\t\t\t<div class=\"elementor-widget-container\">\n\t\t\t\t\t\t\t\t\t\t\t\t\t\t\t<img decoding=\"async\" width=\"275\" height=\"273\" src=\"https:\/\/duramax.com\/wp-content\/uploads\/2025\/03\/made-in-usa@3x-8.png\" class=\"attachment-medium size-medium wp-image-8782\" alt=\"\" srcset=\"https:\/\/duramax.com\/wp-content\/uploads\/2025\/03\/made-in-usa@3x-8.png 275w, https:\/\/duramax.com\/wp-content\/uploads\/2025\/03\/made-in-usa@3x-8-150x150.png 150w, https:\/\/duramax.com\/wp-content\/uploads\/2025\/03\/made-in-usa@3x-8-100x100.png 100w\" sizes=\"100vw\" \/>\t\t\t\t\t\t\t\t\t\t\t\t\t\t\t<\/div>\n\t\t\t\t<\/div>\n\t\t<div class=\"elementor-element elementor-element-477821a e-con-full e-flex e-con e-child\" data-id=\"477821a\" data-element_type=\"container\" data-e-type=\"container\">\n\t\t\t\t<div class=\"elementor-element elementor-element-498ddfc elementor-hidden-tablet elementor-hidden-mobile elementor-widget elementor-widget-heading\" data-id=\"498ddfc\" data-element_type=\"widget\" data-e-type=\"widget\" data-widget_type=\"heading.default\">\n\t\t\t\t<div class=\"elementor-widget-container\">\n\t\t\t\t\t<h1 class=\"elementor-heading-title elementor-size-default\">ATF Sint\u00e9tico Global<\/h1>\t\t\t\t<\/div>\n\t\t\t\t<\/div>\n\t\t\t\t<div class=\"elementor-element elementor-element-0519fcd elementor-widget elementor-widget-heading\" data-id=\"0519fcd\" data-element_type=\"widget\" data-e-type=\"widget\" data-widget_type=\"heading.default\">\n\t\t\t\t<div class=\"elementor-widget-container\">\n\t\t\t\t\t<h2 class=\"elementor-heading-title elementor-size-default\">Prestaciones de primera para transmisiones autom\u00e1ticas modernas\n<\/h2>\t\t\t\t<\/div>\n\t\t\t\t<\/div>\n\t\t\t\t<div class=\"elementor-element elementor-element-455485ea elementor-widget__width-initial elementor-widget elementor-widget-text-editor\" data-id=\"455485ea\" data-element_type=\"widget\" data-e-type=\"widget\" data-widget_type=\"text-editor.default\">\n\t\t\t\t<div class=\"elementor-widget-container\">\n\t\t\t\t\t\t\t\t\t<p>DuraMAX\u00ae Global Synthetic ATF es un <b>l\u00edquido de transmisi\u00f3n autom\u00e1tica totalmente sint\u00e9tico<\/b> dise\u00f1ado para los turismos y camiones ligeros avanzados de hoy en d\u00eda. Espec\u00edficamente dise\u00f1ado para transmisiones que requieren <b>fluidos sint\u00e9ticos de baja viscosidad<\/b>, combina <b>aceites base sint\u00e9ticos de gran pureza<\/b> con una tecnolog\u00eda de aditivos de vanguardia para ofrecer un cambio de marchas suave y eficaz y una protecci\u00f3n duradera. <\/p>\t\t\t\t\t\t\t\t<\/div>\n\t\t\t\t<\/div>\n\t\t\t\t<div class=\"elementor-element elementor-element-397dfd0 elementor-widget__width-initial elementor-widget elementor-widget-text-editor\" data-id=\"397dfd0\" data-element_type=\"widget\" data-e-type=\"widget\" data-widget_type=\"text-editor.default\">\n\t\t\t\t<div class=\"elementor-widget-container\">\n\t\t\t\t\t\t\t\t\t<p>Formulado para cumplir o superar las normas m\u00e1s recientes de los fabricantes de equipos originales, DuraMAX Global Synthetic ATF est\u00e1 fabricado para ofrecer rendimiento, durabilidad y ahorro de combustible en una amplia gama de sistemas de transmisi\u00f3n.<\/p>\t\t\t\t\t\t\t\t<\/div>\n\t\t\t\t<\/div>\n\t\t\t\t<div class=\"elementor-element elementor-element-81c1e39 elementor-widget elementor-widget-heading\" data-id=\"81c1e39\" data-element_type=\"widget\" data-e-type=\"widget\" data-widget_type=\"heading.default\">\n\t\t\t\t<div class=\"elementor-widget-container\">\n\t\t\t\t\t<h2 class=\"elementor-heading-title elementor-size-default\">Beneficios clave:<\/h2>\t\t\t\t<\/div>\n\t\t\t\t<\/div>\n\t\t\t\t<div class=\"elementor-element elementor-element-70389bf8 elementor-widget__width-initial elementor-widget elementor-widget-text-editor\" data-id=\"70389bf8\" data-element_type=\"widget\" data-e-type=\"widget\" data-widget_type=\"text-editor.default\">\n\t\t\t\t<div class=\"elementor-widget-container\">\n\t\t\t\t\t\t\t\t\t<ul><li><b>Protecci\u00f3n de nivel OEM<\/b> &#8211; Cumple o supera los requisitos de fricci\u00f3n y desgaste de la mayor\u00eda de transmisiones autom\u00e1ticas modernas<\/li><li><b>F\u00f3rmula estable de baja viscosidad<\/b> &#8211; Garantiza un rendimiento constante en temperaturas extremas de fr\u00edo y calor<\/li><li><b>Calidad de cambio mejorada<\/b> &#8211; Los aditivos avanzados ayudan a mantener un cambio suave y sensible a lo largo del tiempo<\/li><li><b>Eficiencia de combustible mejorada<\/b> &#8211; La baja viscosidad y los modificadores de la fricci\u00f3n reducen la resistencia y la p\u00e9rdida de energ\u00eda<\/li><li><b>Protecci\u00f3n integral del sistema<\/b> &#8211; Protege contra la corrosi\u00f3n del cobre, el barniz, la espuma y las picaduras<\/li><\/ul>\t\t\t\t\t\t\t\t<\/div>\n\t\t\t\t<\/div>\n\t\t\t\t<div class=\"elementor-element elementor-element-0eec226 elementor-widget__width-initial elementor-widget elementor-widget-text-editor\" data-id=\"0eec226\" data-element_type=\"widget\" data-e-type=\"widget\" data-widget_type=\"text-editor.default\">\n\t\t\t\t<div class=\"elementor-widget-container\">\n\t\t\t\t\t\t\t\t\t<p><b>DuraMAX Global Synthetic ATF<\/b> es la elecci\u00f3n inteligente para mantener un rendimiento \u00f3ptimo de la transmisi\u00f3n y prolongar la longevidad del veh\u00edculo, sean cuales sean las condiciones de conducci\u00f3n.<\/p>\t\t\t\t\t\t\t\t<\/div>\n\t\t\t\t<\/div>\n\t\t\t\t<div class=\"elementor-element elementor-element-4708cf6 elementor-icon-list--layout-traditional elementor-list-item-link-full_width elementor-widget elementor-widget-icon-list\" data-id=\"4708cf6\" data-element_type=\"widget\" data-e-type=\"widget\" data-widget_type=\"icon-list.default\">\n\t\t\t\t<div class=\"elementor-widget-container\">\n\t\t\t\t\t\t\t<ul class=\"elementor-icon-list-items\">\n\t\t\t\t\t\t\t<li class=\"elementor-icon-list-item\">\n\t\t\t\t\t\t\t\t\t\t\t<a href=\"https:\/\/reladyne.com\/wp-content\/uploads\/2024\/06\/DuraMAX-Global-ATF-PDS-5-24.pdf\" target=\"_blank\">\n\n\t\t\t\t\t\t\t\t\t\t\t\t<span class=\"elementor-icon-list-icon\">\n\t\t\t\t\t\t\t<svg xmlns=\"http:\/\/www.w3.org\/2000\/svg\" id=\"Layer_2\" viewBox=\"0 0 13.88 18.36\"><defs><style>.cls-1{fill:#fff;}.cls-2{fill:#a2a4a7;}<\/style><\/defs><g id=\"Layer_1-2\"><path class=\"cls-1\" d=\"M13.38,17.86H.5V.5h9.32l3.56,3.56v13.8Z\"><\/path><path class=\"cls-2\" d=\"M10.02,0H0v18.36h13.88V3.85l-3.85-3.85ZM1,17.36V1h8.36v3.39h3.51v12.97H1Z\"><\/path><polygon class=\"cls-2\" points=\"9.74 11.67 7.62 13.95 7.62 6.53 6.62 6.53 6.62 13.95 4.5 11.67 3.93 12.2 7.12 15.63 10.31 12.2 9.74 11.67\"><\/polygon><\/g><\/svg>\t\t\t\t\t\t<\/span>\n\t\t\t\t\t\t\t\t\t\t<span class=\"elementor-icon-list-text\">Ver la ficha t\u00e9cnica del producto<\/span>\n\t\t\t\t\t\t\t\t\t\t\t<\/a>\n\t\t\t\t\t\t\t\t\t<\/li>\n\t\t\t\t\t\t\t\t<li class=\"elementor-icon-list-item\">\n\t\t\t\t\t\t\t\t\t\t\t<a href=\"https:\/\/reladyne.com\/wp-content\/uploads\/2020\/01\/SDS-010-DuraMAX-Global-Full-Synthetic-Multi-Vehicle-ATF.pdf\" target=\"_blank\">\n\n\t\t\t\t\t\t\t\t\t\t\t\t<span class=\"elementor-icon-list-icon\">\n\t\t\t\t\t\t\t<svg xmlns=\"http:\/\/www.w3.org\/2000\/svg\" id=\"Layer_2\" viewBox=\"0 0 13.88 18.36\"><defs><style>.cls-1{fill:#fff;}.cls-2{fill:#a2a4a7;}<\/style><\/defs><g id=\"Layer_1-2\"><path class=\"cls-1\" d=\"M13.38,17.86H.5V.5h9.32l3.56,3.56v13.8Z\"><\/path><path class=\"cls-2\" d=\"M10.02,0H0v18.36h13.88V3.85l-3.85-3.85ZM1,17.36V1h8.36v3.39h3.51v12.97H1Z\"><\/path><polygon class=\"cls-2\" points=\"9.74 11.67 7.62 13.95 7.62 6.53 6.62 6.53 6.62 13.95 4.5 11.67 3.93 12.2 7.12 15.63 10.31 12.2 9.74 11.67\"><\/polygon><\/g><\/svg>\t\t\t\t\t\t<\/span>\n\t\t\t\t\t\t\t\t\t\t<span class=\"elementor-icon-list-text\">Ver ficha de datos de seguridad<\/span>\n\t\t\t\t\t\t\t\t\t\t\t<\/a>\n\t\t\t\t\t\t\t\t\t<\/li>\n\t\t\t\t\t\t<\/ul>\n\t\t\t\t\t\t<\/div>\n\t\t\t\t<\/div>\n\t\t\t\t<\/div>\n\t\t\t\t<\/div>\n\t\t\t\t<\/div>\n\t\t\t\t<\/div>\n\t\t\t\t<\/div>\n\t\t","protected":false},"featured_media":9183,"parent":8715,"menu_order":0,"template":"","meta":{"_acf_changed":false,"footnotes":""},"categories":[],"tags":[42],"class_list":["post-8718","product","type-product","status-publish","has-post-thumbnail","hentry","tag-liquidos-de-transmision"],"acf":[],"yoast_head":"<!-- This site is optimized with the Yoast SEO plugin v27.0 - https:\/\/yoast.com\/product\/yoast-seo-wordpress\/ -->\n<title>ATF Sint\u00e9tico Global - DuraMAX<\/title>\n<meta name=\"robots\" content=\"index, follow, max-snippet:-1, max-image-preview:large, max-video-preview:-1\" \/>\n<link rel=\"canonical\" href=\"https:\/\/duramax.com\/es\/product\/liquidos-de-transmision\/atf-sintetico-global\/\" \/>\n<meta property=\"og:locale\" content=\"es_ES\" \/>\n<meta property=\"og:type\" content=\"article\" \/>\n<meta property=\"og:title\" content=\"ATF Sint\u00e9tico Global - DuraMAX\" \/>\n<meta property=\"og:description\" content=\"Prestaciones de primera para transmisiones autom\u00e1ticas modernas DuraMAX\u00ae Global Synthetic ATF es un l\u00edquido de transmisi\u00f3n autom\u00e1tica totalmente sint\u00e9tico dise\u00f1ado para los turismos y camiones ligeros avanzados de hoy en d\u00eda. Espec\u00edficamente dise\u00f1ado para transmisiones que requieren fluidos sint\u00e9ticos de baja viscosidad, combina aceites base sint\u00e9ticos de gran pureza con una tecnolog\u00eda de aditivos de &hellip; Continue reading &quot;ATF Sint\u00e9tico Global&quot;\" \/>\n<meta property=\"og:url\" content=\"https:\/\/duramax.com\/es\/product\/liquidos-de-transmision\/atf-sintetico-global\/\" \/>\n<meta property=\"og:site_name\" content=\"DuraMAX\" \/>\n<meta property=\"article:modified_time\" content=\"2025-07-02T14:59:05+00:00\" \/>\n<meta property=\"og:image\" content=\"https:\/\/duramax.com\/wp-content\/uploads\/2025\/03\/DMX-GLOBAL-ATF-1Qt.png\" \/>\n\t<meta property=\"og:image:width\" content=\"717\" \/>\n\t<meta property=\"og:image:height\" content=\"1500\" \/>\n\t<meta property=\"og:image:type\" content=\"image\/png\" \/>\n<meta name=\"twitter:card\" content=\"summary_large_image\" \/>\n<meta name=\"twitter:label1\" content=\"Tiempo de lectura\" \/>\n\t<meta name=\"twitter:data1\" content=\"1 minuto\" \/>\n<script type=\"application\/ld+json\" class=\"yoast-schema-graph\">{\"@context\":\"https:\/\/schema.org\",\"@graph\":[{\"@type\":\"WebPage\",\"@id\":\"https:\/\/duramax.com\/es\/product\/liquidos-de-transmision\/atf-sintetico-global\/\",\"url\":\"https:\/\/duramax.com\/es\/product\/liquidos-de-transmision\/atf-sintetico-global\/\",\"name\":\"ATF Sint\u00e9tico Global - DuraMAX\",\"isPartOf\":{\"@id\":\"https:\/\/duramax.com\/es\/#website\"},\"primaryImageOfPage\":{\"@id\":\"https:\/\/duramax.com\/es\/product\/liquidos-de-transmision\/atf-sintetico-global\/#primaryimage\"},\"image\":{\"@id\":\"https:\/\/duramax.com\/es\/product\/liquidos-de-transmision\/atf-sintetico-global\/#primaryimage\"},\"thumbnailUrl\":\"https:\/\/duramax.com\/wp-content\/uploads\/2025\/03\/DMX-GLOBAL-ATF-1Qt.png\",\"datePublished\":\"2025-03-24T19:34:25+00:00\",\"dateModified\":\"2025-07-02T14:59:05+00:00\",\"breadcrumb\":{\"@id\":\"https:\/\/duramax.com\/es\/product\/liquidos-de-transmision\/atf-sintetico-global\/#breadcrumb\"},\"inLanguage\":\"es\",\"potentialAction\":[{\"@type\":\"ReadAction\",\"target\":[\"https:\/\/duramax.com\/es\/product\/liquidos-de-transmision\/atf-sintetico-global\/\"]}]},{\"@type\":\"ImageObject\",\"inLanguage\":\"es\",\"@id\":\"https:\/\/duramax.com\/es\/product\/liquidos-de-transmision\/atf-sintetico-global\/#primaryimage\",\"url\":\"https:\/\/duramax.com\/wp-content\/uploads\/2025\/03\/DMX-GLOBAL-ATF-1Qt.png\",\"contentUrl\":\"https:\/\/duramax.com\/wp-content\/uploads\/2025\/03\/DMX-GLOBAL-ATF-1Qt.png\",\"width\":717,\"height\":1500},{\"@type\":\"BreadcrumbList\",\"@id\":\"https:\/\/duramax.com\/es\/product\/liquidos-de-transmision\/atf-sintetico-global\/#breadcrumb\",\"itemListElement\":[{\"@type\":\"ListItem\",\"position\":1,\"name\":\"Home\",\"item\":\"https:\/\/duramax.com\/es\/duramax-hogar-v2\/\"},{\"@type\":\"ListItem\",\"position\":2,\"name\":\"L\u00edquidos de transmisi\u00f3n\",\"item\":\"https:\/\/duramax.com\/es\/product\/liquidos-de-transmision\/\"},{\"@type\":\"ListItem\",\"position\":3,\"name\":\"ATF Sint\u00e9tico Global\"}]},{\"@type\":\"WebSite\",\"@id\":\"https:\/\/duramax.com\/es\/#website\",\"url\":\"https:\/\/duramax.com\/es\/\",\"name\":\"DuraMAX\",\"description\":\"DuraMAX Liquid Armor Engine Warranty\",\"publisher\":{\"@id\":\"https:\/\/duramax.com\/es\/#organization\"},\"potentialAction\":[{\"@type\":\"SearchAction\",\"target\":{\"@type\":\"EntryPoint\",\"urlTemplate\":\"https:\/\/duramax.com\/es\/?s={search_term_string}\"},\"query-input\":{\"@type\":\"PropertyValueSpecification\",\"valueRequired\":true,\"valueName\":\"search_term_string\"}}],\"inLanguage\":\"es\"},{\"@type\":\"Organization\",\"@id\":\"https:\/\/duramax.com\/es\/#organization\",\"name\":\"DuraMAX\",\"url\":\"https:\/\/duramax.com\/es\/\",\"logo\":{\"@type\":\"ImageObject\",\"inLanguage\":\"es\",\"@id\":\"https:\/\/duramax.com\/es\/#\/schema\/logo\/image\/\",\"url\":\"https:\/\/duramax.com\/wp-content\/uploads\/2025\/03\/DuraMAX-logo.svg\",\"contentUrl\":\"https:\/\/duramax.com\/wp-content\/uploads\/2025\/03\/DuraMAX-logo.svg\",\"caption\":\"DuraMAX\"},\"image\":{\"@id\":\"https:\/\/duramax.com\/es\/#\/schema\/logo\/image\/\"}}]}<\/script>\n<!-- \/ Yoast SEO plugin. -->","yoast_head_json":{"title":"ATF Sint\u00e9tico Global - DuraMAX","robots":{"index":"index","follow":"follow","max-snippet":"max-snippet:-1","max-image-preview":"max-image-preview:large","max-video-preview":"max-video-preview:-1"},"canonical":"https:\/\/duramax.com\/es\/product\/liquidos-de-transmision\/atf-sintetico-global\/","og_locale":"es_ES","og_type":"article","og_title":"ATF Sint\u00e9tico Global - DuraMAX","og_description":"Prestaciones de primera para transmisiones autom\u00e1ticas modernas DuraMAX\u00ae Global Synthetic ATF es un l\u00edquido de transmisi\u00f3n autom\u00e1tica totalmente sint\u00e9tico dise\u00f1ado para los turismos y camiones ligeros avanzados de hoy en d\u00eda. Espec\u00edficamente dise\u00f1ado para transmisiones que requieren fluidos sint\u00e9ticos de baja viscosidad, combina aceites base sint\u00e9ticos de gran pureza con una tecnolog\u00eda de aditivos de &hellip; Continue reading \"ATF Sint\u00e9tico Global\"","og_url":"https:\/\/duramax.com\/es\/product\/liquidos-de-transmision\/atf-sintetico-global\/","og_site_name":"DuraMAX","article_modified_time":"2025-07-02T14:59:05+00:00","og_image":[{"width":717,"height":1500,"url":"https:\/\/duramax.com\/wp-content\/uploads\/2025\/03\/DMX-GLOBAL-ATF-1Qt.png","type":"image\/png"}],"twitter_card":"summary_large_image","twitter_misc":{"Tiempo de lectura":"1 minuto"},"schema":{"@context":"https:\/\/schema.org","@graph":[{"@type":"WebPage","@id":"https:\/\/duramax.com\/es\/product\/liquidos-de-transmision\/atf-sintetico-global\/","url":"https:\/\/duramax.com\/es\/product\/liquidos-de-transmision\/atf-sintetico-global\/","name":"ATF Sint\u00e9tico Global - DuraMAX","isPartOf":{"@id":"https:\/\/duramax.com\/es\/#website"},"primaryImageOfPage":{"@id":"https:\/\/duramax.com\/es\/product\/liquidos-de-transmision\/atf-sintetico-global\/#primaryimage"},"image":{"@id":"https:\/\/duramax.com\/es\/product\/liquidos-de-transmision\/atf-sintetico-global\/#primaryimage"},"thumbnailUrl":"https:\/\/duramax.com\/wp-content\/uploads\/2025\/03\/DMX-GLOBAL-ATF-1Qt.png","datePublished":"2025-03-24T19:34:25+00:00","dateModified":"2025-07-02T14:59:05+00:00","breadcrumb":{"@id":"https:\/\/duramax.com\/es\/product\/liquidos-de-transmision\/atf-sintetico-global\/#breadcrumb"},"inLanguage":"es","potentialAction":[{"@type":"ReadAction","target":["https:\/\/duramax.com\/es\/product\/liquidos-de-transmision\/atf-sintetico-global\/"]}]},{"@type":"ImageObject","inLanguage":"es","@id":"https:\/\/duramax.com\/es\/product\/liquidos-de-transmision\/atf-sintetico-global\/#primaryimage","url":"https:\/\/duramax.com\/wp-content\/uploads\/2025\/03\/DMX-GLOBAL-ATF-1Qt.png","contentUrl":"https:\/\/duramax.com\/wp-content\/uploads\/2025\/03\/DMX-GLOBAL-ATF-1Qt.png","width":717,"height":1500},{"@type":"BreadcrumbList","@id":"https:\/\/duramax.com\/es\/product\/liquidos-de-transmision\/atf-sintetico-global\/#breadcrumb","itemListElement":[{"@type":"ListItem","position":1,"name":"Home","item":"https:\/\/duramax.com\/es\/duramax-hogar-v2\/"},{"@type":"ListItem","position":2,"name":"L\u00edquidos de transmisi\u00f3n","item":"https:\/\/duramax.com\/es\/product\/liquidos-de-transmision\/"},{"@type":"ListItem","position":3,"name":"ATF Sint\u00e9tico Global"}]},{"@type":"WebSite","@id":"https:\/\/duramax.com\/es\/#website","url":"https:\/\/duramax.com\/es\/","name":"DuraMAX","description":"DuraMAX Liquid Armor Engine Warranty","publisher":{"@id":"https:\/\/duramax.com\/es\/#organization"},"potentialAction":[{"@type":"SearchAction","target":{"@type":"EntryPoint","urlTemplate":"https:\/\/duramax.com\/es\/?s={search_term_string}"},"query-input":{"@type":"PropertyValueSpecification","valueRequired":true,"valueName":"search_term_string"}}],"inLanguage":"es"},{"@type":"Organization","@id":"https:\/\/duramax.com\/es\/#organization","name":"DuraMAX","url":"https:\/\/duramax.com\/es\/","logo":{"@type":"ImageObject","inLanguage":"es","@id":"https:\/\/duramax.com\/es\/#\/schema\/logo\/image\/","url":"https:\/\/duramax.com\/wp-content\/uploads\/2025\/03\/DuraMAX-logo.svg","contentUrl":"https:\/\/duramax.com\/wp-content\/uploads\/2025\/03\/DuraMAX-logo.svg","caption":"DuraMAX"},"image":{"@id":"https:\/\/duramax.com\/es\/#\/schema\/logo\/image\/"}}]}},"_links":{"self":[{"href":"https:\/\/duramax.com\/es\/wp-json\/wp\/v2\/product\/8718","targetHints":{"allow":["GET"]}}],"collection":[{"href":"https:\/\/duramax.com\/es\/wp-json\/wp\/v2\/product"}],"about":[{"href":"https:\/\/duramax.com\/es\/wp-json\/wp\/v2\/types\/product"}],"version-history":[{"count":6,"href":"https:\/\/duramax.com\/es\/wp-json\/wp\/v2\/product\/8718\/revisions"}],"predecessor-version":[{"id":10972,"href":"https:\/\/duramax.com\/es\/wp-json\/wp\/v2\/product\/8718\/revisions\/10972"}],"up":[{"embeddable":true,"href":"https:\/\/duramax.com\/es\/wp-json\/wp\/v2\/product\/8715"}],"wp:featuredmedia":[{"embeddable":true,"href":"https:\/\/duramax.com\/es\/wp-json\/wp\/v2\/media\/9183"}],"wp:attachment":[{"href":"https:\/\/duramax.com\/es\/wp-json\/wp\/v2\/media?parent=8718"}],"wp:term":[{"taxonomy":"category","embeddable":true,"href":"https:\/\/duramax.com\/es\/wp-json\/wp\/v2\/categories?post=8718"},{"taxonomy":"post_tag","embeddable":true,"href":"https:\/\/duramax.com\/es\/wp-json\/wp\/v2\/tags?post=8718"}],"curies":[{"name":"wp","href":"https:\/\/api.w.org\/{rel}","templated":true}]}}