{"id":8719,"date":"2025-03-24T14:34:48","date_gmt":"2025-03-24T19:34:48","guid":{"rendered":"https:\/\/duramax.com\/product\/liquidos-de-transmision\/atf-polivalente\/"},"modified":"2025-07-02T09:59:19","modified_gmt":"2025-07-02T14:59:19","slug":"atf-polivalente","status":"publish","type":"product","link":"https:\/\/duramax.com\/es\/product\/liquidos-de-transmision\/atf-polivalente\/","title":{"rendered":"ATF Polivalente"},"content":{"rendered":"\t\t<div data-elementor-type=\"wp-post\" data-elementor-id=\"8719\" class=\"elementor elementor-8719 elementor-8646\" data-elementor-post-type=\"product\">\n\t\t\t\t<div class=\"elementor-element elementor-element-44956916 e-con-full e-flex e-con e-parent\" data-id=\"44956916\" data-element_type=\"container\" data-e-type=\"container\">\n\t\t\t\t<div class=\"elementor-element elementor-element-50f0bc3c elementor-absolute elementor-hidden-desktop elementor-hidden-tablet_extra elementor-widget-divider--view-line elementor-widget elementor-widget-divider\" data-id=\"50f0bc3c\" data-element_type=\"widget\" data-e-type=\"widget\" data-settings=\"{&quot;_position&quot;:&quot;absolute&quot;}\" data-widget_type=\"divider.default\">\n\t\t\t\t<div class=\"elementor-widget-container\">\n\t\t\t\t\t\t\t<div class=\"elementor-divider\">\n\t\t\t<span class=\"elementor-divider-separator\">\n\t\t\t\t\t\t<\/span>\n\t\t<\/div>\n\t\t\t\t\t\t<\/div>\n\t\t\t\t<\/div>\n\t\t\t\t<div class=\"elementor-element elementor-element-6a157a7d elementor-hidden-desktop elementor-hidden-tablet_extra elementor-widget elementor-widget-heading\" data-id=\"6a157a7d\" data-element_type=\"widget\" data-e-type=\"widget\" data-widget_type=\"heading.default\">\n\t\t\t\t<div class=\"elementor-widget-container\">\n\t\t\t\t\t<h2 class=\"elementor-heading-title elementor-size-default\">ATF Polivalente<\/h2>\t\t\t\t<\/div>\n\t\t\t\t<\/div>\n\t\t<div class=\"elementor-element elementor-element-7f3c5a67 e-con-full e-flex e-con e-child\" data-id=\"7f3c5a67\" data-element_type=\"container\" data-e-type=\"container\">\n\t\t\t\t<div class=\"elementor-element elementor-element-7d67494d elementor-widget elementor-widget-image\" data-id=\"7d67494d\" data-element_type=\"widget\" data-e-type=\"widget\" data-widget_type=\"image.default\">\n\t\t\t\t<div class=\"elementor-widget-container\">\n\t\t\t\t\t\t\t\t\t\t\t\t\t\t\t<img fetchpriority=\"high\" decoding=\"async\" width=\"489\" height=\"1024\" src=\"https:\/\/duramax.com\/wp-content\/uploads\/2025\/03\/DMX-ATF-Multipurpose-1Qt-489x1024.png\" class=\"attachment-large size-large wp-image-9208\" alt=\"\" srcset=\"https:\/\/duramax.com\/wp-content\/uploads\/2025\/03\/DMX-ATF-Multipurpose-1Qt-489x1024.png 489w, https:\/\/duramax.com\/wp-content\/uploads\/2025\/03\/DMX-ATF-Multipurpose-1Qt-143x300.png 143w, https:\/\/duramax.com\/wp-content\/uploads\/2025\/03\/DMX-ATF-Multipurpose-1Qt.png 717w\" sizes=\"100vw\" \/>\t\t\t\t\t\t\t\t\t\t\t\t\t\t\t<\/div>\n\t\t\t\t<\/div>\n\t\t\t\t<\/div>\n\t\t<div class=\"elementor-element elementor-element-50088ea7 e-con-full e-flex e-con e-child\" data-id=\"50088ea7\" data-element_type=\"container\" data-e-type=\"container\">\n\t\t<div class=\"elementor-element elementor-element-2f2e9668 e-con-full e-flex e-con e-child\" data-id=\"2f2e9668\" data-element_type=\"container\" data-e-type=\"container\" data-settings=\"{&quot;background_background&quot;:&quot;gradient&quot;}\">\n\t\t\t\t<div class=\"elementor-element elementor-element-d4aa555 elementor-widget__width-initial elementor-absolute elementor-widget elementor-widget-image\" data-id=\"d4aa555\" data-element_type=\"widget\" data-e-type=\"widget\" data-settings=\"{&quot;_position&quot;:&quot;absolute&quot;}\" data-widget_type=\"image.default\">\n\t\t\t\t<div class=\"elementor-widget-container\">\n\t\t\t\t\t\t\t\t\t\t\t\t\t\t\t<img decoding=\"async\" width=\"275\" height=\"273\" src=\"https:\/\/duramax.com\/wp-content\/uploads\/2025\/03\/made-in-usa@3x-8.png\" class=\"attachment-medium size-medium wp-image-8782\" alt=\"\" srcset=\"https:\/\/duramax.com\/wp-content\/uploads\/2025\/03\/made-in-usa@3x-8.png 275w, https:\/\/duramax.com\/wp-content\/uploads\/2025\/03\/made-in-usa@3x-8-150x150.png 150w, https:\/\/duramax.com\/wp-content\/uploads\/2025\/03\/made-in-usa@3x-8-100x100.png 100w\" sizes=\"100vw\" \/>\t\t\t\t\t\t\t\t\t\t\t\t\t\t\t<\/div>\n\t\t\t\t<\/div>\n\t\t<div class=\"elementor-element elementor-element-19ada2bd e-con-full e-flex e-con e-child\" data-id=\"19ada2bd\" data-element_type=\"container\" data-e-type=\"container\">\n\t\t\t\t<div class=\"elementor-element elementor-element-60c5eed1 elementor-hidden-tablet elementor-hidden-mobile elementor-widget elementor-widget-heading\" data-id=\"60c5eed1\" data-element_type=\"widget\" data-e-type=\"widget\" data-widget_type=\"heading.default\">\n\t\t\t\t<div class=\"elementor-widget-container\">\n\t\t\t\t\t<h1 class=\"elementor-heading-title elementor-size-default\">ATF Polivalente<\/h1>\t\t\t\t<\/div>\n\t\t\t\t<\/div>\n\t\t\t\t<div class=\"elementor-element elementor-element-b7cc3ca elementor-widget elementor-widget-heading\" data-id=\"b7cc3ca\" data-element_type=\"widget\" data-e-type=\"widget\" data-widget_type=\"heading.default\">\n\t\t\t\t<div class=\"elementor-widget-container\">\n\t\t\t\t\t<h2 class=\"elementor-heading-title elementor-size-default\">Protecci\u00f3n y rendimiento fiables para una amplia gama de transmisiones\n<\/h2>\t\t\t\t<\/div>\n\t\t\t\t<\/div>\n\t\t\t\t<div class=\"elementor-element elementor-element-2a51b907 elementor-widget__width-initial elementor-widget elementor-widget-text-editor\" data-id=\"2a51b907\" data-element_type=\"widget\" data-e-type=\"widget\" data-widget_type=\"text-editor.default\">\n\t\t\t\t<div class=\"elementor-widget-container\">\n\t\t\t\t\t\t\t\t\t<p>DuraMAX\u00ae Multi-Purpose ATF es un <b>l\u00edquido de transmisi\u00f3n autom\u00e1tica de alta calidad<\/b> formulado para su uso en un amplio espectro de veh\u00edculos, incluidos turismos, todoterrenos y camiones. Dise\u00f1ado con <b>aceites base de primera calidad<\/b> y <b>modificadores de fricci\u00f3n avanzados<\/b>, proporciona <b>un cambio de marchas suave, una vida \u00fatil prolongada<\/b> y <b>un rendimiento vers\u00e1til<\/b> tanto en aplicaciones de automoci\u00f3n como industriales. <\/p>\t\t\t\t\t\t\t\t<\/div>\n\t\t\t\t<\/div>\n\t\t\t\t<div class=\"elementor-element elementor-element-bd67d7f elementor-widget__width-initial elementor-widget elementor-widget-text-editor\" data-id=\"bd67d7f\" data-element_type=\"widget\" data-e-type=\"widget\" data-widget_type=\"text-editor.default\">\n\t\t\t\t<div class=\"elementor-widget-container\">\n\t\t\t\t\t\t\t\t\t<p>Tanto si realizas el mantenimiento de un conductor diario como de un equipo exigente, DuraMAX ATF Polivalente est\u00e1 dise\u00f1ado para <b>proteger los sistemas de transmisi\u00f3n bajo una amplia gama de temperaturas y cargas<\/b>.<\/p>\t\t\t\t\t\t\t\t<\/div>\n\t\t\t\t<\/div>\n\t\t\t\t<div class=\"elementor-element elementor-element-da26a09 elementor-widget elementor-widget-heading\" data-id=\"da26a09\" data-element_type=\"widget\" data-e-type=\"widget\" data-widget_type=\"heading.default\">\n\t\t\t\t<div class=\"elementor-widget-container\">\n\t\t\t\t\t<h2 class=\"elementor-heading-title elementor-size-default\">Beneficios clave:<\/h2>\t\t\t\t<\/div>\n\t\t\t\t<\/div>\n\t\t\t\t<div class=\"elementor-element elementor-element-12fe75b7 elementor-widget__width-initial elementor-widget elementor-widget-text-editor\" data-id=\"12fe75b7\" data-element_type=\"widget\" data-e-type=\"widget\" data-widget_type=\"text-editor.default\">\n\t\t\t\t<div class=\"elementor-widget-container\">\n\t\t\t\t\t\t\t\t\t<ul><li><b>Evita los dep\u00f3sitos nocivos<\/b> &#8211; Protege contra el lodo, el barniz y los residuos que pueden acortar la vida \u00fatil de la transmisi\u00f3n<\/li><li><b>Estabilidad t\u00e9rmica mejorada<\/b> &#8211; Formulado para rendir de forma constante tanto en fr\u00edo como en calor extremos<\/li><li><b>Vida \u00fatil prolongada<\/b> &#8211; Los aditivos estables al cizallamiento ayudan a mantener la integridad del fluido y prolongan los intervalos de mantenimiento<\/li><li><b>Protecci\u00f3n superior contra el desgaste<\/b> &#8211; La robusta resistencia de la pel\u00edcula ayuda a reducir la fricci\u00f3n y a evitar el contacto entre metales<\/li><\/ul>\t\t\t\t\t\t\t\t<\/div>\n\t\t\t\t<\/div>\n\t\t\t\t<div class=\"elementor-element elementor-element-4890d307 elementor-widget__width-initial elementor-widget elementor-widget-text-editor\" data-id=\"4890d307\" data-element_type=\"widget\" data-e-type=\"widget\" data-widget_type=\"text-editor.default\">\n\t\t\t\t<div class=\"elementor-widget-container\">\n\t\t\t\t\t\t\t\t\t<p>DuraMAX ATF Multiuso es tu soluci\u00f3n para <b>un rendimiento duradero y fiable de la transmisi\u00f3n,<\/b>tanto <b>si<\/b>est\u00e1s en la carretera como en el trabajo.<\/p>\t\t\t\t\t\t\t\t<\/div>\n\t\t\t\t<\/div>\n\t\t\t\t<div class=\"elementor-element elementor-element-466491f elementor-icon-list--layout-traditional elementor-list-item-link-full_width elementor-widget elementor-widget-icon-list\" data-id=\"466491f\" data-element_type=\"widget\" data-e-type=\"widget\" data-widget_type=\"icon-list.default\">\n\t\t\t\t<div class=\"elementor-widget-container\">\n\t\t\t\t\t\t\t<ul class=\"elementor-icon-list-items\">\n\t\t\t\t\t\t\t<li class=\"elementor-icon-list-item\">\n\t\t\t\t\t\t\t\t\t\t\t<a href=\"https:\/\/reladyne.com\/wp-content\/uploads\/2022\/02\/PDS_DuraMAX_MP_ATF_0222-01.pdf\" target=\"_blank\">\n\n\t\t\t\t\t\t\t\t\t\t\t\t<span class=\"elementor-icon-list-icon\">\n\t\t\t\t\t\t\t<svg xmlns=\"http:\/\/www.w3.org\/2000\/svg\" id=\"Layer_2\" viewBox=\"0 0 13.88 18.36\"><defs><style>.cls-1{fill:#fff;}.cls-2{fill:#a2a4a7;}<\/style><\/defs><g id=\"Layer_1-2\"><path class=\"cls-1\" d=\"M13.38,17.86H.5V.5h9.32l3.56,3.56v13.8Z\"><\/path><path class=\"cls-2\" d=\"M10.02,0H0v18.36h13.88V3.85l-3.85-3.85ZM1,17.36V1h8.36v3.39h3.51v12.97H1Z\"><\/path><polygon class=\"cls-2\" points=\"9.74 11.67 7.62 13.95 7.62 6.53 6.62 6.53 6.62 13.95 4.5 11.67 3.93 12.2 7.12 15.63 10.31 12.2 9.74 11.67\"><\/polygon><\/g><\/svg>\t\t\t\t\t\t<\/span>\n\t\t\t\t\t\t\t\t\t\t<span class=\"elementor-icon-list-text\">Ver la ficha t\u00e9cnica del producto<\/span>\n\t\t\t\t\t\t\t\t\t\t\t<\/a>\n\t\t\t\t\t\t\t\t\t<\/li>\n\t\t\t\t\t\t\t\t<li class=\"elementor-icon-list-item\">\n\t\t\t\t\t\t\t\t\t\t\t<a href=\"https:\/\/reladyne.com\/wp-content\/uploads\/2020\/01\/SDS-007-DuraMAX-Multipurpose-Dexron-Mercon-ATF.pdf\" target=\"_blank\">\n\n\t\t\t\t\t\t\t\t\t\t\t\t<span class=\"elementor-icon-list-icon\">\n\t\t\t\t\t\t\t<svg xmlns=\"http:\/\/www.w3.org\/2000\/svg\" id=\"Layer_2\" viewBox=\"0 0 13.88 18.36\"><defs><style>.cls-1{fill:#fff;}.cls-2{fill:#a2a4a7;}<\/style><\/defs><g id=\"Layer_1-2\"><path class=\"cls-1\" d=\"M13.38,17.86H.5V.5h9.32l3.56,3.56v13.8Z\"><\/path><path class=\"cls-2\" d=\"M10.02,0H0v18.36h13.88V3.85l-3.85-3.85ZM1,17.36V1h8.36v3.39h3.51v12.97H1Z\"><\/path><polygon class=\"cls-2\" points=\"9.74 11.67 7.62 13.95 7.62 6.53 6.62 6.53 6.62 13.95 4.5 11.67 3.93 12.2 7.12 15.63 10.31 12.2 9.74 11.67\"><\/polygon><\/g><\/svg>\t\t\t\t\t\t<\/span>\n\t\t\t\t\t\t\t\t\t\t<span class=\"elementor-icon-list-text\">Ver ficha de datos de seguridad<\/span>\n\t\t\t\t\t\t\t\t\t\t\t<\/a>\n\t\t\t\t\t\t\t\t\t<\/li>\n\t\t\t\t\t\t<\/ul>\n\t\t\t\t\t\t<\/div>\n\t\t\t\t<\/div>\n\t\t\t\t<\/div>\n\t\t\t\t<\/div>\n\t\t\t\t<\/div>\n\t\t\t\t<\/div>\n\t\t\t\t<\/div>\n\t\t","protected":false},"featured_media":9208,"parent":8715,"menu_order":0,"template":"","meta":{"_acf_changed":false,"footnotes":""},"categories":[],"tags":[42],"class_list":["post-8719","product","type-product","status-publish","has-post-thumbnail","hentry","tag-liquidos-de-transmision"],"acf":[],"yoast_head":"<!-- This site is optimized with the Yoast SEO plugin v27.0 - https:\/\/yoast.com\/product\/yoast-seo-wordpress\/ -->\n<title>ATF Polivalente - DuraMAX<\/title>\n<meta name=\"robots\" content=\"index, follow, max-snippet:-1, max-image-preview:large, max-video-preview:-1\" \/>\n<link rel=\"canonical\" href=\"https:\/\/duramax.com\/es\/product\/liquidos-de-transmision\/atf-polivalente\/\" \/>\n<meta property=\"og:locale\" content=\"es_ES\" \/>\n<meta property=\"og:type\" content=\"article\" \/>\n<meta property=\"og:title\" content=\"ATF Polivalente - DuraMAX\" \/>\n<meta property=\"og:description\" content=\"Protecci\u00f3n y rendimiento fiables para una amplia gama de transmisiones DuraMAX\u00ae Multi-Purpose ATF es un l\u00edquido de transmisi\u00f3n autom\u00e1tica de alta calidad formulado para su uso en un amplio espectro de veh\u00edculos, incluidos turismos, todoterrenos y camiones. Dise\u00f1ado con aceites base de primera calidad y modificadores de fricci\u00f3n avanzados, proporciona un cambio de marchas suave, &hellip; Continue reading &quot;ATF Polivalente&quot;\" \/>\n<meta property=\"og:url\" content=\"https:\/\/duramax.com\/es\/product\/liquidos-de-transmision\/atf-polivalente\/\" \/>\n<meta property=\"og:site_name\" content=\"DuraMAX\" \/>\n<meta property=\"article:modified_time\" content=\"2025-07-02T14:59:19+00:00\" \/>\n<meta property=\"og:image\" content=\"https:\/\/duramax.com\/wp-content\/uploads\/2025\/03\/DMX-ATF-Multipurpose-1Qt.png\" \/>\n\t<meta property=\"og:image:width\" content=\"717\" \/>\n\t<meta property=\"og:image:height\" content=\"1500\" \/>\n\t<meta property=\"og:image:type\" content=\"image\/png\" \/>\n<meta name=\"twitter:card\" content=\"summary_large_image\" \/>\n<meta name=\"twitter:label1\" content=\"Tiempo de lectura\" \/>\n\t<meta name=\"twitter:data1\" content=\"1 minuto\" \/>\n<script type=\"application\/ld+json\" class=\"yoast-schema-graph\">{\"@context\":\"https:\/\/schema.org\",\"@graph\":[{\"@type\":\"WebPage\",\"@id\":\"https:\/\/duramax.com\/es\/product\/liquidos-de-transmision\/atf-polivalente\/\",\"url\":\"https:\/\/duramax.com\/es\/product\/liquidos-de-transmision\/atf-polivalente\/\",\"name\":\"ATF Polivalente - DuraMAX\",\"isPartOf\":{\"@id\":\"https:\/\/duramax.com\/es\/#website\"},\"primaryImageOfPage\":{\"@id\":\"https:\/\/duramax.com\/es\/product\/liquidos-de-transmision\/atf-polivalente\/#primaryimage\"},\"image\":{\"@id\":\"https:\/\/duramax.com\/es\/product\/liquidos-de-transmision\/atf-polivalente\/#primaryimage\"},\"thumbnailUrl\":\"https:\/\/duramax.com\/wp-content\/uploads\/2025\/03\/DMX-ATF-Multipurpose-1Qt.png\",\"datePublished\":\"2025-03-24T19:34:48+00:00\",\"dateModified\":\"2025-07-02T14:59:19+00:00\",\"breadcrumb\":{\"@id\":\"https:\/\/duramax.com\/es\/product\/liquidos-de-transmision\/atf-polivalente\/#breadcrumb\"},\"inLanguage\":\"es\",\"potentialAction\":[{\"@type\":\"ReadAction\",\"target\":[\"https:\/\/duramax.com\/es\/product\/liquidos-de-transmision\/atf-polivalente\/\"]}]},{\"@type\":\"ImageObject\",\"inLanguage\":\"es\",\"@id\":\"https:\/\/duramax.com\/es\/product\/liquidos-de-transmision\/atf-polivalente\/#primaryimage\",\"url\":\"https:\/\/duramax.com\/wp-content\/uploads\/2025\/03\/DMX-ATF-Multipurpose-1Qt.png\",\"contentUrl\":\"https:\/\/duramax.com\/wp-content\/uploads\/2025\/03\/DMX-ATF-Multipurpose-1Qt.png\",\"width\":717,\"height\":1500},{\"@type\":\"BreadcrumbList\",\"@id\":\"https:\/\/duramax.com\/es\/product\/liquidos-de-transmision\/atf-polivalente\/#breadcrumb\",\"itemListElement\":[{\"@type\":\"ListItem\",\"position\":1,\"name\":\"Home\",\"item\":\"https:\/\/duramax.com\/es\/duramax-hogar-v2\/\"},{\"@type\":\"ListItem\",\"position\":2,\"name\":\"L\u00edquidos de transmisi\u00f3n\",\"item\":\"https:\/\/duramax.com\/es\/product\/liquidos-de-transmision\/\"},{\"@type\":\"ListItem\",\"position\":3,\"name\":\"ATF Polivalente\"}]},{\"@type\":\"WebSite\",\"@id\":\"https:\/\/duramax.com\/es\/#website\",\"url\":\"https:\/\/duramax.com\/es\/\",\"name\":\"DuraMAX\",\"description\":\"DuraMAX Liquid Armor Engine Warranty\",\"publisher\":{\"@id\":\"https:\/\/duramax.com\/es\/#organization\"},\"potentialAction\":[{\"@type\":\"SearchAction\",\"target\":{\"@type\":\"EntryPoint\",\"urlTemplate\":\"https:\/\/duramax.com\/es\/?s={search_term_string}\"},\"query-input\":{\"@type\":\"PropertyValueSpecification\",\"valueRequired\":true,\"valueName\":\"search_term_string\"}}],\"inLanguage\":\"es\"},{\"@type\":\"Organization\",\"@id\":\"https:\/\/duramax.com\/es\/#organization\",\"name\":\"DuraMAX\",\"url\":\"https:\/\/duramax.com\/es\/\",\"logo\":{\"@type\":\"ImageObject\",\"inLanguage\":\"es\",\"@id\":\"https:\/\/duramax.com\/es\/#\/schema\/logo\/image\/\",\"url\":\"https:\/\/duramax.com\/wp-content\/uploads\/2025\/03\/DuraMAX-logo.svg\",\"contentUrl\":\"https:\/\/duramax.com\/wp-content\/uploads\/2025\/03\/DuraMAX-logo.svg\",\"caption\":\"DuraMAX\"},\"image\":{\"@id\":\"https:\/\/duramax.com\/es\/#\/schema\/logo\/image\/\"}}]}<\/script>\n<!-- \/ Yoast SEO plugin. -->","yoast_head_json":{"title":"ATF Polivalente - DuraMAX","robots":{"index":"index","follow":"follow","max-snippet":"max-snippet:-1","max-image-preview":"max-image-preview:large","max-video-preview":"max-video-preview:-1"},"canonical":"https:\/\/duramax.com\/es\/product\/liquidos-de-transmision\/atf-polivalente\/","og_locale":"es_ES","og_type":"article","og_title":"ATF Polivalente - DuraMAX","og_description":"Protecci\u00f3n y rendimiento fiables para una amplia gama de transmisiones DuraMAX\u00ae Multi-Purpose ATF es un l\u00edquido de transmisi\u00f3n autom\u00e1tica de alta calidad formulado para su uso en un amplio espectro de veh\u00edculos, incluidos turismos, todoterrenos y camiones. Dise\u00f1ado con aceites base de primera calidad y modificadores de fricci\u00f3n avanzados, proporciona un cambio de marchas suave, &hellip; Continue reading \"ATF Polivalente\"","og_url":"https:\/\/duramax.com\/es\/product\/liquidos-de-transmision\/atf-polivalente\/","og_site_name":"DuraMAX","article_modified_time":"2025-07-02T14:59:19+00:00","og_image":[{"width":717,"height":1500,"url":"https:\/\/duramax.com\/wp-content\/uploads\/2025\/03\/DMX-ATF-Multipurpose-1Qt.png","type":"image\/png"}],"twitter_card":"summary_large_image","twitter_misc":{"Tiempo de lectura":"1 minuto"},"schema":{"@context":"https:\/\/schema.org","@graph":[{"@type":"WebPage","@id":"https:\/\/duramax.com\/es\/product\/liquidos-de-transmision\/atf-polivalente\/","url":"https:\/\/duramax.com\/es\/product\/liquidos-de-transmision\/atf-polivalente\/","name":"ATF Polivalente - DuraMAX","isPartOf":{"@id":"https:\/\/duramax.com\/es\/#website"},"primaryImageOfPage":{"@id":"https:\/\/duramax.com\/es\/product\/liquidos-de-transmision\/atf-polivalente\/#primaryimage"},"image":{"@id":"https:\/\/duramax.com\/es\/product\/liquidos-de-transmision\/atf-polivalente\/#primaryimage"},"thumbnailUrl":"https:\/\/duramax.com\/wp-content\/uploads\/2025\/03\/DMX-ATF-Multipurpose-1Qt.png","datePublished":"2025-03-24T19:34:48+00:00","dateModified":"2025-07-02T14:59:19+00:00","breadcrumb":{"@id":"https:\/\/duramax.com\/es\/product\/liquidos-de-transmision\/atf-polivalente\/#breadcrumb"},"inLanguage":"es","potentialAction":[{"@type":"ReadAction","target":["https:\/\/duramax.com\/es\/product\/liquidos-de-transmision\/atf-polivalente\/"]}]},{"@type":"ImageObject","inLanguage":"es","@id":"https:\/\/duramax.com\/es\/product\/liquidos-de-transmision\/atf-polivalente\/#primaryimage","url":"https:\/\/duramax.com\/wp-content\/uploads\/2025\/03\/DMX-ATF-Multipurpose-1Qt.png","contentUrl":"https:\/\/duramax.com\/wp-content\/uploads\/2025\/03\/DMX-ATF-Multipurpose-1Qt.png","width":717,"height":1500},{"@type":"BreadcrumbList","@id":"https:\/\/duramax.com\/es\/product\/liquidos-de-transmision\/atf-polivalente\/#breadcrumb","itemListElement":[{"@type":"ListItem","position":1,"name":"Home","item":"https:\/\/duramax.com\/es\/duramax-hogar-v2\/"},{"@type":"ListItem","position":2,"name":"L\u00edquidos de transmisi\u00f3n","item":"https:\/\/duramax.com\/es\/product\/liquidos-de-transmision\/"},{"@type":"ListItem","position":3,"name":"ATF Polivalente"}]},{"@type":"WebSite","@id":"https:\/\/duramax.com\/es\/#website","url":"https:\/\/duramax.com\/es\/","name":"DuraMAX","description":"DuraMAX Liquid Armor Engine Warranty","publisher":{"@id":"https:\/\/duramax.com\/es\/#organization"},"potentialAction":[{"@type":"SearchAction","target":{"@type":"EntryPoint","urlTemplate":"https:\/\/duramax.com\/es\/?s={search_term_string}"},"query-input":{"@type":"PropertyValueSpecification","valueRequired":true,"valueName":"search_term_string"}}],"inLanguage":"es"},{"@type":"Organization","@id":"https:\/\/duramax.com\/es\/#organization","name":"DuraMAX","url":"https:\/\/duramax.com\/es\/","logo":{"@type":"ImageObject","inLanguage":"es","@id":"https:\/\/duramax.com\/es\/#\/schema\/logo\/image\/","url":"https:\/\/duramax.com\/wp-content\/uploads\/2025\/03\/DuraMAX-logo.svg","contentUrl":"https:\/\/duramax.com\/wp-content\/uploads\/2025\/03\/DuraMAX-logo.svg","caption":"DuraMAX"},"image":{"@id":"https:\/\/duramax.com\/es\/#\/schema\/logo\/image\/"}}]}},"_links":{"self":[{"href":"https:\/\/duramax.com\/es\/wp-json\/wp\/v2\/product\/8719","targetHints":{"allow":["GET"]}}],"collection":[{"href":"https:\/\/duramax.com\/es\/wp-json\/wp\/v2\/product"}],"about":[{"href":"https:\/\/duramax.com\/es\/wp-json\/wp\/v2\/types\/product"}],"version-history":[{"count":5,"href":"https:\/\/duramax.com\/es\/wp-json\/wp\/v2\/product\/8719\/revisions"}],"predecessor-version":[{"id":10983,"href":"https:\/\/duramax.com\/es\/wp-json\/wp\/v2\/product\/8719\/revisions\/10983"}],"up":[{"embeddable":true,"href":"https:\/\/duramax.com\/es\/wp-json\/wp\/v2\/product\/8715"}],"wp:featuredmedia":[{"embeddable":true,"href":"https:\/\/duramax.com\/es\/wp-json\/wp\/v2\/media\/9208"}],"wp:attachment":[{"href":"https:\/\/duramax.com\/es\/wp-json\/wp\/v2\/media?parent=8719"}],"wp:term":[{"taxonomy":"category","embeddable":true,"href":"https:\/\/duramax.com\/es\/wp-json\/wp\/v2\/categories?post=8719"},{"taxonomy":"post_tag","embeddable":true,"href":"https:\/\/duramax.com\/es\/wp-json\/wp\/v2\/tags?post=8719"}],"curies":[{"name":"wp","href":"https:\/\/api.w.org\/{rel}","templated":true}]}}