{"id":8724,"date":"2025-03-24T14:41:11","date_gmt":"2025-03-24T19:41:11","guid":{"rendered":"https:\/\/duramax.com\/product\/filtros\/filtros-de-habitaculo\/"},"modified":"2025-06-05T17:43:01","modified_gmt":"2025-06-05T22:43:01","slug":"filtros-de-habitaculo","status":"publish","type":"product","link":"https:\/\/duramax.com\/es\/product\/filtros\/filtros-de-habitaculo\/","title":{"rendered":"Filtros de habit\u00e1culo"},"content":{"rendered":"\t\t<div data-elementor-type=\"wp-post\" data-elementor-id=\"8724\" class=\"elementor elementor-8724 elementor-8666\" data-elementor-post-type=\"product\">\n\t\t\t\t<div class=\"elementor-element elementor-element-57000109 e-con-full e-flex e-con e-parent\" data-id=\"57000109\" data-element_type=\"container\" data-e-type=\"container\">\n\t\t\t\t<div class=\"elementor-element elementor-element-44eccbd6 elementor-absolute elementor-hidden-desktop elementor-hidden-tablet_extra elementor-widget-divider--view-line elementor-widget elementor-widget-divider\" data-id=\"44eccbd6\" data-element_type=\"widget\" data-e-type=\"widget\" data-settings=\"{&quot;_position&quot;:&quot;absolute&quot;}\" data-widget_type=\"divider.default\">\n\t\t\t\t<div class=\"elementor-widget-container\">\n\t\t\t\t\t\t\t<div class=\"elementor-divider\">\n\t\t\t<span class=\"elementor-divider-separator\">\n\t\t\t\t\t\t<\/span>\n\t\t<\/div>\n\t\t\t\t\t\t<\/div>\n\t\t\t\t<\/div>\n\t\t\t\t<div class=\"elementor-element elementor-element-6f542eb1 elementor-hidden-desktop elementor-hidden-tablet_extra elementor-widget elementor-widget-heading\" data-id=\"6f542eb1\" data-element_type=\"widget\" data-e-type=\"widget\" data-widget_type=\"heading.default\">\n\t\t\t\t<div class=\"elementor-widget-container\">\n\t\t\t\t\t<h2 class=\"elementor-heading-title elementor-size-default\">Filtros de habit\u00e1culo<\/h2>\t\t\t\t<\/div>\n\t\t\t\t<\/div>\n\t\t<div class=\"elementor-element elementor-element-4819ad0f e-con-full e-flex e-con e-child\" data-id=\"4819ad0f\" data-element_type=\"container\" data-e-type=\"container\">\n\t\t\t\t<div class=\"elementor-element elementor-element-55b6c497 elementor-widget elementor-widget-image\" data-id=\"55b6c497\" data-element_type=\"widget\" data-e-type=\"widget\" data-widget_type=\"image.default\">\n\t\t\t\t<div class=\"elementor-widget-container\">\n\t\t\t\t\t\t\t\t\t\t\t\t\t\t\t<img fetchpriority=\"high\" decoding=\"async\" width=\"700\" height=\"594\" src=\"https:\/\/duramax.com\/wp-content\/uploads\/2025\/03\/Cabin-Filters-1024x869.png\" class=\"attachment-large size-large wp-image-10250\" alt=\"\" srcset=\"https:\/\/duramax.com\/wp-content\/uploads\/2025\/03\/Cabin-Filters-1024x869.png 1024w, https:\/\/duramax.com\/wp-content\/uploads\/2025\/03\/Cabin-Filters-300x255.png 300w, https:\/\/duramax.com\/wp-content\/uploads\/2025\/03\/Cabin-Filters-768x652.png 768w, https:\/\/duramax.com\/wp-content\/uploads\/2025\/03\/Cabin-Filters.png 1399w\" sizes=\"100vw\" \/>\t\t\t\t\t\t\t\t\t\t\t\t\t\t\t<\/div>\n\t\t\t\t<\/div>\n\t\t\t\t<\/div>\n\t\t<div class=\"elementor-element elementor-element-3105a842 e-con-full e-flex e-con e-child\" data-id=\"3105a842\" data-element_type=\"container\" data-e-type=\"container\">\n\t\t<div class=\"elementor-element elementor-element-195e1668 e-con-full e-flex e-con e-child\" data-id=\"195e1668\" data-element_type=\"container\" data-e-type=\"container\" data-settings=\"{&quot;background_background&quot;:&quot;gradient&quot;}\">\n\t\t\t\t<div class=\"elementor-element elementor-element-1fe5e658 elementor-widget__width-initial elementor-absolute elementor-widget elementor-widget-image\" data-id=\"1fe5e658\" data-element_type=\"widget\" data-e-type=\"widget\" data-settings=\"{&quot;_position&quot;:&quot;absolute&quot;}\" data-widget_type=\"image.default\">\n\t\t\t\t<div class=\"elementor-widget-container\">\n\t\t\t\t\t\t\t\t\t\t\t\t\t\t\t<img decoding=\"async\" width=\"275\" height=\"273\" src=\"https:\/\/duramax.com\/wp-content\/uploads\/2025\/03\/made-in-usa@3x-8.png\" class=\"attachment-medium size-medium wp-image-8782\" alt=\"\" srcset=\"https:\/\/duramax.com\/wp-content\/uploads\/2025\/03\/made-in-usa@3x-8.png 275w, https:\/\/duramax.com\/wp-content\/uploads\/2025\/03\/made-in-usa@3x-8-150x150.png 150w, https:\/\/duramax.com\/wp-content\/uploads\/2025\/03\/made-in-usa@3x-8-100x100.png 100w\" sizes=\"100vw\" \/>\t\t\t\t\t\t\t\t\t\t\t\t\t\t\t<\/div>\n\t\t\t\t<\/div>\n\t\t<div class=\"elementor-element elementor-element-e6dc3e7 e-con-full e-flex e-con e-child\" data-id=\"e6dc3e7\" data-element_type=\"container\" data-e-type=\"container\">\n\t\t\t\t<div class=\"elementor-element elementor-element-341885bf elementor-hidden-tablet elementor-hidden-mobile elementor-widget elementor-widget-heading\" data-id=\"341885bf\" data-element_type=\"widget\" data-e-type=\"widget\" data-widget_type=\"heading.default\">\n\t\t\t\t<div class=\"elementor-widget-container\">\n\t\t\t\t\t<h1 class=\"elementor-heading-title elementor-size-default\">Filtros de habit\u00e1culo<\/h1>\t\t\t\t<\/div>\n\t\t\t\t<\/div>\n\t\t\t\t<div class=\"elementor-element elementor-element-088b5bf elementor-widget elementor-widget-heading\" data-id=\"088b5bf\" data-element_type=\"widget\" data-e-type=\"widget\" data-widget_type=\"heading.default\">\n\t\t\t\t<div class=\"elementor-widget-container\">\n\t\t\t\t\t<h2 class=\"elementor-heading-title elementor-size-default\">Aire limpio, ajuste perfecto\n<\/h2>\t\t\t\t<\/div>\n\t\t\t\t<\/div>\n\t\t\t\t<div class=\"elementor-element elementor-element-178f509f elementor-widget__width-initial elementor-widget elementor-widget-text-editor\" data-id=\"178f509f\" data-element_type=\"widget\" data-e-type=\"widget\" data-widget_type=\"text-editor.default\">\n\t\t\t\t<div class=\"elementor-widget-container\">\n\t\t\t\t\t\t\t\t\t<p>Nuestros filtros de habit\u00e1culo DuraMAX est\u00e1n dise\u00f1ados mediante nuestro Programa de Adaptaci\u00f3n Directa al Equipo Original para garantizar siempre el ajuste perfecto a tu veh\u00edculo. Con medios electrost\u00e1ticos y de carbono avanzados, estos filtros capturan incluso las part\u00edculas m\u00e1s peque\u00f1as, proporcionando un aire m\u00e1s limpio y fresco en el interior de tu habit\u00e1culo. Con m\u00e1s de 150 referencias disponibles, encontrar\u00e1s el filtro adecuado para una amplia gama de marcas y modelos.  <\/p>\t\t\t\t\t\t\t\t<\/div>\n\t\t\t\t<\/div>\n\t\t\t\t<\/div>\n\t\t\t\t<\/div>\n\t\t\t\t<\/div>\n\t\t\t\t<\/div>\n\t\t\t\t<\/div>\n\t\t","protected":false},"featured_media":10250,"parent":8713,"menu_order":0,"template":"","meta":{"_acf_changed":false,"footnotes":""},"categories":[],"tags":[36],"class_list":["post-8724","product","type-product","status-publish","has-post-thumbnail","hentry","tag-filtros"],"acf":[],"yoast_head":"<!-- This site is optimized with the Yoast SEO plugin v27.0 - https:\/\/yoast.com\/product\/yoast-seo-wordpress\/ -->\n<title>Filtros de habit\u00e1culo - DuraMAX<\/title>\n<meta name=\"robots\" content=\"index, follow, max-snippet:-1, max-image-preview:large, max-video-preview:-1\" \/>\n<link rel=\"canonical\" href=\"https:\/\/duramax.com\/es\/product\/filtros\/filtros-de-habitaculo\/\" \/>\n<meta property=\"og:locale\" content=\"es_ES\" \/>\n<meta property=\"og:type\" content=\"article\" \/>\n<meta property=\"og:title\" content=\"Filtros de habit\u00e1culo - DuraMAX\" \/>\n<meta property=\"og:description\" content=\"Aire limpio, ajuste perfecto Nuestros filtros de habit\u00e1culo DuraMAX est\u00e1n dise\u00f1ados mediante nuestro Programa de Adaptaci\u00f3n Directa al Equipo Original para garantizar siempre el ajuste perfecto a tu veh\u00edculo. Con medios electrost\u00e1ticos y de carbono avanzados, estos filtros capturan incluso las part\u00edculas m\u00e1s peque\u00f1as, proporcionando un aire m\u00e1s limpio y fresco en el interior de &hellip; Continue reading &quot;Filtros de habit\u00e1culo&quot;\" \/>\n<meta property=\"og:url\" content=\"https:\/\/duramax.com\/es\/product\/filtros\/filtros-de-habitaculo\/\" \/>\n<meta property=\"og:site_name\" content=\"DuraMAX\" \/>\n<meta property=\"article:modified_time\" content=\"2025-06-05T22:43:01+00:00\" \/>\n<meta property=\"og:image\" content=\"http:\/\/duramax.com\/wp-content\/uploads\/2025\/03\/Cabin-Filters.png\" \/>\n\t<meta property=\"og:image:width\" content=\"1399\" \/>\n\t<meta property=\"og:image:height\" content=\"1187\" \/>\n\t<meta property=\"og:image:type\" content=\"image\/png\" \/>\n<meta name=\"twitter:card\" content=\"summary_large_image\" \/>\n<script type=\"application\/ld+json\" class=\"yoast-schema-graph\">{\"@context\":\"https:\/\/schema.org\",\"@graph\":[{\"@type\":\"WebPage\",\"@id\":\"https:\/\/duramax.com\/es\/product\/filtros\/filtros-de-habitaculo\/\",\"url\":\"https:\/\/duramax.com\/es\/product\/filtros\/filtros-de-habitaculo\/\",\"name\":\"Filtros de habit\u00e1culo - DuraMAX\",\"isPartOf\":{\"@id\":\"https:\/\/duramax.com\/es\/#website\"},\"primaryImageOfPage\":{\"@id\":\"https:\/\/duramax.com\/es\/product\/filtros\/filtros-de-habitaculo\/#primaryimage\"},\"image\":{\"@id\":\"https:\/\/duramax.com\/es\/product\/filtros\/filtros-de-habitaculo\/#primaryimage\"},\"thumbnailUrl\":\"https:\/\/duramax.com\/wp-content\/uploads\/2025\/03\/Cabin-Filters.png\",\"datePublished\":\"2025-03-24T19:41:11+00:00\",\"dateModified\":\"2025-06-05T22:43:01+00:00\",\"breadcrumb\":{\"@id\":\"https:\/\/duramax.com\/es\/product\/filtros\/filtros-de-habitaculo\/#breadcrumb\"},\"inLanguage\":\"es\",\"potentialAction\":[{\"@type\":\"ReadAction\",\"target\":[\"https:\/\/duramax.com\/es\/product\/filtros\/filtros-de-habitaculo\/\"]}]},{\"@type\":\"ImageObject\",\"inLanguage\":\"es\",\"@id\":\"https:\/\/duramax.com\/es\/product\/filtros\/filtros-de-habitaculo\/#primaryimage\",\"url\":\"https:\/\/duramax.com\/wp-content\/uploads\/2025\/03\/Cabin-Filters.png\",\"contentUrl\":\"https:\/\/duramax.com\/wp-content\/uploads\/2025\/03\/Cabin-Filters.png\",\"width\":1399,\"height\":1187},{\"@type\":\"BreadcrumbList\",\"@id\":\"https:\/\/duramax.com\/es\/product\/filtros\/filtros-de-habitaculo\/#breadcrumb\",\"itemListElement\":[{\"@type\":\"ListItem\",\"position\":1,\"name\":\"Home\",\"item\":\"https:\/\/duramax.com\/es\/duramax-hogar-v2\/\"},{\"@type\":\"ListItem\",\"position\":2,\"name\":\"Filtros\",\"item\":\"https:\/\/duramax.com\/es\/product\/filtros\/\"},{\"@type\":\"ListItem\",\"position\":3,\"name\":\"Filtros de habit\u00e1culo\"}]},{\"@type\":\"WebSite\",\"@id\":\"https:\/\/duramax.com\/es\/#website\",\"url\":\"https:\/\/duramax.com\/es\/\",\"name\":\"DuraMAX\",\"description\":\"DuraMAX Liquid Armor Engine Warranty\",\"publisher\":{\"@id\":\"https:\/\/duramax.com\/es\/#organization\"},\"potentialAction\":[{\"@type\":\"SearchAction\",\"target\":{\"@type\":\"EntryPoint\",\"urlTemplate\":\"https:\/\/duramax.com\/es\/?s={search_term_string}\"},\"query-input\":{\"@type\":\"PropertyValueSpecification\",\"valueRequired\":true,\"valueName\":\"search_term_string\"}}],\"inLanguage\":\"es\"},{\"@type\":\"Organization\",\"@id\":\"https:\/\/duramax.com\/es\/#organization\",\"name\":\"DuraMAX\",\"url\":\"https:\/\/duramax.com\/es\/\",\"logo\":{\"@type\":\"ImageObject\",\"inLanguage\":\"es\",\"@id\":\"https:\/\/duramax.com\/es\/#\/schema\/logo\/image\/\",\"url\":\"https:\/\/duramax.com\/wp-content\/uploads\/2025\/03\/DuraMAX-logo.svg\",\"contentUrl\":\"https:\/\/duramax.com\/wp-content\/uploads\/2025\/03\/DuraMAX-logo.svg\",\"caption\":\"DuraMAX\"},\"image\":{\"@id\":\"https:\/\/duramax.com\/es\/#\/schema\/logo\/image\/\"}}]}<\/script>\n<!-- \/ Yoast SEO plugin. -->","yoast_head_json":{"title":"Filtros de habit\u00e1culo - DuraMAX","robots":{"index":"index","follow":"follow","max-snippet":"max-snippet:-1","max-image-preview":"max-image-preview:large","max-video-preview":"max-video-preview:-1"},"canonical":"https:\/\/duramax.com\/es\/product\/filtros\/filtros-de-habitaculo\/","og_locale":"es_ES","og_type":"article","og_title":"Filtros de habit\u00e1culo - DuraMAX","og_description":"Aire limpio, ajuste perfecto Nuestros filtros de habit\u00e1culo DuraMAX est\u00e1n dise\u00f1ados mediante nuestro Programa de Adaptaci\u00f3n Directa al Equipo Original para garantizar siempre el ajuste perfecto a tu veh\u00edculo. Con medios electrost\u00e1ticos y de carbono avanzados, estos filtros capturan incluso las part\u00edculas m\u00e1s peque\u00f1as, proporcionando un aire m\u00e1s limpio y fresco en el interior de &hellip; Continue reading \"Filtros de habit\u00e1culo\"","og_url":"https:\/\/duramax.com\/es\/product\/filtros\/filtros-de-habitaculo\/","og_site_name":"DuraMAX","article_modified_time":"2025-06-05T22:43:01+00:00","og_image":[{"width":1399,"height":1187,"url":"http:\/\/duramax.com\/wp-content\/uploads\/2025\/03\/Cabin-Filters.png","type":"image\/png"}],"twitter_card":"summary_large_image","schema":{"@context":"https:\/\/schema.org","@graph":[{"@type":"WebPage","@id":"https:\/\/duramax.com\/es\/product\/filtros\/filtros-de-habitaculo\/","url":"https:\/\/duramax.com\/es\/product\/filtros\/filtros-de-habitaculo\/","name":"Filtros de habit\u00e1culo - DuraMAX","isPartOf":{"@id":"https:\/\/duramax.com\/es\/#website"},"primaryImageOfPage":{"@id":"https:\/\/duramax.com\/es\/product\/filtros\/filtros-de-habitaculo\/#primaryimage"},"image":{"@id":"https:\/\/duramax.com\/es\/product\/filtros\/filtros-de-habitaculo\/#primaryimage"},"thumbnailUrl":"https:\/\/duramax.com\/wp-content\/uploads\/2025\/03\/Cabin-Filters.png","datePublished":"2025-03-24T19:41:11+00:00","dateModified":"2025-06-05T22:43:01+00:00","breadcrumb":{"@id":"https:\/\/duramax.com\/es\/product\/filtros\/filtros-de-habitaculo\/#breadcrumb"},"inLanguage":"es","potentialAction":[{"@type":"ReadAction","target":["https:\/\/duramax.com\/es\/product\/filtros\/filtros-de-habitaculo\/"]}]},{"@type":"ImageObject","inLanguage":"es","@id":"https:\/\/duramax.com\/es\/product\/filtros\/filtros-de-habitaculo\/#primaryimage","url":"https:\/\/duramax.com\/wp-content\/uploads\/2025\/03\/Cabin-Filters.png","contentUrl":"https:\/\/duramax.com\/wp-content\/uploads\/2025\/03\/Cabin-Filters.png","width":1399,"height":1187},{"@type":"BreadcrumbList","@id":"https:\/\/duramax.com\/es\/product\/filtros\/filtros-de-habitaculo\/#breadcrumb","itemListElement":[{"@type":"ListItem","position":1,"name":"Home","item":"https:\/\/duramax.com\/es\/duramax-hogar-v2\/"},{"@type":"ListItem","position":2,"name":"Filtros","item":"https:\/\/duramax.com\/es\/product\/filtros\/"},{"@type":"ListItem","position":3,"name":"Filtros de habit\u00e1culo"}]},{"@type":"WebSite","@id":"https:\/\/duramax.com\/es\/#website","url":"https:\/\/duramax.com\/es\/","name":"DuraMAX","description":"DuraMAX Liquid Armor Engine Warranty","publisher":{"@id":"https:\/\/duramax.com\/es\/#organization"},"potentialAction":[{"@type":"SearchAction","target":{"@type":"EntryPoint","urlTemplate":"https:\/\/duramax.com\/es\/?s={search_term_string}"},"query-input":{"@type":"PropertyValueSpecification","valueRequired":true,"valueName":"search_term_string"}}],"inLanguage":"es"},{"@type":"Organization","@id":"https:\/\/duramax.com\/es\/#organization","name":"DuraMAX","url":"https:\/\/duramax.com\/es\/","logo":{"@type":"ImageObject","inLanguage":"es","@id":"https:\/\/duramax.com\/es\/#\/schema\/logo\/image\/","url":"https:\/\/duramax.com\/wp-content\/uploads\/2025\/03\/DuraMAX-logo.svg","contentUrl":"https:\/\/duramax.com\/wp-content\/uploads\/2025\/03\/DuraMAX-logo.svg","caption":"DuraMAX"},"image":{"@id":"https:\/\/duramax.com\/es\/#\/schema\/logo\/image\/"}}]}},"_links":{"self":[{"href":"https:\/\/duramax.com\/es\/wp-json\/wp\/v2\/product\/8724","targetHints":{"allow":["GET"]}}],"collection":[{"href":"https:\/\/duramax.com\/es\/wp-json\/wp\/v2\/product"}],"about":[{"href":"https:\/\/duramax.com\/es\/wp-json\/wp\/v2\/types\/product"}],"version-history":[{"count":6,"href":"https:\/\/duramax.com\/es\/wp-json\/wp\/v2\/product\/8724\/revisions"}],"predecessor-version":[{"id":10351,"href":"https:\/\/duramax.com\/es\/wp-json\/wp\/v2\/product\/8724\/revisions\/10351"}],"up":[{"embeddable":true,"href":"https:\/\/duramax.com\/es\/wp-json\/wp\/v2\/product\/8713"}],"wp:featuredmedia":[{"embeddable":true,"href":"https:\/\/duramax.com\/es\/wp-json\/wp\/v2\/media\/10250"}],"wp:attachment":[{"href":"https:\/\/duramax.com\/es\/wp-json\/wp\/v2\/media?parent=8724"}],"wp:term":[{"taxonomy":"category","embeddable":true,"href":"https:\/\/duramax.com\/es\/wp-json\/wp\/v2\/categories?post=8724"},{"taxonomy":"post_tag","embeddable":true,"href":"https:\/\/duramax.com\/es\/wp-json\/wp\/v2\/tags?post=8724"}],"curies":[{"name":"wp","href":"https:\/\/api.w.org\/{rel}","templated":true}]}}