{"id":8728,"date":"2025-03-24T14:40:34","date_gmt":"2025-03-24T19:40:34","guid":{"rendered":"https:\/\/duramax.com\/product\/filtros\/filtros-de-aceite\/"},"modified":"2025-06-05T17:46:36","modified_gmt":"2025-06-05T22:46:36","slug":"filtros-de-aceite","status":"publish","type":"product","link":"https:\/\/duramax.com\/es\/product\/filtros\/filtros-de-aceite\/","title":{"rendered":"Filtros de aceite"},"content":{"rendered":"\t\t<div data-elementor-type=\"wp-post\" data-elementor-id=\"8728\" class=\"elementor elementor-8728 elementor-8662\" data-elementor-post-type=\"product\">\n\t\t\t\t<div class=\"elementor-element elementor-element-16d3888f e-con-full e-flex e-con e-parent\" data-id=\"16d3888f\" data-element_type=\"container\" data-e-type=\"container\">\n\t\t\t\t<div class=\"elementor-element elementor-element-13d072e9 elementor-absolute elementor-hidden-desktop elementor-hidden-tablet_extra elementor-widget-divider--view-line elementor-widget elementor-widget-divider\" data-id=\"13d072e9\" data-element_type=\"widget\" data-e-type=\"widget\" data-settings=\"{&quot;_position&quot;:&quot;absolute&quot;}\" data-widget_type=\"divider.default\">\n\t\t\t\t<div class=\"elementor-widget-container\">\n\t\t\t\t\t\t\t<div class=\"elementor-divider\">\n\t\t\t<span class=\"elementor-divider-separator\">\n\t\t\t\t\t\t<\/span>\n\t\t<\/div>\n\t\t\t\t\t\t<\/div>\n\t\t\t\t<\/div>\n\t\t\t\t<div class=\"elementor-element elementor-element-3b0ee887 elementor-hidden-desktop elementor-hidden-tablet_extra elementor-widget elementor-widget-heading\" data-id=\"3b0ee887\" data-element_type=\"widget\" data-e-type=\"widget\" data-widget_type=\"heading.default\">\n\t\t\t\t<div class=\"elementor-widget-container\">\n\t\t\t\t\t<h2 class=\"elementor-heading-title elementor-size-default\">Filtros de aceite<\/h2>\t\t\t\t<\/div>\n\t\t\t\t<\/div>\n\t\t<div class=\"elementor-element elementor-element-72d68ce8 e-con-full e-flex e-con e-child\" data-id=\"72d68ce8\" data-element_type=\"container\" data-e-type=\"container\">\n\t\t\t\t<div class=\"elementor-element elementor-element-a8e6d37 elementor-widget elementor-widget-image\" data-id=\"a8e6d37\" data-element_type=\"widget\" data-e-type=\"widget\" data-widget_type=\"image.default\">\n\t\t\t\t<div class=\"elementor-widget-container\">\n\t\t\t\t\t\t\t\t\t\t\t\t\t\t\t<img fetchpriority=\"high\" decoding=\"async\" width=\"700\" height=\"700\" src=\"https:\/\/duramax.com\/wp-content\/uploads\/2025\/03\/image-2.png\" class=\"attachment-large size-large wp-image-9338\" alt=\"\" srcset=\"https:\/\/duramax.com\/wp-content\/uploads\/2025\/03\/image-2.png 1000w, https:\/\/duramax.com\/wp-content\/uploads\/2025\/03\/image-2-300x300.png 300w, https:\/\/duramax.com\/wp-content\/uploads\/2025\/03\/image-2-150x150.png 150w, https:\/\/duramax.com\/wp-content\/uploads\/2025\/03\/image-2-768x768.png 768w, https:\/\/duramax.com\/wp-content\/uploads\/2025\/03\/image-2-100x100.png 100w\" sizes=\"100vw\" \/>\t\t\t\t\t\t\t\t\t\t\t\t\t\t\t<\/div>\n\t\t\t\t<\/div>\n\t\t\t\t<\/div>\n\t\t<div class=\"elementor-element elementor-element-40a3ade9 e-con-full e-flex e-con e-child\" data-id=\"40a3ade9\" data-element_type=\"container\" data-e-type=\"container\">\n\t\t<div class=\"elementor-element elementor-element-67541852 e-con-full e-flex e-con e-child\" data-id=\"67541852\" data-element_type=\"container\" data-e-type=\"container\" data-settings=\"{&quot;background_background&quot;:&quot;gradient&quot;}\">\n\t\t\t\t<div class=\"elementor-element elementor-element-b3d960e elementor-widget__width-initial elementor-absolute elementor-widget elementor-widget-image\" data-id=\"b3d960e\" data-element_type=\"widget\" data-e-type=\"widget\" data-settings=\"{&quot;_position&quot;:&quot;absolute&quot;}\" data-widget_type=\"image.default\">\n\t\t\t\t<div class=\"elementor-widget-container\">\n\t\t\t\t\t\t\t\t\t\t\t\t\t\t\t<img decoding=\"async\" width=\"275\" height=\"273\" src=\"https:\/\/duramax.com\/wp-content\/uploads\/2025\/03\/made-in-usa@3x-8.png\" class=\"attachment-medium size-medium wp-image-8782\" alt=\"\" srcset=\"https:\/\/duramax.com\/wp-content\/uploads\/2025\/03\/made-in-usa@3x-8.png 275w, https:\/\/duramax.com\/wp-content\/uploads\/2025\/03\/made-in-usa@3x-8-150x150.png 150w, https:\/\/duramax.com\/wp-content\/uploads\/2025\/03\/made-in-usa@3x-8-100x100.png 100w\" sizes=\"100vw\" \/>\t\t\t\t\t\t\t\t\t\t\t\t\t\t\t<\/div>\n\t\t\t\t<\/div>\n\t\t<div class=\"elementor-element elementor-element-415404d8 e-con-full e-flex e-con e-child\" data-id=\"415404d8\" data-element_type=\"container\" data-e-type=\"container\">\n\t\t\t\t<div class=\"elementor-element elementor-element-56d3c4cd elementor-hidden-tablet elementor-hidden-mobile elementor-widget elementor-widget-heading\" data-id=\"56d3c4cd\" data-element_type=\"widget\" data-e-type=\"widget\" data-widget_type=\"heading.default\">\n\t\t\t\t<div class=\"elementor-widget-container\">\n\t\t\t\t\t<h1 class=\"elementor-heading-title elementor-size-default\">Filtros de aceite<\/h1>\t\t\t\t<\/div>\n\t\t\t\t<\/div>\n\t\t\t\t<div class=\"elementor-element elementor-element-b93f7b5 elementor-widget elementor-widget-heading\" data-id=\"b93f7b5\" data-element_type=\"widget\" data-e-type=\"widget\" data-widget_type=\"heading.default\">\n\t\t\t\t<div class=\"elementor-widget-container\">\n\t\t\t\t\t<h2 class=\"elementor-heading-title elementor-size-default\">Dise\u00f1ado para todas las marcas y modelos\n<\/h2>\t\t\t\t<\/div>\n\t\t\t\t<\/div>\n\t\t\t\t<div class=\"elementor-element elementor-element-286150c4 elementor-widget__width-initial elementor-widget elementor-widget-text-editor\" data-id=\"286150c4\" data-element_type=\"widget\" data-e-type=\"widget\" data-widget_type=\"text-editor.default\">\n\t\t\t\t<div class=\"elementor-widget-container\">\n\t\t\t\t\t\t\t\t\t<p>Fabricados seg\u00fan las normas m\u00e1s estrictas de conformidad con ISO\/TS 16949, los filtros de aceite DuraMAX ofrecen una protecci\u00f3n y un rendimiento superiores en las condiciones m\u00e1s exigentes.<\/p>\t\t\t\t\t\t\t\t<\/div>\n\t\t\t\t<\/div>\n\t\t\t\t<div class=\"elementor-element elementor-element-817fb87 elementor-widget__width-initial elementor-widget elementor-widget-text-editor\" data-id=\"817fb87\" data-element_type=\"widget\" data-e-type=\"widget\" data-widget_type=\"text-editor.default\">\n\t\t\t\t<div class=\"elementor-widget-container\">\n\t\t\t\t\t\t\t\t\t<p><b>\u00bfPor qu\u00e9 elegir los filtros de aceite DuraMAX?<\/b><b><\/b><\/p>\t\t\t\t\t\t\t\t<\/div>\n\t\t\t\t<\/div>\n\t\t\t\t<div class=\"elementor-element elementor-element-40870475 elementor-widget__width-initial elementor-widget elementor-widget-text-editor\" data-id=\"40870475\" data-element_type=\"widget\" data-e-type=\"widget\" data-widget_type=\"text-editor.default\">\n\t\t\t\t<div class=\"elementor-widget-container\">\n\t\t\t\t\t\t\t\t\t<ul><li><b>Construcci\u00f3n duradera de la lata:<\/b> Fabricada con acero de 0,6 mm de grosor para una mayor resistencia y protecci\u00f3n<\/li><li><b>Sellado fiable:<\/b> El muelle tensor de acero tratado t\u00e9rmicamente garantiza un sellado seguro de los componentes internos<\/li><li><b>Tapa final Premium:<\/b> Tapa final de acero extragrueso dise\u00f1ada para las aplicaciones m\u00e1s duras de hoy en d\u00eda<\/li><li><b>Medio filtrante optimizado:<\/b> Cuidadosamente equilibrados para obtener la m\u00e1xima eficacia, capacidad y restricci\u00f3n de flujo para mantener tu motor seguro<\/li><li><b>Placa base robusta:<\/b> Proporciona una base s\u00f3lida para soportar cambios de presi\u00f3n extremos<\/li><li><b>Junta de goma de alta calidad:<\/b> Probada seg\u00fan normas internacionales para un sellado fiable y sin fugas<\/li><\/ul>\t\t\t\t\t\t\t\t<\/div>\n\t\t\t\t<\/div>\n\t\t\t\t<div class=\"elementor-element elementor-element-7310f3a elementor-widget__width-initial elementor-widget elementor-widget-text-editor\" data-id=\"7310f3a\" data-element_type=\"widget\" data-e-type=\"widget\" data-widget_type=\"text-editor.default\">\n\t\t\t\t<div class=\"elementor-widget-container\">\n\t\t\t\t\t\t\t\t\t<p>Conf\u00eda en los filtros de aceite DuraMAX para proteger tu motor con ingenier\u00eda de precisi\u00f3n y materiales de primera calidad, fabricados para ofrecer rendimiento y longevidad.<\/p>\t\t\t\t\t\t\t\t<\/div>\n\t\t\t\t<\/div>\n\t\t\t\t<\/div>\n\t\t\t\t<\/div>\n\t\t\t\t<\/div>\n\t\t\t\t<\/div>\n\t\t\t\t<\/div>\n\t\t","protected":false},"featured_media":9338,"parent":8713,"menu_order":0,"template":"","meta":{"_acf_changed":false,"footnotes":""},"categories":[],"tags":[36],"class_list":["post-8728","product","type-product","status-publish","has-post-thumbnail","hentry","tag-filtros"],"acf":[],"yoast_head":"<!-- This site is optimized with the Yoast SEO plugin v27.0 - https:\/\/yoast.com\/product\/yoast-seo-wordpress\/ -->\n<title>Filtros de aceite - DuraMAX<\/title>\n<meta name=\"robots\" content=\"index, follow, max-snippet:-1, max-image-preview:large, max-video-preview:-1\" \/>\n<link rel=\"canonical\" href=\"https:\/\/duramax.com\/es\/product\/filtros\/filtros-de-aceite\/\" \/>\n<meta property=\"og:locale\" content=\"es_ES\" \/>\n<meta property=\"og:type\" content=\"article\" \/>\n<meta property=\"og:title\" content=\"Filtros de aceite - DuraMAX\" \/>\n<meta property=\"og:description\" content=\"Dise\u00f1ado para todas las marcas y modelos Fabricados seg\u00fan las normas m\u00e1s estrictas de conformidad con ISO\/TS 16949, los filtros de aceite DuraMAX ofrecen una protecci\u00f3n y un rendimiento superiores en las condiciones m\u00e1s exigentes. \u00bfPor qu\u00e9 elegir los filtros de aceite DuraMAX? Construcci\u00f3n duradera de la lata: Fabricada con acero de 0,6 mm de &hellip; Continue reading &quot;Filtros de aceite&quot;\" \/>\n<meta property=\"og:url\" content=\"https:\/\/duramax.com\/es\/product\/filtros\/filtros-de-aceite\/\" \/>\n<meta property=\"og:site_name\" content=\"DuraMAX\" \/>\n<meta property=\"article:modified_time\" content=\"2025-06-05T22:46:36+00:00\" \/>\n<meta property=\"og:image\" content=\"http:\/\/duramax.com\/wp-content\/uploads\/2025\/03\/image-2.png\" \/>\n\t<meta property=\"og:image:width\" content=\"1000\" \/>\n\t<meta property=\"og:image:height\" content=\"1000\" \/>\n\t<meta property=\"og:image:type\" content=\"image\/png\" \/>\n<meta name=\"twitter:card\" content=\"summary_large_image\" \/>\n<meta name=\"twitter:label1\" content=\"Tiempo de lectura\" \/>\n\t<meta name=\"twitter:data1\" content=\"1 minuto\" \/>\n<script type=\"application\/ld+json\" class=\"yoast-schema-graph\">{\"@context\":\"https:\/\/schema.org\",\"@graph\":[{\"@type\":\"WebPage\",\"@id\":\"https:\/\/duramax.com\/es\/product\/filtros\/filtros-de-aceite\/\",\"url\":\"https:\/\/duramax.com\/es\/product\/filtros\/filtros-de-aceite\/\",\"name\":\"Filtros de aceite - DuraMAX\",\"isPartOf\":{\"@id\":\"https:\/\/duramax.com\/es\/#website\"},\"primaryImageOfPage\":{\"@id\":\"https:\/\/duramax.com\/es\/product\/filtros\/filtros-de-aceite\/#primaryimage\"},\"image\":{\"@id\":\"https:\/\/duramax.com\/es\/product\/filtros\/filtros-de-aceite\/#primaryimage\"},\"thumbnailUrl\":\"https:\/\/duramax.com\/wp-content\/uploads\/2025\/03\/image-2.png\",\"datePublished\":\"2025-03-24T19:40:34+00:00\",\"dateModified\":\"2025-06-05T22:46:36+00:00\",\"breadcrumb\":{\"@id\":\"https:\/\/duramax.com\/es\/product\/filtros\/filtros-de-aceite\/#breadcrumb\"},\"inLanguage\":\"es\",\"potentialAction\":[{\"@type\":\"ReadAction\",\"target\":[\"https:\/\/duramax.com\/es\/product\/filtros\/filtros-de-aceite\/\"]}]},{\"@type\":\"ImageObject\",\"inLanguage\":\"es\",\"@id\":\"https:\/\/duramax.com\/es\/product\/filtros\/filtros-de-aceite\/#primaryimage\",\"url\":\"https:\/\/duramax.com\/wp-content\/uploads\/2025\/03\/image-2.png\",\"contentUrl\":\"https:\/\/duramax.com\/wp-content\/uploads\/2025\/03\/image-2.png\",\"width\":1000,\"height\":1000},{\"@type\":\"BreadcrumbList\",\"@id\":\"https:\/\/duramax.com\/es\/product\/filtros\/filtros-de-aceite\/#breadcrumb\",\"itemListElement\":[{\"@type\":\"ListItem\",\"position\":1,\"name\":\"Home\",\"item\":\"https:\/\/duramax.com\/es\/duramax-hogar-v2\/\"},{\"@type\":\"ListItem\",\"position\":2,\"name\":\"Filtros\",\"item\":\"https:\/\/duramax.com\/es\/product\/filtros\/\"},{\"@type\":\"ListItem\",\"position\":3,\"name\":\"Filtros de aceite\"}]},{\"@type\":\"WebSite\",\"@id\":\"https:\/\/duramax.com\/es\/#website\",\"url\":\"https:\/\/duramax.com\/es\/\",\"name\":\"DuraMAX\",\"description\":\"DuraMAX Liquid Armor Engine Warranty\",\"publisher\":{\"@id\":\"https:\/\/duramax.com\/es\/#organization\"},\"potentialAction\":[{\"@type\":\"SearchAction\",\"target\":{\"@type\":\"EntryPoint\",\"urlTemplate\":\"https:\/\/duramax.com\/es\/?s={search_term_string}\"},\"query-input\":{\"@type\":\"PropertyValueSpecification\",\"valueRequired\":true,\"valueName\":\"search_term_string\"}}],\"inLanguage\":\"es\"},{\"@type\":\"Organization\",\"@id\":\"https:\/\/duramax.com\/es\/#organization\",\"name\":\"DuraMAX\",\"url\":\"https:\/\/duramax.com\/es\/\",\"logo\":{\"@type\":\"ImageObject\",\"inLanguage\":\"es\",\"@id\":\"https:\/\/duramax.com\/es\/#\/schema\/logo\/image\/\",\"url\":\"https:\/\/duramax.com\/wp-content\/uploads\/2025\/03\/DuraMAX-logo.svg\",\"contentUrl\":\"https:\/\/duramax.com\/wp-content\/uploads\/2025\/03\/DuraMAX-logo.svg\",\"caption\":\"DuraMAX\"},\"image\":{\"@id\":\"https:\/\/duramax.com\/es\/#\/schema\/logo\/image\/\"}}]}<\/script>\n<!-- \/ Yoast SEO plugin. -->","yoast_head_json":{"title":"Filtros de aceite - DuraMAX","robots":{"index":"index","follow":"follow","max-snippet":"max-snippet:-1","max-image-preview":"max-image-preview:large","max-video-preview":"max-video-preview:-1"},"canonical":"https:\/\/duramax.com\/es\/product\/filtros\/filtros-de-aceite\/","og_locale":"es_ES","og_type":"article","og_title":"Filtros de aceite - DuraMAX","og_description":"Dise\u00f1ado para todas las marcas y modelos Fabricados seg\u00fan las normas m\u00e1s estrictas de conformidad con ISO\/TS 16949, los filtros de aceite DuraMAX ofrecen una protecci\u00f3n y un rendimiento superiores en las condiciones m\u00e1s exigentes. \u00bfPor qu\u00e9 elegir los filtros de aceite DuraMAX? Construcci\u00f3n duradera de la lata: Fabricada con acero de 0,6 mm de &hellip; Continue reading \"Filtros de aceite\"","og_url":"https:\/\/duramax.com\/es\/product\/filtros\/filtros-de-aceite\/","og_site_name":"DuraMAX","article_modified_time":"2025-06-05T22:46:36+00:00","og_image":[{"width":1000,"height":1000,"url":"http:\/\/duramax.com\/wp-content\/uploads\/2025\/03\/image-2.png","type":"image\/png"}],"twitter_card":"summary_large_image","twitter_misc":{"Tiempo de lectura":"1 minuto"},"schema":{"@context":"https:\/\/schema.org","@graph":[{"@type":"WebPage","@id":"https:\/\/duramax.com\/es\/product\/filtros\/filtros-de-aceite\/","url":"https:\/\/duramax.com\/es\/product\/filtros\/filtros-de-aceite\/","name":"Filtros de aceite - DuraMAX","isPartOf":{"@id":"https:\/\/duramax.com\/es\/#website"},"primaryImageOfPage":{"@id":"https:\/\/duramax.com\/es\/product\/filtros\/filtros-de-aceite\/#primaryimage"},"image":{"@id":"https:\/\/duramax.com\/es\/product\/filtros\/filtros-de-aceite\/#primaryimage"},"thumbnailUrl":"https:\/\/duramax.com\/wp-content\/uploads\/2025\/03\/image-2.png","datePublished":"2025-03-24T19:40:34+00:00","dateModified":"2025-06-05T22:46:36+00:00","breadcrumb":{"@id":"https:\/\/duramax.com\/es\/product\/filtros\/filtros-de-aceite\/#breadcrumb"},"inLanguage":"es","potentialAction":[{"@type":"ReadAction","target":["https:\/\/duramax.com\/es\/product\/filtros\/filtros-de-aceite\/"]}]},{"@type":"ImageObject","inLanguage":"es","@id":"https:\/\/duramax.com\/es\/product\/filtros\/filtros-de-aceite\/#primaryimage","url":"https:\/\/duramax.com\/wp-content\/uploads\/2025\/03\/image-2.png","contentUrl":"https:\/\/duramax.com\/wp-content\/uploads\/2025\/03\/image-2.png","width":1000,"height":1000},{"@type":"BreadcrumbList","@id":"https:\/\/duramax.com\/es\/product\/filtros\/filtros-de-aceite\/#breadcrumb","itemListElement":[{"@type":"ListItem","position":1,"name":"Home","item":"https:\/\/duramax.com\/es\/duramax-hogar-v2\/"},{"@type":"ListItem","position":2,"name":"Filtros","item":"https:\/\/duramax.com\/es\/product\/filtros\/"},{"@type":"ListItem","position":3,"name":"Filtros de aceite"}]},{"@type":"WebSite","@id":"https:\/\/duramax.com\/es\/#website","url":"https:\/\/duramax.com\/es\/","name":"DuraMAX","description":"DuraMAX Liquid Armor Engine Warranty","publisher":{"@id":"https:\/\/duramax.com\/es\/#organization"},"potentialAction":[{"@type":"SearchAction","target":{"@type":"EntryPoint","urlTemplate":"https:\/\/duramax.com\/es\/?s={search_term_string}"},"query-input":{"@type":"PropertyValueSpecification","valueRequired":true,"valueName":"search_term_string"}}],"inLanguage":"es"},{"@type":"Organization","@id":"https:\/\/duramax.com\/es\/#organization","name":"DuraMAX","url":"https:\/\/duramax.com\/es\/","logo":{"@type":"ImageObject","inLanguage":"es","@id":"https:\/\/duramax.com\/es\/#\/schema\/logo\/image\/","url":"https:\/\/duramax.com\/wp-content\/uploads\/2025\/03\/DuraMAX-logo.svg","contentUrl":"https:\/\/duramax.com\/wp-content\/uploads\/2025\/03\/DuraMAX-logo.svg","caption":"DuraMAX"},"image":{"@id":"https:\/\/duramax.com\/es\/#\/schema\/logo\/image\/"}}]}},"_links":{"self":[{"href":"https:\/\/duramax.com\/es\/wp-json\/wp\/v2\/product\/8728","targetHints":{"allow":["GET"]}}],"collection":[{"href":"https:\/\/duramax.com\/es\/wp-json\/wp\/v2\/product"}],"about":[{"href":"https:\/\/duramax.com\/es\/wp-json\/wp\/v2\/types\/product"}],"version-history":[{"count":4,"href":"https:\/\/duramax.com\/es\/wp-json\/wp\/v2\/product\/8728\/revisions"}],"predecessor-version":[{"id":10355,"href":"https:\/\/duramax.com\/es\/wp-json\/wp\/v2\/product\/8728\/revisions\/10355"}],"up":[{"embeddable":true,"href":"https:\/\/duramax.com\/es\/wp-json\/wp\/v2\/product\/8713"}],"wp:featuredmedia":[{"embeddable":true,"href":"https:\/\/duramax.com\/es\/wp-json\/wp\/v2\/media\/9338"}],"wp:attachment":[{"href":"https:\/\/duramax.com\/es\/wp-json\/wp\/v2\/media?parent=8728"}],"wp:term":[{"taxonomy":"category","embeddable":true,"href":"https:\/\/duramax.com\/es\/wp-json\/wp\/v2\/categories?post=8728"},{"taxonomy":"post_tag","embeddable":true,"href":"https:\/\/duramax.com\/es\/wp-json\/wp\/v2\/tags?post=8728"}],"curies":[{"name":"wp","href":"https:\/\/api.w.org\/{rel}","templated":true}]}}