{"id":8729,"date":"2025-03-24T14:35:50","date_gmt":"2025-03-24T19:35:50","guid":{"rendered":"https:\/\/duramax.com\/product\/aceites-para-engranajes\/aceites-para-engranajes-convencionales\/"},"modified":"2025-07-02T09:58:50","modified_gmt":"2025-07-02T14:58:50","slug":"aceites-para-engranajes-convencionales","status":"publish","type":"product","link":"https:\/\/duramax.com\/es\/product\/aceites-para-engranajes\/aceites-para-engranajes-convencionales\/","title":{"rendered":"Aceites para engranajes convencionales"},"content":{"rendered":"\t\t<div data-elementor-type=\"wp-post\" data-elementor-id=\"8729\" class=\"elementor elementor-8729 elementor-8650\" data-elementor-post-type=\"product\">\n\t\t\t\t<div class=\"elementor-element elementor-element-6f8cce33 e-con-full e-flex e-con e-parent\" data-id=\"6f8cce33\" data-element_type=\"container\" data-e-type=\"container\">\n\t\t\t\t<div class=\"elementor-element elementor-element-66443aaa elementor-absolute elementor-hidden-desktop elementor-hidden-tablet_extra elementor-widget-divider--view-line elementor-widget elementor-widget-divider\" data-id=\"66443aaa\" data-element_type=\"widget\" data-e-type=\"widget\" data-settings=\"{&quot;_position&quot;:&quot;absolute&quot;}\" data-widget_type=\"divider.default\">\n\t\t\t\t<div class=\"elementor-widget-container\">\n\t\t\t\t\t\t\t<div class=\"elementor-divider\">\n\t\t\t<span class=\"elementor-divider-separator\">\n\t\t\t\t\t\t<\/span>\n\t\t<\/div>\n\t\t\t\t\t\t<\/div>\n\t\t\t\t<\/div>\n\t\t\t\t<div class=\"elementor-element elementor-element-28e80b5b elementor-hidden-desktop elementor-hidden-tablet_extra elementor-widget elementor-widget-heading\" data-id=\"28e80b5b\" data-element_type=\"widget\" data-e-type=\"widget\" data-widget_type=\"heading.default\">\n\t\t\t\t<div class=\"elementor-widget-container\">\n\t\t\t\t\t<h2 class=\"elementor-heading-title elementor-size-default\">Aceites para engranajes convencionales<\/h2>\t\t\t\t<\/div>\n\t\t\t\t<\/div>\n\t\t<div class=\"elementor-element elementor-element-2785fee8 e-con-full e-flex e-con e-child\" data-id=\"2785fee8\" data-element_type=\"container\" data-e-type=\"container\">\n\t\t\t\t<div class=\"elementor-element elementor-element-7b1996c0 elementor-widget elementor-widget-image\" data-id=\"7b1996c0\" data-element_type=\"widget\" data-e-type=\"widget\" data-widget_type=\"image.default\">\n\t\t\t\t<div class=\"elementor-widget-container\">\n\t\t\t\t\t\t\t\t\t\t\t\t\t\t\t<img fetchpriority=\"high\" decoding=\"async\" width=\"377\" height=\"1024\" src=\"https:\/\/duramax.com\/wp-content\/uploads\/2025\/03\/DMX_LSF-80W90-GearOil-1Qt-377x1024.png\" class=\"attachment-large size-large wp-image-9223\" alt=\"\" srcset=\"https:\/\/duramax.com\/wp-content\/uploads\/2025\/03\/DMX_LSF-80W90-GearOil-1Qt-377x1024.png 377w, https:\/\/duramax.com\/wp-content\/uploads\/2025\/03\/DMX_LSF-80W90-GearOil-1Qt-110x300.png 110w, https:\/\/duramax.com\/wp-content\/uploads\/2025\/03\/DMX_LSF-80W90-GearOil-1Qt.png 552w\" sizes=\"100vw\" \/>\t\t\t\t\t\t\t\t\t\t\t\t\t\t\t<\/div>\n\t\t\t\t<\/div>\n\t\t\t\t<\/div>\n\t\t<div class=\"elementor-element elementor-element-49c47ece e-con-full e-flex e-con e-child\" data-id=\"49c47ece\" data-element_type=\"container\" data-e-type=\"container\">\n\t\t<div class=\"elementor-element elementor-element-dfa0e61 e-con-full e-flex e-con e-child\" data-id=\"dfa0e61\" data-element_type=\"container\" data-e-type=\"container\" data-settings=\"{&quot;background_background&quot;:&quot;gradient&quot;}\">\n\t\t\t\t<div class=\"elementor-element elementor-element-657be92 elementor-widget__width-initial elementor-absolute elementor-widget elementor-widget-image\" data-id=\"657be92\" data-element_type=\"widget\" data-e-type=\"widget\" data-settings=\"{&quot;_position&quot;:&quot;absolute&quot;}\" data-widget_type=\"image.default\">\n\t\t\t\t<div class=\"elementor-widget-container\">\n\t\t\t\t\t\t\t\t\t\t\t\t\t\t\t<img decoding=\"async\" width=\"275\" height=\"273\" src=\"https:\/\/duramax.com\/wp-content\/uploads\/2025\/03\/made-in-usa@3x-8.png\" class=\"attachment-medium size-medium wp-image-8782\" alt=\"\" srcset=\"https:\/\/duramax.com\/wp-content\/uploads\/2025\/03\/made-in-usa@3x-8.png 275w, https:\/\/duramax.com\/wp-content\/uploads\/2025\/03\/made-in-usa@3x-8-150x150.png 150w, https:\/\/duramax.com\/wp-content\/uploads\/2025\/03\/made-in-usa@3x-8-100x100.png 100w\" sizes=\"100vw\" \/>\t\t\t\t\t\t\t\t\t\t\t\t\t\t\t<\/div>\n\t\t\t\t<\/div>\n\t\t<div class=\"elementor-element elementor-element-72e82262 e-con-full e-flex e-con e-child\" data-id=\"72e82262\" data-element_type=\"container\" data-e-type=\"container\">\n\t\t\t\t<div class=\"elementor-element elementor-element-214a8267 elementor-hidden-tablet elementor-hidden-mobile elementor-widget elementor-widget-heading\" data-id=\"214a8267\" data-element_type=\"widget\" data-e-type=\"widget\" data-widget_type=\"heading.default\">\n\t\t\t\t<div class=\"elementor-widget-container\">\n\t\t\t\t\t<h1 class=\"elementor-heading-title elementor-size-default\">Aceites para engranajes convencionales<\/h1>\t\t\t\t<\/div>\n\t\t\t\t<\/div>\n\t\t\t\t<div class=\"elementor-element elementor-element-ebe4466 elementor-widget elementor-widget-heading\" data-id=\"ebe4466\" data-element_type=\"widget\" data-e-type=\"widget\" data-widget_type=\"heading.default\">\n\t\t\t\t<div class=\"elementor-widget-container\">\n\t\t\t\t\t<h2 class=\"elementor-heading-title elementor-size-default\">Protecci\u00f3n Premium para Engranajes, Diferenciales y Transmisiones Manuales\n<\/h2>\t\t\t\t<\/div>\n\t\t\t\t<\/div>\n\t\t\t\t<div class=\"elementor-element elementor-element-18f2cd15 elementor-widget__width-initial elementor-widget elementor-widget-text-editor\" data-id=\"18f2cd15\" data-element_type=\"widget\" data-e-type=\"widget\" data-widget_type=\"text-editor.default\">\n\t\t\t\t<div class=\"elementor-widget-container\">\n\t\t\t\t\t\t\t\t\t<p>El aceite para engranajes DuraMAX\u00ae SAE 80W-90 est\u00e1 dise\u00f1ado para ofrecer <b>una protecci\u00f3n y un rendimiento excepcionales de los engranajes<\/b> en una amplia gama de condiciones de funcionamiento y temperaturas ambiente. Este aceite de alto rendimiento para engranajes est\u00e1 formulado con <b>aditivos de extrema presi\u00f3n (EP) de primera calidad<\/b>, <b>inhibidores de la oxidaci\u00f3n y la corrosi\u00f3n<\/b>, y <b>agentes antiespumantes<\/b> para garantizar una protecci\u00f3n duradera de los engranajes hipoides, cajas de cambios, transmisiones manuales y diferenciales convencionales y de deslizamiento limitado. <\/p>\t\t\t\t\t\t\t\t<\/div>\n\t\t\t\t<\/div>\n\t\t\t\t<div class=\"elementor-element elementor-element-d611adc elementor-widget__width-initial elementor-widget elementor-widget-text-editor\" data-id=\"d611adc\" data-element_type=\"widget\" data-e-type=\"widget\" data-widget_type=\"text-editor.default\">\n\t\t\t\t<div class=\"elementor-widget-container\">\n\t\t\t\t\t\t\t\t\t<p>Tanto si conduces un turismo, un cami\u00f3n ligero, un veh\u00edculo todoterreno o maquinaria agr\u00edcola, DuraMAX\u00ae 80W-90 proporciona la durabilidad y fiabilidad necesarias para trabajos duros y entornos dif\u00edciles.<\/p>\t\t\t\t\t\t\t\t<\/div>\n\t\t\t\t<\/div>\n\t\t\t\t<div class=\"elementor-element elementor-element-244cfdb elementor-widget elementor-widget-heading\" data-id=\"244cfdb\" data-element_type=\"widget\" data-e-type=\"widget\" data-widget_type=\"heading.default\">\n\t\t\t\t<div class=\"elementor-widget-container\">\n\t\t\t\t\t<h2 class=\"elementor-heading-title elementor-size-default\">Beneficios clave:<\/h2>\t\t\t\t<\/div>\n\t\t\t\t<\/div>\n\t\t\t\t<div class=\"elementor-element elementor-element-257b73df elementor-widget__width-initial elementor-widget elementor-widget-text-editor\" data-id=\"257b73df\" data-element_type=\"widget\" data-e-type=\"widget\" data-widget_type=\"text-editor.default\">\n\t\t\t\t<div class=\"elementor-widget-container\">\n\t\t\t\t\t\t\t\t\t<ul><li><b>Excelente protecci\u00f3n contra el desgaste<\/b> &#8211; Especialmente en condiciones de par elevado y presi\u00f3n extrema<\/li><li><b>Resiste la rotura t\u00e9rmica<\/b> &#8211; Mantiene la viscosidad y la protecci\u00f3n en funcionamiento a alta temperatura<\/li><li><b>Inhibidores de \u00f3xido y corrosi\u00f3n<\/b> &#8211; Protegen los componentes internos de la humedad y la contaminaci\u00f3n<\/li><li><b>Funcionamiento suave y silencioso<\/b> &#8211; Ayuda a reducir el ruido y las vibraciones del engranaje<\/li><li><b>Compatibilidad con<\/b> deslizamiento limitado: satisface las exigencias de los diferenciales convencionales y de deslizamiento limitado<\/li><\/ul>\t\t\t\t\t\t\t\t<\/div>\n\t\t\t\t<\/div>\n\t\t\t\t<div class=\"elementor-element elementor-element-5c5674c elementor-widget elementor-widget-heading\" data-id=\"5c5674c\" data-element_type=\"widget\" data-e-type=\"widget\" data-widget_type=\"heading.default\">\n\t\t\t\t<div class=\"elementor-widget-container\">\n\t\t\t\t\t<h2 class=\"elementor-heading-title elementor-size-default\">Recomendado para:<\/h2>\t\t\t\t<\/div>\n\t\t\t\t<\/div>\n\t\t\t\t<div class=\"elementor-element elementor-element-d044282 elementor-widget__width-initial elementor-widget elementor-widget-text-editor\" data-id=\"d044282\" data-element_type=\"widget\" data-e-type=\"widget\" data-widget_type=\"text-editor.default\">\n\t\t\t\t<div class=\"elementor-widget-container\">\n\t\t\t\t\t\t\t\t\t<p>El aceite para engranajes convencional DuraMAX\u00ae SAE 80W-90 cumple o supera los requisitos de rendimiento de: <b>API GL-5 y MT-1<\/b>, <b>SAE J2360<\/b> y <b>Mack GO-J, GO-H y GO-G<\/b>. Adecuado para su uso en coches, camiones, tractores y otros equipos que requieran un lubricante para engranajes SAE 80W-90 de alto rendimiento. <\/p>\t\t\t\t\t\t\t\t<\/div>\n\t\t\t\t<\/div>\n\t\t\t\t<div class=\"elementor-element elementor-element-290bb8c1 elementor-align-left elementor-widget__width-initial elementor-widget elementor-widget-button\" data-id=\"290bb8c1\" data-element_type=\"widget\" data-e-type=\"widget\" data-widget_type=\"button.default\">\n\t\t\t\t<div class=\"elementor-widget-container\">\n\t\t\t\t\t\t\t\t\t<div class=\"elementor-button-wrapper\">\n\t\t\t\t\t<a class=\"elementor-button elementor-button-link elementor-size-sm\" href=\"https:\/\/duramax.com\/wp-content\/uploads\/2024\/04\/DuraMAX-Conventional-Gear-Oil-80w90-1.pdf\" target=\"_blank\">\n\t\t\t\t\t\t<span class=\"elementor-button-content-wrapper\">\n\t\t\t\t\t\t\t\t\t<span class=\"elementor-button-text\">Ver la ficha t\u00e9cnica del producto<\/span>\n\t\t\t\t\t<\/span>\n\t\t\t\t\t<\/a>\n\t\t\t\t<\/div>\n\t\t\t\t\t\t\t\t<\/div>\n\t\t\t\t<\/div>\n\t\t\t\t<\/div>\n\t\t\t\t<\/div>\n\t\t\t\t<\/div>\n\t\t\t\t<\/div>\n\t\t\t\t<\/div>\n\t\t","protected":false},"featured_media":9223,"parent":8710,"menu_order":0,"template":"","meta":{"_acf_changed":false,"footnotes":""},"categories":[],"tags":[34],"class_list":["post-8729","product","type-product","status-publish","has-post-thumbnail","hentry","tag-aceites-para-engranajes"],"acf":[],"yoast_head":"<!-- This site is optimized with the Yoast SEO plugin v27.0 - https:\/\/yoast.com\/product\/yoast-seo-wordpress\/ -->\n<title>Aceites para engranajes convencionales - DuraMAX<\/title>\n<meta name=\"robots\" content=\"index, follow, max-snippet:-1, max-image-preview:large, max-video-preview:-1\" \/>\n<link rel=\"canonical\" href=\"https:\/\/duramax.com\/es\/product\/aceites-para-engranajes\/aceites-para-engranajes-convencionales\/\" \/>\n<meta property=\"og:locale\" content=\"es_ES\" \/>\n<meta property=\"og:type\" content=\"article\" \/>\n<meta property=\"og:title\" content=\"Aceites para engranajes convencionales - DuraMAX\" \/>\n<meta property=\"og:description\" content=\"Protecci\u00f3n Premium para Engranajes, Diferenciales y Transmisiones Manuales El aceite para engranajes DuraMAX\u00ae SAE 80W-90 est\u00e1 dise\u00f1ado para ofrecer una protecci\u00f3n y un rendimiento excepcionales de los engranajes en una amplia gama de condiciones de funcionamiento y temperaturas ambiente. Este aceite de alto rendimiento para engranajes est\u00e1 formulado con aditivos de extrema presi\u00f3n (EP) de &hellip; Continue reading &quot;Aceites para engranajes convencionales&quot;\" \/>\n<meta property=\"og:url\" content=\"https:\/\/duramax.com\/es\/product\/aceites-para-engranajes\/aceites-para-engranajes-convencionales\/\" \/>\n<meta property=\"og:site_name\" content=\"DuraMAX\" \/>\n<meta property=\"article:modified_time\" content=\"2025-07-02T14:58:50+00:00\" \/>\n<meta property=\"og:image\" content=\"https:\/\/duramax.com\/wp-content\/uploads\/2025\/03\/DMX_LSF-80W90-GearOil-1Qt.png\" \/>\n\t<meta property=\"og:image:width\" content=\"552\" \/>\n\t<meta property=\"og:image:height\" content=\"1500\" \/>\n\t<meta property=\"og:image:type\" content=\"image\/png\" \/>\n<meta name=\"twitter:card\" content=\"summary_large_image\" \/>\n<meta name=\"twitter:label1\" content=\"Tiempo de lectura\" \/>\n\t<meta name=\"twitter:data1\" content=\"1 minuto\" \/>\n<script type=\"application\/ld+json\" class=\"yoast-schema-graph\">{\"@context\":\"https:\/\/schema.org\",\"@graph\":[{\"@type\":\"WebPage\",\"@id\":\"https:\/\/duramax.com\/es\/product\/aceites-para-engranajes\/aceites-para-engranajes-convencionales\/\",\"url\":\"https:\/\/duramax.com\/es\/product\/aceites-para-engranajes\/aceites-para-engranajes-convencionales\/\",\"name\":\"Aceites para engranajes convencionales - DuraMAX\",\"isPartOf\":{\"@id\":\"https:\/\/duramax.com\/es\/#website\"},\"primaryImageOfPage\":{\"@id\":\"https:\/\/duramax.com\/es\/product\/aceites-para-engranajes\/aceites-para-engranajes-convencionales\/#primaryimage\"},\"image\":{\"@id\":\"https:\/\/duramax.com\/es\/product\/aceites-para-engranajes\/aceites-para-engranajes-convencionales\/#primaryimage\"},\"thumbnailUrl\":\"https:\/\/duramax.com\/wp-content\/uploads\/2025\/03\/DMX_LSF-80W90-GearOil-1Qt.png\",\"datePublished\":\"2025-03-24T19:35:50+00:00\",\"dateModified\":\"2025-07-02T14:58:50+00:00\",\"breadcrumb\":{\"@id\":\"https:\/\/duramax.com\/es\/product\/aceites-para-engranajes\/aceites-para-engranajes-convencionales\/#breadcrumb\"},\"inLanguage\":\"es\",\"potentialAction\":[{\"@type\":\"ReadAction\",\"target\":[\"https:\/\/duramax.com\/es\/product\/aceites-para-engranajes\/aceites-para-engranajes-convencionales\/\"]}]},{\"@type\":\"ImageObject\",\"inLanguage\":\"es\",\"@id\":\"https:\/\/duramax.com\/es\/product\/aceites-para-engranajes\/aceites-para-engranajes-convencionales\/#primaryimage\",\"url\":\"https:\/\/duramax.com\/wp-content\/uploads\/2025\/03\/DMX_LSF-80W90-GearOil-1Qt.png\",\"contentUrl\":\"https:\/\/duramax.com\/wp-content\/uploads\/2025\/03\/DMX_LSF-80W90-GearOil-1Qt.png\",\"width\":552,\"height\":1500},{\"@type\":\"BreadcrumbList\",\"@id\":\"https:\/\/duramax.com\/es\/product\/aceites-para-engranajes\/aceites-para-engranajes-convencionales\/#breadcrumb\",\"itemListElement\":[{\"@type\":\"ListItem\",\"position\":1,\"name\":\"Home\",\"item\":\"https:\/\/duramax.com\/es\/duramax-hogar-v2\/\"},{\"@type\":\"ListItem\",\"position\":2,\"name\":\"Aceites para engranajes\",\"item\":\"https:\/\/duramax.com\/es\/product\/aceites-para-engranajes\/\"},{\"@type\":\"ListItem\",\"position\":3,\"name\":\"Aceites para engranajes convencionales\"}]},{\"@type\":\"WebSite\",\"@id\":\"https:\/\/duramax.com\/es\/#website\",\"url\":\"https:\/\/duramax.com\/es\/\",\"name\":\"DuraMAX\",\"description\":\"DuraMAX Liquid Armor Engine Warranty\",\"publisher\":{\"@id\":\"https:\/\/duramax.com\/es\/#organization\"},\"potentialAction\":[{\"@type\":\"SearchAction\",\"target\":{\"@type\":\"EntryPoint\",\"urlTemplate\":\"https:\/\/duramax.com\/es\/?s={search_term_string}\"},\"query-input\":{\"@type\":\"PropertyValueSpecification\",\"valueRequired\":true,\"valueName\":\"search_term_string\"}}],\"inLanguage\":\"es\"},{\"@type\":\"Organization\",\"@id\":\"https:\/\/duramax.com\/es\/#organization\",\"name\":\"DuraMAX\",\"url\":\"https:\/\/duramax.com\/es\/\",\"logo\":{\"@type\":\"ImageObject\",\"inLanguage\":\"es\",\"@id\":\"https:\/\/duramax.com\/es\/#\/schema\/logo\/image\/\",\"url\":\"https:\/\/duramax.com\/wp-content\/uploads\/2025\/03\/DuraMAX-logo.svg\",\"contentUrl\":\"https:\/\/duramax.com\/wp-content\/uploads\/2025\/03\/DuraMAX-logo.svg\",\"caption\":\"DuraMAX\"},\"image\":{\"@id\":\"https:\/\/duramax.com\/es\/#\/schema\/logo\/image\/\"}}]}<\/script>\n<!-- \/ Yoast SEO plugin. -->","yoast_head_json":{"title":"Aceites para engranajes convencionales - DuraMAX","robots":{"index":"index","follow":"follow","max-snippet":"max-snippet:-1","max-image-preview":"max-image-preview:large","max-video-preview":"max-video-preview:-1"},"canonical":"https:\/\/duramax.com\/es\/product\/aceites-para-engranajes\/aceites-para-engranajes-convencionales\/","og_locale":"es_ES","og_type":"article","og_title":"Aceites para engranajes convencionales - DuraMAX","og_description":"Protecci\u00f3n Premium para Engranajes, Diferenciales y Transmisiones Manuales El aceite para engranajes DuraMAX\u00ae SAE 80W-90 est\u00e1 dise\u00f1ado para ofrecer una protecci\u00f3n y un rendimiento excepcionales de los engranajes en una amplia gama de condiciones de funcionamiento y temperaturas ambiente. Este aceite de alto rendimiento para engranajes est\u00e1 formulado con aditivos de extrema presi\u00f3n (EP) de &hellip; Continue reading \"Aceites para engranajes convencionales\"","og_url":"https:\/\/duramax.com\/es\/product\/aceites-para-engranajes\/aceites-para-engranajes-convencionales\/","og_site_name":"DuraMAX","article_modified_time":"2025-07-02T14:58:50+00:00","og_image":[{"width":552,"height":1500,"url":"https:\/\/duramax.com\/wp-content\/uploads\/2025\/03\/DMX_LSF-80W90-GearOil-1Qt.png","type":"image\/png"}],"twitter_card":"summary_large_image","twitter_misc":{"Tiempo de lectura":"1 minuto"},"schema":{"@context":"https:\/\/schema.org","@graph":[{"@type":"WebPage","@id":"https:\/\/duramax.com\/es\/product\/aceites-para-engranajes\/aceites-para-engranajes-convencionales\/","url":"https:\/\/duramax.com\/es\/product\/aceites-para-engranajes\/aceites-para-engranajes-convencionales\/","name":"Aceites para engranajes convencionales - DuraMAX","isPartOf":{"@id":"https:\/\/duramax.com\/es\/#website"},"primaryImageOfPage":{"@id":"https:\/\/duramax.com\/es\/product\/aceites-para-engranajes\/aceites-para-engranajes-convencionales\/#primaryimage"},"image":{"@id":"https:\/\/duramax.com\/es\/product\/aceites-para-engranajes\/aceites-para-engranajes-convencionales\/#primaryimage"},"thumbnailUrl":"https:\/\/duramax.com\/wp-content\/uploads\/2025\/03\/DMX_LSF-80W90-GearOil-1Qt.png","datePublished":"2025-03-24T19:35:50+00:00","dateModified":"2025-07-02T14:58:50+00:00","breadcrumb":{"@id":"https:\/\/duramax.com\/es\/product\/aceites-para-engranajes\/aceites-para-engranajes-convencionales\/#breadcrumb"},"inLanguage":"es","potentialAction":[{"@type":"ReadAction","target":["https:\/\/duramax.com\/es\/product\/aceites-para-engranajes\/aceites-para-engranajes-convencionales\/"]}]},{"@type":"ImageObject","inLanguage":"es","@id":"https:\/\/duramax.com\/es\/product\/aceites-para-engranajes\/aceites-para-engranajes-convencionales\/#primaryimage","url":"https:\/\/duramax.com\/wp-content\/uploads\/2025\/03\/DMX_LSF-80W90-GearOil-1Qt.png","contentUrl":"https:\/\/duramax.com\/wp-content\/uploads\/2025\/03\/DMX_LSF-80W90-GearOil-1Qt.png","width":552,"height":1500},{"@type":"BreadcrumbList","@id":"https:\/\/duramax.com\/es\/product\/aceites-para-engranajes\/aceites-para-engranajes-convencionales\/#breadcrumb","itemListElement":[{"@type":"ListItem","position":1,"name":"Home","item":"https:\/\/duramax.com\/es\/duramax-hogar-v2\/"},{"@type":"ListItem","position":2,"name":"Aceites para engranajes","item":"https:\/\/duramax.com\/es\/product\/aceites-para-engranajes\/"},{"@type":"ListItem","position":3,"name":"Aceites para engranajes convencionales"}]},{"@type":"WebSite","@id":"https:\/\/duramax.com\/es\/#website","url":"https:\/\/duramax.com\/es\/","name":"DuraMAX","description":"DuraMAX Liquid Armor Engine Warranty","publisher":{"@id":"https:\/\/duramax.com\/es\/#organization"},"potentialAction":[{"@type":"SearchAction","target":{"@type":"EntryPoint","urlTemplate":"https:\/\/duramax.com\/es\/?s={search_term_string}"},"query-input":{"@type":"PropertyValueSpecification","valueRequired":true,"valueName":"search_term_string"}}],"inLanguage":"es"},{"@type":"Organization","@id":"https:\/\/duramax.com\/es\/#organization","name":"DuraMAX","url":"https:\/\/duramax.com\/es\/","logo":{"@type":"ImageObject","inLanguage":"es","@id":"https:\/\/duramax.com\/es\/#\/schema\/logo\/image\/","url":"https:\/\/duramax.com\/wp-content\/uploads\/2025\/03\/DuraMAX-logo.svg","contentUrl":"https:\/\/duramax.com\/wp-content\/uploads\/2025\/03\/DuraMAX-logo.svg","caption":"DuraMAX"},"image":{"@id":"https:\/\/duramax.com\/es\/#\/schema\/logo\/image\/"}}]}},"_links":{"self":[{"href":"https:\/\/duramax.com\/es\/wp-json\/wp\/v2\/product\/8729","targetHints":{"allow":["GET"]}}],"collection":[{"href":"https:\/\/duramax.com\/es\/wp-json\/wp\/v2\/product"}],"about":[{"href":"https:\/\/duramax.com\/es\/wp-json\/wp\/v2\/types\/product"}],"version-history":[{"count":5,"href":"https:\/\/duramax.com\/es\/wp-json\/wp\/v2\/product\/8729\/revisions"}],"predecessor-version":[{"id":10964,"href":"https:\/\/duramax.com\/es\/wp-json\/wp\/v2\/product\/8729\/revisions\/10964"}],"up":[{"embeddable":true,"href":"https:\/\/duramax.com\/es\/wp-json\/wp\/v2\/product\/8710"}],"wp:featuredmedia":[{"embeddable":true,"href":"https:\/\/duramax.com\/es\/wp-json\/wp\/v2\/media\/9223"}],"wp:attachment":[{"href":"https:\/\/duramax.com\/es\/wp-json\/wp\/v2\/media?parent=8729"}],"wp:term":[{"taxonomy":"category","embeddable":true,"href":"https:\/\/duramax.com\/es\/wp-json\/wp\/v2\/categories?post=8729"},{"taxonomy":"post_tag","embeddable":true,"href":"https:\/\/duramax.com\/es\/wp-json\/wp\/v2\/tags?post=8729"}],"curies":[{"name":"wp","href":"https:\/\/api.w.org\/{rel}","templated":true}]}}