{"id":8730,"date":"2025-03-24T14:38:37","date_gmt":"2025-03-24T19:38:37","guid":{"rendered":"https:\/\/duramax.com\/product\/clearvision\/"},"modified":"2025-07-02T09:59:51","modified_gmt":"2025-07-02T14:59:51","slug":"clearvision","status":"publish","type":"product","link":"https:\/\/duramax.com\/es\/product\/limpiaparabrisas\/clearvision\/","title":{"rendered":"Limpiaparabrisas ClearVISION"},"content":{"rendered":"\t\t<div data-elementor-type=\"wp-post\" data-elementor-id=\"8730\" class=\"elementor elementor-8730 elementor-8660\" data-elementor-post-type=\"product\">\n\t\t\t\t<div class=\"elementor-element elementor-element-5aa2f32c e-con-full e-flex e-con e-parent\" data-id=\"5aa2f32c\" data-element_type=\"container\" data-e-type=\"container\">\n\t\t\t\t<div class=\"elementor-element elementor-element-19366ea elementor-absolute elementor-hidden-desktop elementor-hidden-tablet_extra elementor-widget-divider--view-line elementor-widget elementor-widget-divider\" data-id=\"19366ea\" data-element_type=\"widget\" data-e-type=\"widget\" data-settings=\"{&quot;_position&quot;:&quot;absolute&quot;}\" data-widget_type=\"divider.default\">\n\t\t\t\t<div class=\"elementor-widget-container\">\n\t\t\t\t\t\t\t<div class=\"elementor-divider\">\n\t\t\t<span class=\"elementor-divider-separator\">\n\t\t\t\t\t\t<\/span>\n\t\t<\/div>\n\t\t\t\t\t\t<\/div>\n\t\t\t\t<\/div>\n\t\t\t\t<div class=\"elementor-element elementor-element-779cfa90 elementor-hidden-desktop elementor-hidden-tablet_extra elementor-widget elementor-widget-heading\" data-id=\"779cfa90\" data-element_type=\"widget\" data-e-type=\"widget\" data-widget_type=\"heading.default\">\n\t\t\t\t<div class=\"elementor-widget-container\">\n\t\t\t\t\t<h2 class=\"elementor-heading-title elementor-size-default\">Limpiaparabrisas ClearVISION<\/h2>\t\t\t\t<\/div>\n\t\t\t\t<\/div>\n\t\t<div class=\"elementor-element elementor-element-77f65c6c e-con-full e-flex e-con e-child\" data-id=\"77f65c6c\" data-element_type=\"container\" data-e-type=\"container\">\n\t\t\t\t<div class=\"elementor-element elementor-element-1bbbe1ca e-transform elementor-widget elementor-widget-image\" data-id=\"1bbbe1ca\" data-element_type=\"widget\" data-e-type=\"widget\" data-settings=\"{&quot;_transform_rotateZ_effect_mobile&quot;:{&quot;unit&quot;:&quot;deg&quot;,&quot;size&quot;:26,&quot;sizes&quot;:[]},&quot;_transform_rotateZ_effect&quot;:{&quot;unit&quot;:&quot;px&quot;,&quot;size&quot;:&quot;&quot;,&quot;sizes&quot;:[]},&quot;_transform_rotateZ_effect_tablet_extra&quot;:{&quot;unit&quot;:&quot;deg&quot;,&quot;size&quot;:&quot;&quot;,&quot;sizes&quot;:[]},&quot;_transform_rotateZ_effect_tablet&quot;:{&quot;unit&quot;:&quot;deg&quot;,&quot;size&quot;:&quot;&quot;,&quot;sizes&quot;:[]}}\" data-widget_type=\"image.default\">\n\t\t\t\t<div class=\"elementor-widget-container\">\n\t\t\t\t\t\t\t\t\t\t\t\t\t\t\t<img fetchpriority=\"high\" decoding=\"async\" width=\"371\" height=\"1024\" src=\"https:\/\/duramax.com\/wp-content\/uploads\/2025\/03\/DMX-ClearVISION-FLAT-CMYK-371x1024.png\" class=\"attachment-large size-large wp-image-10238\" alt=\"\" srcset=\"https:\/\/duramax.com\/wp-content\/uploads\/2025\/03\/DMX-ClearVISION-FLAT-CMYK-371x1024.png 371w, https:\/\/duramax.com\/wp-content\/uploads\/2025\/03\/DMX-ClearVISION-FLAT-CMYK-109x300.png 109w, https:\/\/duramax.com\/wp-content\/uploads\/2025\/03\/DMX-ClearVISION-FLAT-CMYK.png 435w\" sizes=\"100vw\" \/>\t\t\t\t\t\t\t\t\t\t\t\t\t\t\t<\/div>\n\t\t\t\t<\/div>\n\t\t\t\t<\/div>\n\t\t<div class=\"elementor-element elementor-element-543fa2e5 e-con-full e-flex e-con e-child\" data-id=\"543fa2e5\" data-element_type=\"container\" data-e-type=\"container\">\n\t\t<div class=\"elementor-element elementor-element-6aa1040a e-con-full e-flex e-con e-child\" data-id=\"6aa1040a\" data-element_type=\"container\" data-e-type=\"container\" data-settings=\"{&quot;background_background&quot;:&quot;gradient&quot;}\">\n\t\t\t\t<div class=\"elementor-element elementor-element-43838171 elementor-widget__width-initial elementor-absolute elementor-widget elementor-widget-image\" data-id=\"43838171\" data-element_type=\"widget\" data-e-type=\"widget\" data-settings=\"{&quot;_position&quot;:&quot;absolute&quot;}\" data-widget_type=\"image.default\">\n\t\t\t\t<div class=\"elementor-widget-container\">\n\t\t\t\t\t\t\t\t\t\t\t\t\t\t\t<img decoding=\"async\" width=\"275\" height=\"273\" src=\"https:\/\/duramax.com\/wp-content\/uploads\/2025\/03\/made-in-usa@3x-8.png\" class=\"attachment-medium size-medium wp-image-8782\" alt=\"\" srcset=\"https:\/\/duramax.com\/wp-content\/uploads\/2025\/03\/made-in-usa@3x-8.png 275w, https:\/\/duramax.com\/wp-content\/uploads\/2025\/03\/made-in-usa@3x-8-150x150.png 150w, https:\/\/duramax.com\/wp-content\/uploads\/2025\/03\/made-in-usa@3x-8-100x100.png 100w\" sizes=\"100vw\" \/>\t\t\t\t\t\t\t\t\t\t\t\t\t\t\t<\/div>\n\t\t\t\t<\/div>\n\t\t<div class=\"elementor-element elementor-element-fd652cc e-con-full e-flex e-con e-child\" data-id=\"fd652cc\" data-element_type=\"container\" data-e-type=\"container\">\n\t\t\t\t<div class=\"elementor-element elementor-element-29ab2496 elementor-hidden-tablet elementor-hidden-mobile elementor-widget elementor-widget-heading\" data-id=\"29ab2496\" data-element_type=\"widget\" data-e-type=\"widget\" data-widget_type=\"heading.default\">\n\t\t\t\t<div class=\"elementor-widget-container\">\n\t\t\t\t\t<h1 class=\"elementor-heading-title elementor-size-default\">Limpiaparabrisas ClearVISION<\/h1>\t\t\t\t<\/div>\n\t\t\t\t<\/div>\n\t\t\t\t<div class=\"elementor-element elementor-element-204050f elementor-widget elementor-widget-heading\" data-id=\"204050f\" data-element_type=\"widget\" data-e-type=\"widget\" data-widget_type=\"heading.default\">\n\t\t\t\t<div class=\"elementor-widget-container\">\n\t\t\t\t\t<h3 class=\"elementor-heading-title elementor-size-default\">Escobilla limpiaparabrisas OE Premium - Rendimiento asequible y fiable\n<\/h3>\t\t\t\t<\/div>\n\t\t\t\t<\/div>\n\t\t\t\t<div class=\"elementor-element elementor-element-76ff4df1 elementor-widget__width-initial elementor-widget elementor-widget-text-editor\" data-id=\"76ff4df1\" data-element_type=\"widget\" data-e-type=\"widget\" data-widget_type=\"text-editor.default\">\n\t\t\t\t<div class=\"elementor-widget-container\">\n\t\t\t\t\t\t\t\t\t<p>Las escobillas <b>DuraMAX ClearVISION<\/b> ofrecen una soluci\u00f3n econ\u00f3mica dise\u00f1ada espec\u00edficamente para veh\u00edculos equipados originalmente con escobillas convencionales. Perfectas para conductores que buscan una visibilidad clara y fiable sin tener que pagar un precio elevado. <\/p>\t\t\t\t\t\t\t\t<\/div>\n\t\t\t\t<\/div>\n\t\t\t\t<div class=\"elementor-element elementor-element-8a0330d elementor-widget__width-initial elementor-widget elementor-widget-text-editor\" data-id=\"8a0330d\" data-element_type=\"widget\" data-e-type=\"widget\" data-widget_type=\"text-editor.default\">\n\t\t\t\t<div class=\"elementor-widget-container\">\n\t\t\t\t\t\t\t\t\t<p><strong>Caracter\u00edsticas principales:<\/strong><\/p>\t\t\t\t\t\t\t\t<\/div>\n\t\t\t\t<\/div>\n\t\t\t\t<div class=\"elementor-element elementor-element-3796dd29 elementor-widget__width-initial elementor-widget elementor-widget-text-editor\" data-id=\"3796dd29\" data-element_type=\"widget\" data-e-type=\"widget\" data-widget_type=\"text-editor.default\">\n\t\t\t\t<div class=\"elementor-widget-container\">\n\t\t\t\t\t\t\t\t\t<ul><li>Toallita suave y limpia para una visibilidad \u00f3ptima<\/li><li>Funcionamiento silencioso con ruido reducido y sin vibraciones<\/li><li>Compatible con la mayor\u00eda de los veh\u00edculos<\/li><li>Adaptadores preinstalados para una instalaci\u00f3n r\u00e1pida y sin complicaciones<\/li><\/ul>\t\t\t\t\t\t\t\t<\/div>\n\t\t\t\t<\/div>\n\t\t\t\t<div class=\"elementor-element elementor-element-f2b6e12 elementor-widget__width-initial elementor-widget elementor-widget-text-editor\" data-id=\"f2b6e12\" data-element_type=\"widget\" data-e-type=\"widget\" data-widget_type=\"text-editor.default\">\n\t\t\t\t<div class=\"elementor-widget-container\">\n\t\t\t\t\t\t\t\t\t<p>Consigue un rendimiento y un valor fiables con DuraMAX ClearVISION: la elecci\u00f3n inteligente para la conducci\u00f3n diaria.<\/p>\t\t\t\t\t\t\t\t<\/div>\n\t\t\t\t<\/div>\n\t\t\t\t<\/div>\n\t\t\t\t<\/div>\n\t\t\t\t<\/div>\n\t\t\t\t<\/div>\n\t\t\t\t<\/div>\n\t\t","protected":false},"featured_media":10238,"parent":8734,"menu_order":0,"template":"","meta":{"_acf_changed":false,"footnotes":""},"categories":[],"tags":[43],"class_list":["post-8730","product","type-product","status-publish","has-post-thumbnail","hentry","tag-limpiaparabrisas"],"acf":[],"yoast_head":"<!-- This site is optimized with the Yoast SEO plugin v27.0 - https:\/\/yoast.com\/product\/yoast-seo-wordpress\/ -->\n<title>Limpiaparabrisas ClearVISION - DuraMAX<\/title>\n<meta name=\"robots\" content=\"index, follow, max-snippet:-1, max-image-preview:large, max-video-preview:-1\" \/>\n<link rel=\"canonical\" href=\"https:\/\/duramax.com\/es\/product\/limpiaparabrisas\/clearvision\/\" \/>\n<meta property=\"og:locale\" content=\"es_ES\" \/>\n<meta property=\"og:type\" content=\"article\" \/>\n<meta property=\"og:title\" content=\"Limpiaparabrisas ClearVISION - DuraMAX\" \/>\n<meta property=\"og:description\" content=\"Escobilla limpiaparabrisas OE Premium &#8211; Rendimiento asequible y fiable Las escobillas DuraMAX ClearVISION ofrecen una soluci\u00f3n econ\u00f3mica dise\u00f1ada espec\u00edficamente para veh\u00edculos equipados originalmente con escobillas convencionales. Perfectas para conductores que buscan una visibilidad clara y fiable sin tener que pagar un precio elevado. Caracter\u00edsticas principales: Toallita suave y limpia para una visibilidad \u00f3ptima Funcionamiento silencioso &hellip; Continue reading &quot;Limpiaparabrisas ClearVISION&quot;\" \/>\n<meta property=\"og:url\" content=\"https:\/\/duramax.com\/es\/product\/limpiaparabrisas\/clearvision\/\" \/>\n<meta property=\"og:site_name\" content=\"DuraMAX\" \/>\n<meta property=\"article:modified_time\" content=\"2025-07-02T14:59:51+00:00\" \/>\n<meta property=\"og:image\" content=\"https:\/\/duramax.com\/wp-content\/uploads\/2025\/03\/DMX-ClearVISION-FLAT-CMYK.png\" \/>\n\t<meta property=\"og:image:width\" content=\"435\" \/>\n\t<meta property=\"og:image:height\" content=\"1200\" \/>\n\t<meta property=\"og:image:type\" content=\"image\/png\" \/>\n<meta name=\"twitter:card\" content=\"summary_large_image\" \/>\n<meta name=\"twitter:label1\" content=\"Tiempo de lectura\" \/>\n\t<meta name=\"twitter:data1\" content=\"1 minuto\" \/>\n<script type=\"application\/ld+json\" class=\"yoast-schema-graph\">{\"@context\":\"https:\/\/schema.org\",\"@graph\":[{\"@type\":\"WebPage\",\"@id\":\"https:\/\/duramax.com\/es\/product\/limpiaparabrisas\/clearvision\/\",\"url\":\"https:\/\/duramax.com\/es\/product\/limpiaparabrisas\/clearvision\/\",\"name\":\"Limpiaparabrisas ClearVISION - DuraMAX\",\"isPartOf\":{\"@id\":\"https:\/\/duramax.com\/es\/#website\"},\"primaryImageOfPage\":{\"@id\":\"https:\/\/duramax.com\/es\/product\/limpiaparabrisas\/clearvision\/#primaryimage\"},\"image\":{\"@id\":\"https:\/\/duramax.com\/es\/product\/limpiaparabrisas\/clearvision\/#primaryimage\"},\"thumbnailUrl\":\"https:\/\/duramax.com\/wp-content\/uploads\/2025\/03\/DMX-ClearVISION-FLAT-CMYK.png\",\"datePublished\":\"2025-03-24T19:38:37+00:00\",\"dateModified\":\"2025-07-02T14:59:51+00:00\",\"breadcrumb\":{\"@id\":\"https:\/\/duramax.com\/es\/product\/limpiaparabrisas\/clearvision\/#breadcrumb\"},\"inLanguage\":\"es\",\"potentialAction\":[{\"@type\":\"ReadAction\",\"target\":[\"https:\/\/duramax.com\/es\/product\/limpiaparabrisas\/clearvision\/\"]}]},{\"@type\":\"ImageObject\",\"inLanguage\":\"es\",\"@id\":\"https:\/\/duramax.com\/es\/product\/limpiaparabrisas\/clearvision\/#primaryimage\",\"url\":\"https:\/\/duramax.com\/wp-content\/uploads\/2025\/03\/DMX-ClearVISION-FLAT-CMYK.png\",\"contentUrl\":\"https:\/\/duramax.com\/wp-content\/uploads\/2025\/03\/DMX-ClearVISION-FLAT-CMYK.png\",\"width\":435,\"height\":1200},{\"@type\":\"BreadcrumbList\",\"@id\":\"https:\/\/duramax.com\/es\/product\/limpiaparabrisas\/clearvision\/#breadcrumb\",\"itemListElement\":[{\"@type\":\"ListItem\",\"position\":1,\"name\":\"Home\",\"item\":\"https:\/\/duramax.com\/es\/duramax-hogar-v2\/\"},{\"@type\":\"ListItem\",\"position\":2,\"name\":\"Limpiaparabrisas\",\"item\":\"https:\/\/duramax.com\/es\/product\/limpiaparabrisas\/\"},{\"@type\":\"ListItem\",\"position\":3,\"name\":\"Limpiaparabrisas ClearVISION\"}]},{\"@type\":\"WebSite\",\"@id\":\"https:\/\/duramax.com\/es\/#website\",\"url\":\"https:\/\/duramax.com\/es\/\",\"name\":\"DuraMAX\",\"description\":\"DuraMAX Liquid Armor Engine Warranty\",\"publisher\":{\"@id\":\"https:\/\/duramax.com\/es\/#organization\"},\"potentialAction\":[{\"@type\":\"SearchAction\",\"target\":{\"@type\":\"EntryPoint\",\"urlTemplate\":\"https:\/\/duramax.com\/es\/?s={search_term_string}\"},\"query-input\":{\"@type\":\"PropertyValueSpecification\",\"valueRequired\":true,\"valueName\":\"search_term_string\"}}],\"inLanguage\":\"es\"},{\"@type\":\"Organization\",\"@id\":\"https:\/\/duramax.com\/es\/#organization\",\"name\":\"DuraMAX\",\"url\":\"https:\/\/duramax.com\/es\/\",\"logo\":{\"@type\":\"ImageObject\",\"inLanguage\":\"es\",\"@id\":\"https:\/\/duramax.com\/es\/#\/schema\/logo\/image\/\",\"url\":\"https:\/\/duramax.com\/wp-content\/uploads\/2025\/03\/DuraMAX-logo.svg\",\"contentUrl\":\"https:\/\/duramax.com\/wp-content\/uploads\/2025\/03\/DuraMAX-logo.svg\",\"caption\":\"DuraMAX\"},\"image\":{\"@id\":\"https:\/\/duramax.com\/es\/#\/schema\/logo\/image\/\"}}]}<\/script>\n<!-- \/ Yoast SEO plugin. -->","yoast_head_json":{"title":"Limpiaparabrisas ClearVISION - DuraMAX","robots":{"index":"index","follow":"follow","max-snippet":"max-snippet:-1","max-image-preview":"max-image-preview:large","max-video-preview":"max-video-preview:-1"},"canonical":"https:\/\/duramax.com\/es\/product\/limpiaparabrisas\/clearvision\/","og_locale":"es_ES","og_type":"article","og_title":"Limpiaparabrisas ClearVISION - DuraMAX","og_description":"Escobilla limpiaparabrisas OE Premium &#8211; Rendimiento asequible y fiable Las escobillas DuraMAX ClearVISION ofrecen una soluci\u00f3n econ\u00f3mica dise\u00f1ada espec\u00edficamente para veh\u00edculos equipados originalmente con escobillas convencionales. Perfectas para conductores que buscan una visibilidad clara y fiable sin tener que pagar un precio elevado. Caracter\u00edsticas principales: Toallita suave y limpia para una visibilidad \u00f3ptima Funcionamiento silencioso &hellip; Continue reading \"Limpiaparabrisas ClearVISION\"","og_url":"https:\/\/duramax.com\/es\/product\/limpiaparabrisas\/clearvision\/","og_site_name":"DuraMAX","article_modified_time":"2025-07-02T14:59:51+00:00","og_image":[{"width":435,"height":1200,"url":"https:\/\/duramax.com\/wp-content\/uploads\/2025\/03\/DMX-ClearVISION-FLAT-CMYK.png","type":"image\/png"}],"twitter_card":"summary_large_image","twitter_misc":{"Tiempo de lectura":"1 minuto"},"schema":{"@context":"https:\/\/schema.org","@graph":[{"@type":"WebPage","@id":"https:\/\/duramax.com\/es\/product\/limpiaparabrisas\/clearvision\/","url":"https:\/\/duramax.com\/es\/product\/limpiaparabrisas\/clearvision\/","name":"Limpiaparabrisas ClearVISION - DuraMAX","isPartOf":{"@id":"https:\/\/duramax.com\/es\/#website"},"primaryImageOfPage":{"@id":"https:\/\/duramax.com\/es\/product\/limpiaparabrisas\/clearvision\/#primaryimage"},"image":{"@id":"https:\/\/duramax.com\/es\/product\/limpiaparabrisas\/clearvision\/#primaryimage"},"thumbnailUrl":"https:\/\/duramax.com\/wp-content\/uploads\/2025\/03\/DMX-ClearVISION-FLAT-CMYK.png","datePublished":"2025-03-24T19:38:37+00:00","dateModified":"2025-07-02T14:59:51+00:00","breadcrumb":{"@id":"https:\/\/duramax.com\/es\/product\/limpiaparabrisas\/clearvision\/#breadcrumb"},"inLanguage":"es","potentialAction":[{"@type":"ReadAction","target":["https:\/\/duramax.com\/es\/product\/limpiaparabrisas\/clearvision\/"]}]},{"@type":"ImageObject","inLanguage":"es","@id":"https:\/\/duramax.com\/es\/product\/limpiaparabrisas\/clearvision\/#primaryimage","url":"https:\/\/duramax.com\/wp-content\/uploads\/2025\/03\/DMX-ClearVISION-FLAT-CMYK.png","contentUrl":"https:\/\/duramax.com\/wp-content\/uploads\/2025\/03\/DMX-ClearVISION-FLAT-CMYK.png","width":435,"height":1200},{"@type":"BreadcrumbList","@id":"https:\/\/duramax.com\/es\/product\/limpiaparabrisas\/clearvision\/#breadcrumb","itemListElement":[{"@type":"ListItem","position":1,"name":"Home","item":"https:\/\/duramax.com\/es\/duramax-hogar-v2\/"},{"@type":"ListItem","position":2,"name":"Limpiaparabrisas","item":"https:\/\/duramax.com\/es\/product\/limpiaparabrisas\/"},{"@type":"ListItem","position":3,"name":"Limpiaparabrisas ClearVISION"}]},{"@type":"WebSite","@id":"https:\/\/duramax.com\/es\/#website","url":"https:\/\/duramax.com\/es\/","name":"DuraMAX","description":"DuraMAX Liquid Armor Engine Warranty","publisher":{"@id":"https:\/\/duramax.com\/es\/#organization"},"potentialAction":[{"@type":"SearchAction","target":{"@type":"EntryPoint","urlTemplate":"https:\/\/duramax.com\/es\/?s={search_term_string}"},"query-input":{"@type":"PropertyValueSpecification","valueRequired":true,"valueName":"search_term_string"}}],"inLanguage":"es"},{"@type":"Organization","@id":"https:\/\/duramax.com\/es\/#organization","name":"DuraMAX","url":"https:\/\/duramax.com\/es\/","logo":{"@type":"ImageObject","inLanguage":"es","@id":"https:\/\/duramax.com\/es\/#\/schema\/logo\/image\/","url":"https:\/\/duramax.com\/wp-content\/uploads\/2025\/03\/DuraMAX-logo.svg","contentUrl":"https:\/\/duramax.com\/wp-content\/uploads\/2025\/03\/DuraMAX-logo.svg","caption":"DuraMAX"},"image":{"@id":"https:\/\/duramax.com\/es\/#\/schema\/logo\/image\/"}}]}},"_links":{"self":[{"href":"https:\/\/duramax.com\/es\/wp-json\/wp\/v2\/product\/8730","targetHints":{"allow":["GET"]}}],"collection":[{"href":"https:\/\/duramax.com\/es\/wp-json\/wp\/v2\/product"}],"about":[{"href":"https:\/\/duramax.com\/es\/wp-json\/wp\/v2\/types\/product"}],"version-history":[{"count":7,"href":"https:\/\/duramax.com\/es\/wp-json\/wp\/v2\/product\/8730\/revisions"}],"predecessor-version":[{"id":10997,"href":"https:\/\/duramax.com\/es\/wp-json\/wp\/v2\/product\/8730\/revisions\/10997"}],"up":[{"embeddable":true,"href":"https:\/\/duramax.com\/es\/wp-json\/wp\/v2\/product\/8734"}],"wp:featuredmedia":[{"embeddable":true,"href":"https:\/\/duramax.com\/es\/wp-json\/wp\/v2\/media\/10238"}],"wp:attachment":[{"href":"https:\/\/duramax.com\/es\/wp-json\/wp\/v2\/media?parent=8730"}],"wp:term":[{"taxonomy":"category","embeddable":true,"href":"https:\/\/duramax.com\/es\/wp-json\/wp\/v2\/categories?post=8730"},{"taxonomy":"post_tag","embeddable":true,"href":"https:\/\/duramax.com\/es\/wp-json\/wp\/v2\/tags?post=8730"}],"curies":[{"name":"wp","href":"https:\/\/api.w.org\/{rel}","templated":true}]}}