{"id":8731,"date":"2025-03-24T14:35:20","date_gmt":"2025-03-24T19:35:20","guid":{"rendered":"https:\/\/duramax.com\/product\/liquidos-de-transmision\/fluidos-cvt\/"},"modified":"2026-01-20T12:36:00","modified_gmt":"2026-01-20T18:36:00","slug":"fluidos-cvt","status":"publish","type":"product","link":"https:\/\/duramax.com\/es\/product\/liquidos-de-transmision\/fluidos-cvt\/","title":{"rendered":"Fluidos CVT"},"content":{"rendered":"\t\t<div data-elementor-type=\"wp-post\" data-elementor-id=\"8731\" class=\"elementor elementor-8731 elementor-8648\" data-elementor-post-type=\"product\">\n\t\t\t\t<div class=\"elementor-element elementor-element-7e98c70f e-con-full e-flex e-con e-parent\" data-id=\"7e98c70f\" data-element_type=\"container\" data-e-type=\"container\">\n\t\t\t\t<div class=\"elementor-element elementor-element-4b1187dc elementor-absolute elementor-hidden-desktop elementor-hidden-tablet_extra elementor-widget-divider--view-line elementor-widget elementor-widget-divider\" data-id=\"4b1187dc\" data-element_type=\"widget\" data-e-type=\"widget\" data-settings=\"{&quot;_position&quot;:&quot;absolute&quot;}\" data-widget_type=\"divider.default\">\n\t\t\t\t<div class=\"elementor-widget-container\">\n\t\t\t\t\t\t\t<div class=\"elementor-divider\">\n\t\t\t<span class=\"elementor-divider-separator\">\n\t\t\t\t\t\t<\/span>\n\t\t<\/div>\n\t\t\t\t\t\t<\/div>\n\t\t\t\t<\/div>\n\t\t\t\t<div class=\"elementor-element elementor-element-72bb3809 elementor-hidden-desktop elementor-hidden-tablet_extra elementor-widget elementor-widget-heading\" data-id=\"72bb3809\" data-element_type=\"widget\" data-e-type=\"widget\" data-widget_type=\"heading.default\">\n\t\t\t\t<div class=\"elementor-widget-container\">\n\t\t\t\t\t<h2 class=\"elementor-heading-title elementor-size-default\">Fluidos CVT<\/h2>\t\t\t\t<\/div>\n\t\t\t\t<\/div>\n\t\t<div class=\"elementor-element elementor-element-576430e4 e-con-full e-flex e-con e-child\" data-id=\"576430e4\" data-element_type=\"container\" data-e-type=\"container\">\n\t\t\t\t<div class=\"elementor-element elementor-element-25197fbe elementor-widget elementor-widget-image\" data-id=\"25197fbe\" data-element_type=\"widget\" data-e-type=\"widget\" data-widget_type=\"image.default\">\n\t\t\t\t<div class=\"elementor-widget-container\">\n\t\t\t\t\t\t\t\t\t\t\t\t\t\t\t<img fetchpriority=\"high\" decoding=\"async\" width=\"593\" height=\"630\" src=\"https:\/\/duramax.com\/wp-content\/uploads\/2025\/03\/image.png\" class=\"attachment-large size-large wp-image-9231\" alt=\"\" srcset=\"https:\/\/duramax.com\/wp-content\/uploads\/2025\/03\/image.png 593w, https:\/\/duramax.com\/wp-content\/uploads\/2025\/03\/image-282x300.png 282w\" sizes=\"100vw\" \/>\t\t\t\t\t\t\t\t\t\t\t\t\t\t\t<\/div>\n\t\t\t\t<\/div>\n\t\t\t\t<\/div>\n\t\t<div class=\"elementor-element elementor-element-60bbdf75 e-con-full e-flex e-con e-child\" data-id=\"60bbdf75\" data-element_type=\"container\" data-e-type=\"container\">\n\t\t<div class=\"elementor-element elementor-element-42fb8a81 e-con-full e-flex e-con e-child\" data-id=\"42fb8a81\" data-element_type=\"container\" data-e-type=\"container\" data-settings=\"{&quot;background_background&quot;:&quot;gradient&quot;}\">\n\t\t\t\t<div class=\"elementor-element elementor-element-7ccb4f9 elementor-widget__width-initial elementor-absolute elementor-widget elementor-widget-image\" data-id=\"7ccb4f9\" data-element_type=\"widget\" data-e-type=\"widget\" data-settings=\"{&quot;_position&quot;:&quot;absolute&quot;}\" data-widget_type=\"image.default\">\n\t\t\t\t<div class=\"elementor-widget-container\">\n\t\t\t\t\t\t\t\t\t\t\t\t\t\t\t<img decoding=\"async\" width=\"275\" height=\"273\" src=\"https:\/\/duramax.com\/wp-content\/uploads\/2025\/03\/made-in-usa@3x-8.png\" class=\"attachment-medium size-medium wp-image-8782\" alt=\"\" srcset=\"https:\/\/duramax.com\/wp-content\/uploads\/2025\/03\/made-in-usa@3x-8.png 275w, https:\/\/duramax.com\/wp-content\/uploads\/2025\/03\/made-in-usa@3x-8-150x150.png 150w, https:\/\/duramax.com\/wp-content\/uploads\/2025\/03\/made-in-usa@3x-8-100x100.png 100w\" sizes=\"100vw\" \/>\t\t\t\t\t\t\t\t\t\t\t\t\t\t\t<\/div>\n\t\t\t\t<\/div>\n\t\t<div class=\"elementor-element elementor-element-71d60d96 e-con-full e-flex e-con e-child\" data-id=\"71d60d96\" data-element_type=\"container\" data-e-type=\"container\">\n\t\t\t\t<div class=\"elementor-element elementor-element-617cab3a elementor-hidden-tablet elementor-hidden-mobile elementor-widget elementor-widget-heading\" data-id=\"617cab3a\" data-element_type=\"widget\" data-e-type=\"widget\" data-widget_type=\"heading.default\">\n\t\t\t\t<div class=\"elementor-widget-container\">\n\t\t\t\t\t<h1 class=\"elementor-heading-title elementor-size-default\">Fluidos CVT<\/h1>\t\t\t\t<\/div>\n\t\t\t\t<\/div>\n\t\t\t\t<div class=\"elementor-element elementor-element-05bc800 elementor-widget elementor-widget-heading\" data-id=\"05bc800\" data-element_type=\"widget\" data-e-type=\"widget\" data-widget_type=\"heading.default\">\n\t\t\t\t<div class=\"elementor-widget-container\">\n\t\t\t\t\t<h2 class=\"elementor-heading-title elementor-size-default\">Dise\u00f1ado para un rendimiento CVT moderno<\/h2>\t\t\t\t<\/div>\n\t\t\t\t<\/div>\n\t\t\t\t<div class=\"elementor-element elementor-element-47ae580c elementor-widget__width-initial elementor-widget elementor-widget-text-editor\" data-id=\"47ae580c\" data-element_type=\"widget\" data-e-type=\"widget\" data-widget_type=\"text-editor.default\">\n\t\t\t\t<div class=\"elementor-widget-container\">\n\t\t\t\t\t\t\t\t\t<p>Los l\u00edquidos DuraMAX\u00ae CVT est\u00e1n espec\u00edficamente formulados para satisfacer las demandas de las transmisiones variables continuas tecnol\u00f3gicamente avanzadas de hoy en d\u00eda, ofreciendo un rendimiento fiable y una protecci\u00f3n duradera.<\/p>\t\t\t\t\t\t\t\t<\/div>\n\t\t\t\t<\/div>\n\t\t\t\t<div class=\"elementor-element elementor-element-ffb32b3 elementor-widget elementor-widget-heading\" data-id=\"ffb32b3\" data-element_type=\"widget\" data-e-type=\"widget\" data-widget_type=\"heading.default\">\n\t\t\t\t<div class=\"elementor-widget-container\">\n\t\t\t\t\t<h2 class=\"elementor-heading-title elementor-size-default\">Beneficios clave:<\/h2>\t\t\t\t<\/div>\n\t\t\t\t<\/div>\n\t\t\t\t<div class=\"elementor-element elementor-element-75d83feb elementor-widget elementor-widget-text-editor\" data-id=\"75d83feb\" data-element_type=\"widget\" data-e-type=\"widget\" data-widget_type=\"text-editor.default\">\n\t\t\t\t<div class=\"elementor-widget-container\">\n\t\t\t\t\t\t\t\t\t<ul><li data-start=\"510\" data-end=\"600\"><p data-start=\"512\" data-end=\"600\"><strong data-start=\"512\" data-end=\"539\">M\u00e1xima protecci\u00f3n contra el desgaste<\/strong> para evitar el deslizamiento de la correa, la cadena y el convertidor de par<\/p><\/li><li data-start=\"601\" data-end=\"697\"><p data-start=\"603\" data-end=\"697\"><strong data-start=\"603\" data-end=\"635\">Funcionamiento suave y uniforme<\/strong> que reduce las sacudidas y garantiza una transferencia de potencia sin fisuras<\/p><\/li><li data-start=\"698\" data-end=\"788\"><p data-start=\"700\" data-end=\"788\"><strong data-start=\"700\" data-end=\"730\">Formulaci\u00f3n totalmente sint\u00e9tica<\/strong> con aceites base de primera calidad y tecnolog\u00eda avanzada de aditivos<\/p><\/li><li data-start=\"789\" data-end=\"892\"><p data-start=\"791\" data-end=\"892\"><strong data-start=\"791\" data-end=\"820\">Excelente estabilidad al cizallamiento<\/strong> para mantener la viscosidad y el rendimiento durante intervalos de servicio prolongados<\/p><\/li><li data-start=\"893\" data-end=\"1000\"><p data-start=\"895\" data-end=\"1000\"><strong data-start=\"895\" data-end=\"949\">Protecci\u00f3n contra la oxidaci\u00f3n, los lodos y los dep\u00f3sitos<\/strong> que pueden da\u00f1ar los componentes cr\u00edticos de la transmisi\u00f3n<\/p><\/li><li data-start=\"1001\" data-end=\"1107\"><p data-start=\"1003\" data-end=\"1107\"><strong data-start=\"1003\" data-end=\"1043\">Excelente rendimiento en fr\u00edo<\/strong> para un flujo r\u00e1pido del fluido y un funcionamiento suave a bajas temperaturas<\/p><\/li><li data-start=\"1108\" data-end=\"1241\"><p data-start=\"1110\" data-end=\"1241\"><strong data-start=\"1110\" data-end=\"1141\">Amplia compatibilidad con<\/strong> veh\u00edculos, recomendada para la mayor\u00eda de CVT accionadas por correa y cadena de veh\u00edculos norteamericanos, asi\u00e1ticos y europeos<\/p><\/li><\/ul>\t\t\t\t\t\t\t\t<\/div>\n\t\t\t\t<\/div>\n\t\t\t\t<div class=\"elementor-element elementor-element-d93ed07 elementor-widget__width-initial elementor-widget elementor-widget-text-editor\" data-id=\"d93ed07\" data-element_type=\"widget\" data-e-type=\"widget\" data-widget_type=\"text-editor.default\">\n\t\t\t\t<div class=\"elementor-widget-container\">\n\t\t\t\t\t\t\t\t\t<p>Los l\u00edquidos DuraMAX CVT cumplen los requisitos de rendimiento de la mayor\u00eda de los veh\u00edculos equipados con transmisiones variables continuas, incluso en condiciones de funcionamiento severas, ayudando a prolongar la vida \u00fatil de la transmisi\u00f3n y a mantener el m\u00e1ximo rendimiento.<\/p>\t\t\t\t\t\t\t\t<\/div>\n\t\t\t\t<\/div>\n\t\t\t\t<div class=\"elementor-element elementor-element-7f9a07d elementor-icon-list--layout-traditional elementor-list-item-link-full_width elementor-widget elementor-widget-icon-list\" data-id=\"7f9a07d\" data-element_type=\"widget\" data-e-type=\"widget\" data-widget_type=\"icon-list.default\">\n\t\t\t\t<div class=\"elementor-widget-container\">\n\t\t\t\t\t\t\t<ul class=\"elementor-icon-list-items\">\n\t\t\t\t\t\t\t<li class=\"elementor-icon-list-item\">\n\t\t\t\t\t\t\t\t\t\t\t<a href=\"https:\/\/duramax.com\/pds_duramax_cvt_0126-01\/\" target=\"_blank\">\n\n\t\t\t\t\t\t\t\t\t\t\t\t<span class=\"elementor-icon-list-icon\">\n\t\t\t\t\t\t\t<svg xmlns=\"http:\/\/www.w3.org\/2000\/svg\" id=\"Layer_2\" viewBox=\"0 0 13.88 18.36\"><defs><style>.cls-1{fill:#fff;}.cls-2{fill:#a2a4a7;}<\/style><\/defs><g id=\"Layer_1-2\"><path class=\"cls-1\" d=\"M13.38,17.86H.5V.5h9.32l3.56,3.56v13.8Z\"><\/path><path class=\"cls-2\" d=\"M10.02,0H0v18.36h13.88V3.85l-3.85-3.85ZM1,17.36V1h8.36v3.39h3.51v12.97H1Z\"><\/path><polygon class=\"cls-2\" points=\"9.74 11.67 7.62 13.95 7.62 6.53 6.62 6.53 6.62 13.95 4.5 11.67 3.93 12.2 7.12 15.63 10.31 12.2 9.74 11.67\"><\/polygon><\/g><\/svg>\t\t\t\t\t\t<\/span>\n\t\t\t\t\t\t\t\t\t\t<span class=\"elementor-icon-list-text\">CVT-A\/G Hoja de datos del producto<\/span>\n\t\t\t\t\t\t\t\t\t\t\t<\/a>\n\t\t\t\t\t\t\t\t\t<\/li>\n\t\t\t\t\t\t\t\t<li class=\"elementor-icon-list-item\">\n\t\t\t\t\t\t\t\t\t\t\t<a href=\"https:\/\/reladyne.com\/sds_duramax-synthetic-cvt-fluid-a-sds\/\" target=\"_blank\">\n\n\t\t\t\t\t\t\t\t\t\t\t\t<span class=\"elementor-icon-list-icon\">\n\t\t\t\t\t\t\t<svg xmlns=\"http:\/\/www.w3.org\/2000\/svg\" id=\"Layer_2\" viewBox=\"0 0 13.88 18.36\"><defs><style>.cls-1{fill:#fff;}.cls-2{fill:#a2a4a7;}<\/style><\/defs><g id=\"Layer_1-2\"><path class=\"cls-1\" d=\"M13.38,17.86H.5V.5h9.32l3.56,3.56v13.8Z\"><\/path><path class=\"cls-2\" d=\"M10.02,0H0v18.36h13.88V3.85l-3.85-3.85ZM1,17.36V1h8.36v3.39h3.51v12.97H1Z\"><\/path><polygon class=\"cls-2\" points=\"9.74 11.67 7.62 13.95 7.62 6.53 6.62 6.53 6.62 13.95 4.5 11.67 3.93 12.2 7.12 15.63 10.31 12.2 9.74 11.67\"><\/polygon><\/g><\/svg>\t\t\t\t\t\t<\/span>\n\t\t\t\t\t\t\t\t\t\t<span class=\"elementor-icon-list-text\">CVT-A Ficha de datos de seguridad<\/span>\n\t\t\t\t\t\t\t\t\t\t\t<\/a>\n\t\t\t\t\t\t\t\t\t<\/li>\n\t\t\t\t\t\t\t\t<li class=\"elementor-icon-list-item\">\n\t\t\t\t\t\t\t\t\t\t\t<a href=\"https:\/\/reladyne.com\/sds_duramax-synthetic-cvt-fluid-g-sds\/\" target=\"_blank\">\n\n\t\t\t\t\t\t\t\t\t\t\t\t<span class=\"elementor-icon-list-icon\">\n\t\t\t\t\t\t\t<svg xmlns=\"http:\/\/www.w3.org\/2000\/svg\" id=\"Layer_2\" viewBox=\"0 0 13.88 18.36\"><defs><style>.cls-1{fill:#fff;}.cls-2{fill:#a2a4a7;}<\/style><\/defs><g id=\"Layer_1-2\"><path class=\"cls-1\" d=\"M13.38,17.86H.5V.5h9.32l3.56,3.56v13.8Z\"><\/path><path class=\"cls-2\" d=\"M10.02,0H0v18.36h13.88V3.85l-3.85-3.85ZM1,17.36V1h8.36v3.39h3.51v12.97H1Z\"><\/path><polygon class=\"cls-2\" points=\"9.74 11.67 7.62 13.95 7.62 6.53 6.62 6.53 6.62 13.95 4.5 11.67 3.93 12.2 7.12 15.63 10.31 12.2 9.74 11.67\"><\/polygon><\/g><\/svg>\t\t\t\t\t\t<\/span>\n\t\t\t\t\t\t\t\t\t\t<span class=\"elementor-icon-list-text\">CVT-G Ficha de datos de seguridad<\/span>\n\t\t\t\t\t\t\t\t\t\t\t<\/a>\n\t\t\t\t\t\t\t\t\t<\/li>\n\t\t\t\t\t\t<\/ul>\n\t\t\t\t\t\t<\/div>\n\t\t\t\t<\/div>\n\t\t\t\t<\/div>\n\t\t\t\t<\/div>\n\t\t\t\t<\/div>\n\t\t\t\t<\/div>\n\t\t\t\t<\/div>\n\t\t","protected":false},"featured_media":9231,"parent":8715,"menu_order":99,"template":"","meta":{"_acf_changed":false,"footnotes":""},"categories":[],"tags":[42],"class_list":["post-8731","product","type-product","status-publish","has-post-thumbnail","hentry","tag-liquidos-de-transmision"],"acf":[],"yoast_head":"<!-- This site is optimized with the Yoast SEO plugin v27.0 - https:\/\/yoast.com\/product\/yoast-seo-wordpress\/ -->\n<title>Fluidos CVT - DuraMAX<\/title>\n<meta name=\"robots\" content=\"index, follow, max-snippet:-1, max-image-preview:large, max-video-preview:-1\" \/>\n<link rel=\"canonical\" href=\"https:\/\/duramax.com\/es\/product\/liquidos-de-transmision\/fluidos-cvt\/\" \/>\n<meta property=\"og:locale\" content=\"es_ES\" \/>\n<meta property=\"og:type\" content=\"article\" \/>\n<meta property=\"og:title\" content=\"Fluidos CVT - DuraMAX\" \/>\n<meta property=\"og:description\" content=\"Dise\u00f1ado para un rendimiento CVT moderno Los l\u00edquidos DuraMAX\u00ae CVT est\u00e1n espec\u00edficamente formulados para satisfacer las demandas de las transmisiones variables continuas tecnol\u00f3gicamente avanzadas de hoy en d\u00eda, ofreciendo un rendimiento fiable y una protecci\u00f3n duradera. Beneficios clave: M\u00e1xima protecci\u00f3n contra el desgaste para evitar el deslizamiento de la correa, la cadena y el convertidor &hellip; Continue reading &quot;Fluidos CVT&quot;\" \/>\n<meta property=\"og:url\" content=\"https:\/\/duramax.com\/es\/product\/liquidos-de-transmision\/fluidos-cvt\/\" \/>\n<meta property=\"og:site_name\" content=\"DuraMAX\" \/>\n<meta property=\"article:modified_time\" content=\"2026-01-20T18:36:00+00:00\" \/>\n<meta property=\"og:image\" content=\"https:\/\/duramax.com\/wp-content\/uploads\/2025\/03\/image.png\" \/>\n\t<meta property=\"og:image:width\" content=\"593\" \/>\n\t<meta property=\"og:image:height\" content=\"630\" \/>\n\t<meta property=\"og:image:type\" content=\"image\/png\" \/>\n<meta name=\"twitter:card\" content=\"summary_large_image\" \/>\n<meta name=\"twitter:label1\" content=\"Tiempo de lectura\" \/>\n\t<meta name=\"twitter:data1\" content=\"1 minuto\" \/>\n<script type=\"application\/ld+json\" class=\"yoast-schema-graph\">{\"@context\":\"https:\/\/schema.org\",\"@graph\":[{\"@type\":\"WebPage\",\"@id\":\"https:\/\/duramax.com\/es\/product\/liquidos-de-transmision\/fluidos-cvt\/\",\"url\":\"https:\/\/duramax.com\/es\/product\/liquidos-de-transmision\/fluidos-cvt\/\",\"name\":\"Fluidos CVT - DuraMAX\",\"isPartOf\":{\"@id\":\"https:\/\/duramax.com\/es\/#website\"},\"primaryImageOfPage\":{\"@id\":\"https:\/\/duramax.com\/es\/product\/liquidos-de-transmision\/fluidos-cvt\/#primaryimage\"},\"image\":{\"@id\":\"https:\/\/duramax.com\/es\/product\/liquidos-de-transmision\/fluidos-cvt\/#primaryimage\"},\"thumbnailUrl\":\"https:\/\/duramax.com\/wp-content\/uploads\/2025\/03\/image.png\",\"datePublished\":\"2025-03-24T19:35:20+00:00\",\"dateModified\":\"2026-01-20T18:36:00+00:00\",\"breadcrumb\":{\"@id\":\"https:\/\/duramax.com\/es\/product\/liquidos-de-transmision\/fluidos-cvt\/#breadcrumb\"},\"inLanguage\":\"es\",\"potentialAction\":[{\"@type\":\"ReadAction\",\"target\":[\"https:\/\/duramax.com\/es\/product\/liquidos-de-transmision\/fluidos-cvt\/\"]}]},{\"@type\":\"ImageObject\",\"inLanguage\":\"es\",\"@id\":\"https:\/\/duramax.com\/es\/product\/liquidos-de-transmision\/fluidos-cvt\/#primaryimage\",\"url\":\"https:\/\/duramax.com\/wp-content\/uploads\/2025\/03\/image.png\",\"contentUrl\":\"https:\/\/duramax.com\/wp-content\/uploads\/2025\/03\/image.png\",\"width\":593,\"height\":630},{\"@type\":\"BreadcrumbList\",\"@id\":\"https:\/\/duramax.com\/es\/product\/liquidos-de-transmision\/fluidos-cvt\/#breadcrumb\",\"itemListElement\":[{\"@type\":\"ListItem\",\"position\":1,\"name\":\"Home\",\"item\":\"https:\/\/duramax.com\/es\/duramax-hogar-v2\/\"},{\"@type\":\"ListItem\",\"position\":2,\"name\":\"L\u00edquidos de transmisi\u00f3n\",\"item\":\"https:\/\/duramax.com\/es\/product\/liquidos-de-transmision\/\"},{\"@type\":\"ListItem\",\"position\":3,\"name\":\"Fluidos CVT\"}]},{\"@type\":\"WebSite\",\"@id\":\"https:\/\/duramax.com\/es\/#website\",\"url\":\"https:\/\/duramax.com\/es\/\",\"name\":\"DuraMAX\",\"description\":\"DuraMAX Liquid Armor Engine Warranty\",\"publisher\":{\"@id\":\"https:\/\/duramax.com\/es\/#organization\"},\"potentialAction\":[{\"@type\":\"SearchAction\",\"target\":{\"@type\":\"EntryPoint\",\"urlTemplate\":\"https:\/\/duramax.com\/es\/?s={search_term_string}\"},\"query-input\":{\"@type\":\"PropertyValueSpecification\",\"valueRequired\":true,\"valueName\":\"search_term_string\"}}],\"inLanguage\":\"es\"},{\"@type\":\"Organization\",\"@id\":\"https:\/\/duramax.com\/es\/#organization\",\"name\":\"DuraMAX\",\"url\":\"https:\/\/duramax.com\/es\/\",\"logo\":{\"@type\":\"ImageObject\",\"inLanguage\":\"es\",\"@id\":\"https:\/\/duramax.com\/es\/#\/schema\/logo\/image\/\",\"url\":\"https:\/\/duramax.com\/wp-content\/uploads\/2025\/03\/DuraMAX-logo.svg\",\"contentUrl\":\"https:\/\/duramax.com\/wp-content\/uploads\/2025\/03\/DuraMAX-logo.svg\",\"caption\":\"DuraMAX\"},\"image\":{\"@id\":\"https:\/\/duramax.com\/es\/#\/schema\/logo\/image\/\"}}]}<\/script>\n<!-- \/ Yoast SEO plugin. -->","yoast_head_json":{"title":"Fluidos CVT - DuraMAX","robots":{"index":"index","follow":"follow","max-snippet":"max-snippet:-1","max-image-preview":"max-image-preview:large","max-video-preview":"max-video-preview:-1"},"canonical":"https:\/\/duramax.com\/es\/product\/liquidos-de-transmision\/fluidos-cvt\/","og_locale":"es_ES","og_type":"article","og_title":"Fluidos CVT - DuraMAX","og_description":"Dise\u00f1ado para un rendimiento CVT moderno Los l\u00edquidos DuraMAX\u00ae CVT est\u00e1n espec\u00edficamente formulados para satisfacer las demandas de las transmisiones variables continuas tecnol\u00f3gicamente avanzadas de hoy en d\u00eda, ofreciendo un rendimiento fiable y una protecci\u00f3n duradera. Beneficios clave: M\u00e1xima protecci\u00f3n contra el desgaste para evitar el deslizamiento de la correa, la cadena y el convertidor &hellip; Continue reading \"Fluidos CVT\"","og_url":"https:\/\/duramax.com\/es\/product\/liquidos-de-transmision\/fluidos-cvt\/","og_site_name":"DuraMAX","article_modified_time":"2026-01-20T18:36:00+00:00","og_image":[{"width":593,"height":630,"url":"https:\/\/duramax.com\/wp-content\/uploads\/2025\/03\/image.png","type":"image\/png"}],"twitter_card":"summary_large_image","twitter_misc":{"Tiempo de lectura":"1 minuto"},"schema":{"@context":"https:\/\/schema.org","@graph":[{"@type":"WebPage","@id":"https:\/\/duramax.com\/es\/product\/liquidos-de-transmision\/fluidos-cvt\/","url":"https:\/\/duramax.com\/es\/product\/liquidos-de-transmision\/fluidos-cvt\/","name":"Fluidos CVT - DuraMAX","isPartOf":{"@id":"https:\/\/duramax.com\/es\/#website"},"primaryImageOfPage":{"@id":"https:\/\/duramax.com\/es\/product\/liquidos-de-transmision\/fluidos-cvt\/#primaryimage"},"image":{"@id":"https:\/\/duramax.com\/es\/product\/liquidos-de-transmision\/fluidos-cvt\/#primaryimage"},"thumbnailUrl":"https:\/\/duramax.com\/wp-content\/uploads\/2025\/03\/image.png","datePublished":"2025-03-24T19:35:20+00:00","dateModified":"2026-01-20T18:36:00+00:00","breadcrumb":{"@id":"https:\/\/duramax.com\/es\/product\/liquidos-de-transmision\/fluidos-cvt\/#breadcrumb"},"inLanguage":"es","potentialAction":[{"@type":"ReadAction","target":["https:\/\/duramax.com\/es\/product\/liquidos-de-transmision\/fluidos-cvt\/"]}]},{"@type":"ImageObject","inLanguage":"es","@id":"https:\/\/duramax.com\/es\/product\/liquidos-de-transmision\/fluidos-cvt\/#primaryimage","url":"https:\/\/duramax.com\/wp-content\/uploads\/2025\/03\/image.png","contentUrl":"https:\/\/duramax.com\/wp-content\/uploads\/2025\/03\/image.png","width":593,"height":630},{"@type":"BreadcrumbList","@id":"https:\/\/duramax.com\/es\/product\/liquidos-de-transmision\/fluidos-cvt\/#breadcrumb","itemListElement":[{"@type":"ListItem","position":1,"name":"Home","item":"https:\/\/duramax.com\/es\/duramax-hogar-v2\/"},{"@type":"ListItem","position":2,"name":"L\u00edquidos de transmisi\u00f3n","item":"https:\/\/duramax.com\/es\/product\/liquidos-de-transmision\/"},{"@type":"ListItem","position":3,"name":"Fluidos CVT"}]},{"@type":"WebSite","@id":"https:\/\/duramax.com\/es\/#website","url":"https:\/\/duramax.com\/es\/","name":"DuraMAX","description":"DuraMAX Liquid Armor Engine Warranty","publisher":{"@id":"https:\/\/duramax.com\/es\/#organization"},"potentialAction":[{"@type":"SearchAction","target":{"@type":"EntryPoint","urlTemplate":"https:\/\/duramax.com\/es\/?s={search_term_string}"},"query-input":{"@type":"PropertyValueSpecification","valueRequired":true,"valueName":"search_term_string"}}],"inLanguage":"es"},{"@type":"Organization","@id":"https:\/\/duramax.com\/es\/#organization","name":"DuraMAX","url":"https:\/\/duramax.com\/es\/","logo":{"@type":"ImageObject","inLanguage":"es","@id":"https:\/\/duramax.com\/es\/#\/schema\/logo\/image\/","url":"https:\/\/duramax.com\/wp-content\/uploads\/2025\/03\/DuraMAX-logo.svg","contentUrl":"https:\/\/duramax.com\/wp-content\/uploads\/2025\/03\/DuraMAX-logo.svg","caption":"DuraMAX"},"image":{"@id":"https:\/\/duramax.com\/es\/#\/schema\/logo\/image\/"}}]}},"_links":{"self":[{"href":"https:\/\/duramax.com\/es\/wp-json\/wp\/v2\/product\/8731","targetHints":{"allow":["GET"]}}],"collection":[{"href":"https:\/\/duramax.com\/es\/wp-json\/wp\/v2\/product"}],"about":[{"href":"https:\/\/duramax.com\/es\/wp-json\/wp\/v2\/types\/product"}],"version-history":[{"count":8,"href":"https:\/\/duramax.com\/es\/wp-json\/wp\/v2\/product\/8731\/revisions"}],"predecessor-version":[{"id":12449,"href":"https:\/\/duramax.com\/es\/wp-json\/wp\/v2\/product\/8731\/revisions\/12449"}],"up":[{"embeddable":true,"href":"https:\/\/duramax.com\/es\/wp-json\/wp\/v2\/product\/8715"}],"wp:featuredmedia":[{"embeddable":true,"href":"https:\/\/duramax.com\/es\/wp-json\/wp\/v2\/media\/9231"}],"wp:attachment":[{"href":"https:\/\/duramax.com\/es\/wp-json\/wp\/v2\/media?parent=8731"}],"wp:term":[{"taxonomy":"category","embeddable":true,"href":"https:\/\/duramax.com\/es\/wp-json\/wp\/v2\/categories?post=8731"},{"taxonomy":"post_tag","embeddable":true,"href":"https:\/\/duramax.com\/es\/wp-json\/wp\/v2\/tags?post=8731"}],"curies":[{"name":"wp","href":"https:\/\/api.w.org\/{rel}","templated":true}]}}