{"id":8732,"date":"2025-03-24T14:38:03","date_gmt":"2025-03-24T19:38:03","guid":{"rendered":"https:\/\/duramax.com\/product\/ultravision-plus\/"},"modified":"2025-07-02T09:59:50","modified_gmt":"2025-07-02T14:59:50","slug":"ultravision-plus","status":"publish","type":"product","link":"https:\/\/duramax.com\/es\/product\/limpiaparabrisas\/ultravision-plus\/","title":{"rendered":"Escobillas UltraVISION"},"content":{"rendered":"\t\t<div data-elementor-type=\"wp-post\" data-elementor-id=\"8732\" class=\"elementor elementor-8732 elementor-8658\" data-elementor-post-type=\"product\">\n\t\t\t\t<div class=\"elementor-element elementor-element-59eb6169 e-con-full e-flex e-con e-parent\" data-id=\"59eb6169\" data-element_type=\"container\" data-e-type=\"container\">\n\t\t\t\t<div class=\"elementor-element elementor-element-2930f26c elementor-absolute elementor-hidden-desktop elementor-hidden-tablet_extra elementor-widget-divider--view-line elementor-widget elementor-widget-divider\" data-id=\"2930f26c\" data-element_type=\"widget\" data-e-type=\"widget\" data-settings=\"{&quot;_position&quot;:&quot;absolute&quot;}\" data-widget_type=\"divider.default\">\n\t\t\t\t<div class=\"elementor-widget-container\">\n\t\t\t\t\t\t\t<div class=\"elementor-divider\">\n\t\t\t<span class=\"elementor-divider-separator\">\n\t\t\t\t\t\t<\/span>\n\t\t<\/div>\n\t\t\t\t\t\t<\/div>\n\t\t\t\t<\/div>\n\t\t\t\t<div class=\"elementor-element elementor-element-50d87a61 elementor-hidden-desktop elementor-hidden-tablet_extra elementor-widget elementor-widget-heading\" data-id=\"50d87a61\" data-element_type=\"widget\" data-e-type=\"widget\" data-widget_type=\"heading.default\">\n\t\t\t\t<div class=\"elementor-widget-container\">\n\t\t\t\t\t<h2 class=\"elementor-heading-title elementor-size-default\">Escobillas UltraVISION<\/h2>\t\t\t\t<\/div>\n\t\t\t\t<\/div>\n\t\t<div class=\"elementor-element elementor-element-4a1fbf8e e-con-full e-flex e-con e-child\" data-id=\"4a1fbf8e\" data-element_type=\"container\" data-e-type=\"container\">\n\t\t\t\t<div class=\"elementor-element elementor-element-4585c3bd e-transform elementor-widget elementor-widget-image\" data-id=\"4585c3bd\" data-element_type=\"widget\" data-e-type=\"widget\" data-settings=\"{&quot;_transform_rotateZ_effect_mobile&quot;:{&quot;unit&quot;:&quot;deg&quot;,&quot;size&quot;:30,&quot;sizes&quot;:[]},&quot;_transform_rotateZ_effect&quot;:{&quot;unit&quot;:&quot;px&quot;,&quot;size&quot;:&quot;&quot;,&quot;sizes&quot;:[]},&quot;_transform_rotateZ_effect_tablet_extra&quot;:{&quot;unit&quot;:&quot;deg&quot;,&quot;size&quot;:&quot;&quot;,&quot;sizes&quot;:[]},&quot;_transform_rotateZ_effect_tablet&quot;:{&quot;unit&quot;:&quot;deg&quot;,&quot;size&quot;:&quot;&quot;,&quot;sizes&quot;:[]}}\" data-widget_type=\"image.default\">\n\t\t\t\t<div class=\"elementor-widget-container\">\n\t\t\t\t\t\t\t\t\t\t\t\t\t\t\t<img fetchpriority=\"high\" decoding=\"async\" width=\"151\" height=\"1024\" src=\"https:\/\/duramax.com\/wp-content\/uploads\/2025\/03\/DMX-UltraVISION-FLAT-CMYK-151x1024.png\" class=\"attachment-large size-large wp-image-10425\" alt=\"\" sizes=\"100vw\" \/>\t\t\t\t\t\t\t\t\t\t\t\t\t\t\t<\/div>\n\t\t\t\t<\/div>\n\t\t\t\t<\/div>\n\t\t<div class=\"elementor-element elementor-element-2e863207 e-con-full e-flex e-con e-child\" data-id=\"2e863207\" data-element_type=\"container\" data-e-type=\"container\">\n\t\t<div class=\"elementor-element elementor-element-7e3bcaaf e-con-full e-flex e-con e-child\" data-id=\"7e3bcaaf\" data-element_type=\"container\" data-e-type=\"container\" data-settings=\"{&quot;background_background&quot;:&quot;gradient&quot;}\">\n\t\t\t\t<div class=\"elementor-element elementor-element-fc985f9 elementor-widget__width-initial elementor-absolute elementor-widget elementor-widget-image\" data-id=\"fc985f9\" data-element_type=\"widget\" data-e-type=\"widget\" data-settings=\"{&quot;_position&quot;:&quot;absolute&quot;}\" data-widget_type=\"image.default\">\n\t\t\t\t<div class=\"elementor-widget-container\">\n\t\t\t\t\t\t\t\t\t\t\t\t\t\t\t<img decoding=\"async\" width=\"275\" height=\"273\" src=\"https:\/\/duramax.com\/wp-content\/uploads\/2025\/03\/made-in-usa@3x-8.png\" class=\"attachment-medium size-medium wp-image-8782\" alt=\"\" srcset=\"https:\/\/duramax.com\/wp-content\/uploads\/2025\/03\/made-in-usa@3x-8.png 275w, https:\/\/duramax.com\/wp-content\/uploads\/2025\/03\/made-in-usa@3x-8-150x150.png 150w, https:\/\/duramax.com\/wp-content\/uploads\/2025\/03\/made-in-usa@3x-8-100x100.png 100w\" sizes=\"100vw\" \/>\t\t\t\t\t\t\t\t\t\t\t\t\t\t\t<\/div>\n\t\t\t\t<\/div>\n\t\t<div class=\"elementor-element elementor-element-6ee443c9 e-con-full e-flex e-con e-child\" data-id=\"6ee443c9\" data-element_type=\"container\" data-e-type=\"container\">\n\t\t\t\t<div class=\"elementor-element elementor-element-2816b30a elementor-hidden-tablet elementor-hidden-mobile elementor-widget elementor-widget-heading\" data-id=\"2816b30a\" data-element_type=\"widget\" data-e-type=\"widget\" data-widget_type=\"heading.default\">\n\t\t\t\t<div class=\"elementor-widget-container\">\n\t\t\t\t\t<h1 class=\"elementor-heading-title elementor-size-default\">Escobillas UltraVISION<\/h1>\t\t\t\t<\/div>\n\t\t\t\t<\/div>\n\t\t\t\t<div class=\"elementor-element elementor-element-a5ec704 elementor-widget elementor-widget-heading\" data-id=\"a5ec704\" data-element_type=\"widget\" data-e-type=\"widget\" data-widget_type=\"heading.default\">\n\t\t\t\t<div class=\"elementor-widget-container\">\n\t\t\t\t\t<h3 class=\"elementor-heading-title elementor-size-default\">Tecnolog\u00eda avanzada del haz del equipo original para una visibilidad superior\n<\/h3>\t\t\t\t<\/div>\n\t\t\t\t<\/div>\n\t\t\t\t<div class=\"elementor-element elementor-element-2f1433e8 elementor-widget__width-initial elementor-widget elementor-widget-text-editor\" data-id=\"2f1433e8\" data-element_type=\"widget\" data-e-type=\"widget\" data-widget_type=\"text-editor.default\">\n\t\t\t\t<div class=\"elementor-widget-container\">\n\t\t\t\t\t\t\t\t\t<p>Experimenta un rendimiento de primera con la escobilla <b>DuraMAX UltraVISION<\/b> Plus: nuestra mejor opci\u00f3n para una protecci\u00f3n fiable de los limpiaparabrisas en todo tipo de condiciones meteorol\u00f3gicas sin arruinarte. Dise\u00f1ada con la \u00faltima tecnolog\u00eda de escobillas planas (de haz), UltraVISION Plus se est\u00e1 convirtiendo r\u00e1pidamente en el equipamiento original de serie preferido en muchos veh\u00edculos nuevos. <\/p>\t\t\t\t\t\t\t\t<\/div>\n\t\t\t\t<\/div>\n\t\t\t\t<div class=\"elementor-element elementor-element-c3c3fed elementor-widget__width-initial elementor-widget elementor-widget-text-editor\" data-id=\"c3c3fed\" data-element_type=\"widget\" data-e-type=\"widget\" data-widget_type=\"text-editor.default\">\n\t\t\t\t<div class=\"elementor-widget-container\">\n\t\t\t\t\t\t\t\t\t<p><b>\u00bfPor qu\u00e9 elegir UltraVISION Plus?<\/b><b><\/b><\/p>\t\t\t\t\t\t\t\t<\/div>\n\t\t\t\t<\/div>\n\t\t\t\t<div class=\"elementor-element elementor-element-6715fbd8 elementor-widget__width-initial elementor-widget elementor-widget-text-editor\" data-id=\"6715fbd8\" data-element_type=\"widget\" data-e-type=\"widget\" data-widget_type=\"text-editor.default\">\n\t\t\t\t<div class=\"elementor-widget-container\">\n\t\t\t\t\t\t\t\t\t<ul><li><b>Innovador dise\u00f1o sin marco:<\/b> Garantiza una visibilidad sin rayas en todas las condiciones.<\/li><li><b>Funcionamiento silencioso:<\/b> Reducci\u00f3n significativa del ruido y elevaci\u00f3n minimizada del viento para un funcionamiento suave.<\/li><li><b>Amplia compatibilidad con veh\u00edculos:<\/b> Se adapta a la mayor\u00eda de marcas y modelos, incluidas las aplicaciones de equipo original (EO).<\/li><\/ul>\t\t\t\t\t\t\t\t<\/div>\n\t\t\t\t<\/div>\n\t\t\t\t<div class=\"elementor-element elementor-element-c6c8c72 elementor-widget__width-initial elementor-widget elementor-widget-text-editor\" data-id=\"c6c8c72\" data-element_type=\"widget\" data-e-type=\"widget\" data-widget_type=\"text-editor.default\">\n\t\t\t\t<div class=\"elementor-widget-container\">\n\t\t\t\t\t\t\t\t\t<p><b>Opciones de instalaci\u00f3n vers\u00e1tiles:<\/b><b><\/b><\/p>\t\t\t\t\t\t\t\t<\/div>\n\t\t\t\t<\/div>\n\t\t\t\t<div class=\"elementor-element elementor-element-4550e4d elementor-widget__width-initial elementor-widget elementor-widget-text-editor\" data-id=\"4550e4d\" data-element_type=\"widget\" data-e-type=\"widget\" data-widget_type=\"text-editor.default\">\n\t\t\t\t<div class=\"elementor-widget-container\">\n\t\t\t\t\t\t\t\t\t<ul><li>Cubierta m\u00faltiple instalada<\/li><li>Cubierta OE3 instalada<\/li><\/ul>\t\t\t\t\t\t\t\t<\/div>\n\t\t\t\t<\/div>\n\t\t\t\t<div class=\"elementor-element elementor-element-beb05e8 elementor-widget__width-initial elementor-widget elementor-widget-text-editor\" data-id=\"beb05e8\" data-element_type=\"widget\" data-e-type=\"widget\" data-widget_type=\"text-editor.default\">\n\t\t\t\t<div class=\"elementor-widget-container\">\n\t\t\t\t\t\t\t\t\t<p>Las escobillas UltraVISION Plus vienen con adaptadores compatibles con <b>9 tipos diferentes de brazos limpiaparabrisas<\/b>, lo que garantiza un ajuste casi universal. Dos opciones de adaptador permiten una f\u00e1cil instalaci\u00f3n en casi cualquier veh\u00edculo. <\/p>\t\t\t\t\t\t\t\t<\/div>\n\t\t\t\t<\/div>\n\t\t\t\t<div class=\"elementor-element elementor-element-d12df33 elementor-widget__width-initial elementor-widget elementor-widget-text-editor\" data-id=\"d12df33\" data-element_type=\"widget\" data-e-type=\"widget\" data-widget_type=\"text-editor.default\">\n\t\t\t\t<div class=\"elementor-widget-container\">\n\t\t\t\t\t\t\t\t\t<p><b>Construido para durar:<\/b><br>Sometido a rigurosas pruebas de 200.000 y 500.000 ciclos de limpieza sin que se detectara \u00f3xido, superando a marcas de la competencia que mostraron una corrosi\u00f3n significativa.<\/p>\t\t\t\t\t\t\t\t<\/div>\n\t\t\t\t<\/div>\n\t\t\t\t<div class=\"elementor-element elementor-element-7b4961a elementor-widget__width-initial elementor-widget elementor-widget-text-editor\" data-id=\"7b4961a\" data-element_type=\"widget\" data-e-type=\"widget\" data-widget_type=\"text-editor.default\">\n\t\t\t\t<div class=\"elementor-widget-container\">\n\t\t\t\t\t\t\t\t\t<p><b>Dise\u00f1o elegante y moderno:<\/b><br>Mantiene las escobillas limpiaparabrisas discretamente fuera de la vista, a la vez que complementa la est\u00e9tica de los modelos de veh\u00edculos m\u00e1s nuevos.<\/p>\t\t\t\t\t\t\t\t<\/div>\n\t\t\t\t<\/div>\n\t\t\t\t<\/div>\n\t\t\t\t<\/div>\n\t\t\t\t<\/div>\n\t\t\t\t<\/div>\n\t\t\t\t<\/div>\n\t\t","protected":false},"featured_media":10425,"parent":8734,"menu_order":0,"template":"","meta":{"_acf_changed":false,"footnotes":""},"categories":[],"tags":[43],"class_list":["post-8732","product","type-product","status-publish","has-post-thumbnail","hentry","tag-limpiaparabrisas"],"acf":[],"yoast_head":"<!-- This site is optimized with the Yoast SEO plugin v27.0 - https:\/\/yoast.com\/product\/yoast-seo-wordpress\/ -->\n<title>Escobillas UltraVISION - DuraMAX<\/title>\n<meta name=\"robots\" content=\"index, follow, max-snippet:-1, max-image-preview:large, max-video-preview:-1\" \/>\n<link rel=\"canonical\" href=\"https:\/\/duramax.com\/es\/product\/limpiaparabrisas\/ultravision-plus\/\" \/>\n<meta property=\"og:locale\" content=\"es_ES\" \/>\n<meta property=\"og:type\" content=\"article\" \/>\n<meta property=\"og:title\" content=\"Escobillas UltraVISION - DuraMAX\" \/>\n<meta property=\"og:description\" content=\"Tecnolog\u00eda avanzada del haz del equipo original para una visibilidad superior Experimenta un rendimiento de primera con la escobilla DuraMAX UltraVISION Plus: nuestra mejor opci\u00f3n para una protecci\u00f3n fiable de los limpiaparabrisas en todo tipo de condiciones meteorol\u00f3gicas sin arruinarte. Dise\u00f1ada con la \u00faltima tecnolog\u00eda de escobillas planas (de haz), UltraVISION Plus se est\u00e1 convirtiendo &hellip; Continue reading &quot;Escobillas UltraVISION&quot;\" \/>\n<meta property=\"og:url\" content=\"https:\/\/duramax.com\/es\/product\/limpiaparabrisas\/ultravision-plus\/\" \/>\n<meta property=\"og:site_name\" content=\"DuraMAX\" \/>\n<meta property=\"article:modified_time\" content=\"2025-07-02T14:59:50+00:00\" \/>\n<meta property=\"og:image\" content=\"https:\/\/duramax.com\/wp-content\/uploads\/2025\/03\/DMX-UltraVISION-FLAT-CMYK.png\" \/>\n\t<meta property=\"og:image:width\" content=\"294\" \/>\n\t<meta property=\"og:image:height\" content=\"2000\" \/>\n\t<meta property=\"og:image:type\" content=\"image\/png\" \/>\n<meta name=\"twitter:card\" content=\"summary_large_image\" \/>\n<meta name=\"twitter:label1\" content=\"Tiempo de lectura\" \/>\n\t<meta name=\"twitter:data1\" content=\"1 minuto\" \/>\n<script type=\"application\/ld+json\" class=\"yoast-schema-graph\">{\"@context\":\"https:\/\/schema.org\",\"@graph\":[{\"@type\":\"WebPage\",\"@id\":\"https:\/\/duramax.com\/es\/product\/limpiaparabrisas\/ultravision-plus\/\",\"url\":\"https:\/\/duramax.com\/es\/product\/limpiaparabrisas\/ultravision-plus\/\",\"name\":\"Escobillas UltraVISION - DuraMAX\",\"isPartOf\":{\"@id\":\"https:\/\/duramax.com\/es\/#website\"},\"primaryImageOfPage\":{\"@id\":\"https:\/\/duramax.com\/es\/product\/limpiaparabrisas\/ultravision-plus\/#primaryimage\"},\"image\":{\"@id\":\"https:\/\/duramax.com\/es\/product\/limpiaparabrisas\/ultravision-plus\/#primaryimage\"},\"thumbnailUrl\":\"https:\/\/duramax.com\/wp-content\/uploads\/2025\/03\/DMX-UltraVISION-FLAT-CMYK.png\",\"datePublished\":\"2025-03-24T19:38:03+00:00\",\"dateModified\":\"2025-07-02T14:59:50+00:00\",\"breadcrumb\":{\"@id\":\"https:\/\/duramax.com\/es\/product\/limpiaparabrisas\/ultravision-plus\/#breadcrumb\"},\"inLanguage\":\"es\",\"potentialAction\":[{\"@type\":\"ReadAction\",\"target\":[\"https:\/\/duramax.com\/es\/product\/limpiaparabrisas\/ultravision-plus\/\"]}]},{\"@type\":\"ImageObject\",\"inLanguage\":\"es\",\"@id\":\"https:\/\/duramax.com\/es\/product\/limpiaparabrisas\/ultravision-plus\/#primaryimage\",\"url\":\"https:\/\/duramax.com\/wp-content\/uploads\/2025\/03\/DMX-UltraVISION-FLAT-CMYK.png\",\"contentUrl\":\"https:\/\/duramax.com\/wp-content\/uploads\/2025\/03\/DMX-UltraVISION-FLAT-CMYK.png\",\"width\":294,\"height\":2000},{\"@type\":\"BreadcrumbList\",\"@id\":\"https:\/\/duramax.com\/es\/product\/limpiaparabrisas\/ultravision-plus\/#breadcrumb\",\"itemListElement\":[{\"@type\":\"ListItem\",\"position\":1,\"name\":\"Home\",\"item\":\"https:\/\/duramax.com\/es\/duramax-hogar-v2\/\"},{\"@type\":\"ListItem\",\"position\":2,\"name\":\"Limpiaparabrisas\",\"item\":\"https:\/\/duramax.com\/es\/product\/limpiaparabrisas\/\"},{\"@type\":\"ListItem\",\"position\":3,\"name\":\"Escobillas UltraVISION\"}]},{\"@type\":\"WebSite\",\"@id\":\"https:\/\/duramax.com\/es\/#website\",\"url\":\"https:\/\/duramax.com\/es\/\",\"name\":\"DuraMAX\",\"description\":\"DuraMAX Liquid Armor Engine Warranty\",\"publisher\":{\"@id\":\"https:\/\/duramax.com\/es\/#organization\"},\"potentialAction\":[{\"@type\":\"SearchAction\",\"target\":{\"@type\":\"EntryPoint\",\"urlTemplate\":\"https:\/\/duramax.com\/es\/?s={search_term_string}\"},\"query-input\":{\"@type\":\"PropertyValueSpecification\",\"valueRequired\":true,\"valueName\":\"search_term_string\"}}],\"inLanguage\":\"es\"},{\"@type\":\"Organization\",\"@id\":\"https:\/\/duramax.com\/es\/#organization\",\"name\":\"DuraMAX\",\"url\":\"https:\/\/duramax.com\/es\/\",\"logo\":{\"@type\":\"ImageObject\",\"inLanguage\":\"es\",\"@id\":\"https:\/\/duramax.com\/es\/#\/schema\/logo\/image\/\",\"url\":\"https:\/\/duramax.com\/wp-content\/uploads\/2025\/03\/DuraMAX-logo.svg\",\"contentUrl\":\"https:\/\/duramax.com\/wp-content\/uploads\/2025\/03\/DuraMAX-logo.svg\",\"caption\":\"DuraMAX\"},\"image\":{\"@id\":\"https:\/\/duramax.com\/es\/#\/schema\/logo\/image\/\"}}]}<\/script>\n<!-- \/ Yoast SEO plugin. -->","yoast_head_json":{"title":"Escobillas UltraVISION - DuraMAX","robots":{"index":"index","follow":"follow","max-snippet":"max-snippet:-1","max-image-preview":"max-image-preview:large","max-video-preview":"max-video-preview:-1"},"canonical":"https:\/\/duramax.com\/es\/product\/limpiaparabrisas\/ultravision-plus\/","og_locale":"es_ES","og_type":"article","og_title":"Escobillas UltraVISION - DuraMAX","og_description":"Tecnolog\u00eda avanzada del haz del equipo original para una visibilidad superior Experimenta un rendimiento de primera con la escobilla DuraMAX UltraVISION Plus: nuestra mejor opci\u00f3n para una protecci\u00f3n fiable de los limpiaparabrisas en todo tipo de condiciones meteorol\u00f3gicas sin arruinarte. Dise\u00f1ada con la \u00faltima tecnolog\u00eda de escobillas planas (de haz), UltraVISION Plus se est\u00e1 convirtiendo &hellip; Continue reading \"Escobillas UltraVISION\"","og_url":"https:\/\/duramax.com\/es\/product\/limpiaparabrisas\/ultravision-plus\/","og_site_name":"DuraMAX","article_modified_time":"2025-07-02T14:59:50+00:00","og_image":[{"width":294,"height":2000,"url":"https:\/\/duramax.com\/wp-content\/uploads\/2025\/03\/DMX-UltraVISION-FLAT-CMYK.png","type":"image\/png"}],"twitter_card":"summary_large_image","twitter_misc":{"Tiempo de lectura":"1 minuto"},"schema":{"@context":"https:\/\/schema.org","@graph":[{"@type":"WebPage","@id":"https:\/\/duramax.com\/es\/product\/limpiaparabrisas\/ultravision-plus\/","url":"https:\/\/duramax.com\/es\/product\/limpiaparabrisas\/ultravision-plus\/","name":"Escobillas UltraVISION - DuraMAX","isPartOf":{"@id":"https:\/\/duramax.com\/es\/#website"},"primaryImageOfPage":{"@id":"https:\/\/duramax.com\/es\/product\/limpiaparabrisas\/ultravision-plus\/#primaryimage"},"image":{"@id":"https:\/\/duramax.com\/es\/product\/limpiaparabrisas\/ultravision-plus\/#primaryimage"},"thumbnailUrl":"https:\/\/duramax.com\/wp-content\/uploads\/2025\/03\/DMX-UltraVISION-FLAT-CMYK.png","datePublished":"2025-03-24T19:38:03+00:00","dateModified":"2025-07-02T14:59:50+00:00","breadcrumb":{"@id":"https:\/\/duramax.com\/es\/product\/limpiaparabrisas\/ultravision-plus\/#breadcrumb"},"inLanguage":"es","potentialAction":[{"@type":"ReadAction","target":["https:\/\/duramax.com\/es\/product\/limpiaparabrisas\/ultravision-plus\/"]}]},{"@type":"ImageObject","inLanguage":"es","@id":"https:\/\/duramax.com\/es\/product\/limpiaparabrisas\/ultravision-plus\/#primaryimage","url":"https:\/\/duramax.com\/wp-content\/uploads\/2025\/03\/DMX-UltraVISION-FLAT-CMYK.png","contentUrl":"https:\/\/duramax.com\/wp-content\/uploads\/2025\/03\/DMX-UltraVISION-FLAT-CMYK.png","width":294,"height":2000},{"@type":"BreadcrumbList","@id":"https:\/\/duramax.com\/es\/product\/limpiaparabrisas\/ultravision-plus\/#breadcrumb","itemListElement":[{"@type":"ListItem","position":1,"name":"Home","item":"https:\/\/duramax.com\/es\/duramax-hogar-v2\/"},{"@type":"ListItem","position":2,"name":"Limpiaparabrisas","item":"https:\/\/duramax.com\/es\/product\/limpiaparabrisas\/"},{"@type":"ListItem","position":3,"name":"Escobillas UltraVISION"}]},{"@type":"WebSite","@id":"https:\/\/duramax.com\/es\/#website","url":"https:\/\/duramax.com\/es\/","name":"DuraMAX","description":"DuraMAX Liquid Armor Engine Warranty","publisher":{"@id":"https:\/\/duramax.com\/es\/#organization"},"potentialAction":[{"@type":"SearchAction","target":{"@type":"EntryPoint","urlTemplate":"https:\/\/duramax.com\/es\/?s={search_term_string}"},"query-input":{"@type":"PropertyValueSpecification","valueRequired":true,"valueName":"search_term_string"}}],"inLanguage":"es"},{"@type":"Organization","@id":"https:\/\/duramax.com\/es\/#organization","name":"DuraMAX","url":"https:\/\/duramax.com\/es\/","logo":{"@type":"ImageObject","inLanguage":"es","@id":"https:\/\/duramax.com\/es\/#\/schema\/logo\/image\/","url":"https:\/\/duramax.com\/wp-content\/uploads\/2025\/03\/DuraMAX-logo.svg","contentUrl":"https:\/\/duramax.com\/wp-content\/uploads\/2025\/03\/DuraMAX-logo.svg","caption":"DuraMAX"},"image":{"@id":"https:\/\/duramax.com\/es\/#\/schema\/logo\/image\/"}}]}},"_links":{"self":[{"href":"https:\/\/duramax.com\/es\/wp-json\/wp\/v2\/product\/8732","targetHints":{"allow":["GET"]}}],"collection":[{"href":"https:\/\/duramax.com\/es\/wp-json\/wp\/v2\/product"}],"about":[{"href":"https:\/\/duramax.com\/es\/wp-json\/wp\/v2\/types\/product"}],"version-history":[{"count":5,"href":"https:\/\/duramax.com\/es\/wp-json\/wp\/v2\/product\/8732\/revisions"}],"predecessor-version":[{"id":10996,"href":"https:\/\/duramax.com\/es\/wp-json\/wp\/v2\/product\/8732\/revisions\/10996"}],"up":[{"embeddable":true,"href":"https:\/\/duramax.com\/es\/wp-json\/wp\/v2\/product\/8734"}],"wp:featuredmedia":[{"embeddable":true,"href":"https:\/\/duramax.com\/es\/wp-json\/wp\/v2\/media\/10425"}],"wp:attachment":[{"href":"https:\/\/duramax.com\/es\/wp-json\/wp\/v2\/media?parent=8732"}],"wp:term":[{"taxonomy":"category","embeddable":true,"href":"https:\/\/duramax.com\/es\/wp-json\/wp\/v2\/categories?post=8732"},{"taxonomy":"post_tag","embeddable":true,"href":"https:\/\/duramax.com\/es\/wp-json\/wp\/v2\/tags?post=8732"}],"curies":[{"name":"wp","href":"https:\/\/api.w.org\/{rel}","templated":true}]}}